{"id":58,"date":"2021-04-19T09:19:53","date_gmt":"2021-04-19T07:19:53","guid":{"rendered":"https:\/\/intrastat.statistics.sk\/Intrastat?page_id=58"},"modified":"2021-06-30T12:53:21","modified_gmt":"2021-06-30T10:53:21","slug":"zber-udajov","status":"publish","type":"page","link":"https:\/\/intrastat.statistics.sk\/Intrastat\/zber-udajov\/","title":{"rendered":"Zber \u00fadajov"},"content":{"rendered":"<section class=\"l-section wpb_row height_small\" id=\"content\"><div class=\"l-section-h i-cf\"><div class=\"g-cols vc_row via_grid cols_1 laptops-cols_inherit tablets-cols_inherit mobiles-cols_1 valign_top type_default stacking_default\"><div class=\"wpb_column vc_column_container\"><div class=\"vc_column-inner\"><div class=\"wpb_text_column\"><div class=\"wpb_wrapper\"><h2>Zber \u00fadajov<\/h2>\n<\/div><\/div><\/div><\/div><\/div><\/div><\/section><section class=\"l-section wpb_row height_small\"><div class=\"l-section-h i-cf\"><div class=\"g-cols vc_row via_grid cols_2-1 laptops-cols_inherit tablets-cols_inherit mobiles-cols_1 valign_top type_default stacking_default\"><div class=\"wpb_column vc_column_container\"><div class=\"vc_column-inner\"><div class=\"g-cols wpb_row us_custom_b682140e via_grid cols_1 laptops-cols_inherit tablets-cols_inherit mobiles-cols_1 valign_top type_default stacking_default\"><div class=\"wpb_column vc_column_container\"><div class=\"vc_column-inner\"><div class=\"wpb_text_column\"><div class=\"wpb_wrapper\"><p>Pod\u013ea \u00a7 25a ods. 2 z\u00e1kon \u010d. 540\/2001 Z. z. o \u0161t\u00e1tnej \u0161tatistike je mo\u017en\u00e9 hl\u00e1senia INTRASTAT-SK predlo\u017ei\u0165 iba v\u00a0elektronickej podobe. Ke\u010f\u017ee in\u00fa mo\u017enos\u0165 pre tieto \u0161tatistick\u00e9 zis\u0165ovania z\u00e1kon nepozn\u00e1, je\u00a0<strong>elektronick\u00e1 podoba hl\u00e1sen\u00ed INTRASTAT-SK pova\u017eovan\u00e1 za jedin\u00fd mo\u017en\u00fd sp\u00f4sob splnenia spravodajskej povinnosti<\/strong> pri vykazovan\u00ed obchodu s tovarom medzi \u010dlensk\u00fdmi \u0161t\u00e1tmi E\u00da.<\/p>\n<p>Za <strong>elektronick\u00e9 podanie hl\u00e1senia<\/strong> je pova\u017eovan\u00e9 zaslanie \u00fadajov <strong>vo forme XML spr\u00e1vy so stanovenou \u0161trukt\u00farou vety<\/strong>.<\/p>\n<p>Na vytvorenie a zaslanie tak\u00e9hoto elektronick\u00e9ho dokumentu (XML spr\u00e1vy) m\u00f4\u017eete pou\u017ei\u0165 softv\u00e9rov\u00fa aplik\u00e1ciu <strong>Intrastat-CS<\/strong> alebo <strong>vytvori\u0165 hl\u00e1senie priamo na str\u00e1nke<\/strong> <a href=\"https:\/\/intrastat.financnasprava.sk\">Finan\u010dn\u00e9ho riadite\u013estva SR\u00a0<i class=\"far fa-angle-double-right\"><\/i><\/a>\u00a0 cez vo\u013ebu Vytvori\u0165 hl\u00e1senie. Postup pre ich pou\u017eitie n\u00e1jdete v Zber \u00fadajov\/Formul\u00e1r Intrastat WEBFORM a Zber \u00fadajov\/Aplik\u00e1cia Intrastat-CS. Tak aplik\u00e1cia Intrastat-CS, ako aj WEBFORM s\u00fa bezplatn\u00e9 a existuje k nim u\u017e\u00edvate\u013esk\u00e1 podpora.<\/p>\n<p>Na zabezpe\u010den\u00e9 pripojenie k port\u00e1lu Finan\u010dn\u00e9ho riadite\u013estva SR s\u00fa potrebn\u00e9 prihlasovacie \u00fadaje, ktor\u00e9 generuje Coln\u00e1 sekcia Finan\u010dn\u00e9ho riadite\u013estva SR. Prvotn\u00e9 prihlasovacie \u00fadaje zasiela spravodajsk\u00fdm jednotk\u00e1m \u0160tatistick\u00fd \u00farad SR. V\u00a0pr\u00edpade probl\u00e9mov s\u00a0pou\u017eit\u00edm alebo straty prihlasovac\u00edch \u00fadajov kontaktujte Konzulta\u010dn\u00e9 pracovisko Finan\u010dn\u00e9ho riadite\u013estva SR <a href=\"mailto:%20helpdesk.intrastat@financnasprava.sk\">(helpdesk.intrastat@financnasprava.sk)<\/a>.<\/p>\n<\/div><\/div><div class=\"wpb_text_column\"><div class=\"wpb_wrapper\"><h3>Technick\u00e9 prostriedky pre podanie elektronick\u00e9ho hl\u00e1senia<\/h3>\n<\/div><\/div><div class=\"wpb_text_column\"><div class=\"wpb_wrapper\"><h4><strong>Softv\u00e9rov\u00e1 aplik\u00e1cia <\/strong><strong>Intrastat-CS<\/strong><\/h4>\n<p><a href=\"https:\/\/intrastat.financnasprava.sk\/index.php?page=soft\">Softv\u00e9rov\u00e1 aplik\u00e1cia Intrastat-CS <i class=\"far fa-angle-double-right\"><\/i><\/a> m\u00e1 okrem z\u00e1kladnej funkcionality (vytvorenie hl\u00e1senia, jeho transform\u00e1cia do form\u00e1tu XML a odoslanie prostredn\u00edctvom pripojenia na port\u00e1l Finan\u010dn\u00e9ho riadite\u013estva SR), aj \u010fal\u0161ie mo\u017enosti, ako je archivovanie hl\u00e1sen\u00ed, vytv\u00e1ranie vzorov hl\u00e1sen\u00ed, vzorov polo\u017eiek, vytvorenie lok\u00e1lneho coln\u00e9ho sadzobn\u00edka, aktualizovanie pou\u017eit\u00fdch kurzov na zmenu meny, aktualiz\u00e1ciu \u010d\u00edseln\u00edkov at\u010f. Ak pou\u017e\u00edvate vlastn\u00fd softv\u00e9r na vytvorenie hl\u00e1senia, mus\u00edte zachova\u0165 predp\u00edsan\u00fd XML form\u00e1t. Spr\u00e1vnos\u0165 vytvoren\u00e9ho hl\u00e1senia v\u00a0tvare XML spr\u00e1vy si m\u00f4\u017eete overi\u0165 v\u00a0aplik\u00e1cii Intrastat-CS.<\/p>\n<\/div><\/div><div class=\"wpb_text_column\"><div class=\"wpb_wrapper\"><h4>Webov\u00fd formul\u00e1r &#8211; Intrastat WEBFORM<\/h4>\n<p><a href=\"https:\/\/intrastat.financnasprava.sk\/\">Webov\u00fd formul\u00e1r <i class=\"far fa-angle-double-right\"><\/i><\/a> Finan\u010dn\u00e9ho riadite\u013estva SR je vhodnej\u0161ie pou\u017ei\u0165 pre hl\u00e1senia s\u00a0men\u0161\u00edm po\u010dtom polo\u017eiek (riadkov). Webov\u00fd formul\u00e1r z\u00e1rove\u0148 umo\u017e\u0148uje aj import polo\u017eiek z form\u00e1tu CSV.<\/p>\n<\/div><\/div><div class=\"wpb_text_column\"><div class=\"wpb_wrapper\"><h4>In\u00e9 komer\u010dne distribuovan\u00e9 a vlastn\u00e9 programy<\/h4>\n<p>Pre vytvorenie hl\u00e1sen\u00ed INTRASTAT-SK je mo\u017en\u00e9 pou\u017ei\u0165 aj\u00a0komer\u010dne distribuovan\u00e9 programy alebo programy, ktor\u00e9 si ako spravodajsk\u00e1 jednotka vytvor\u00edte sami. \u0160tatistick\u00fd \u00farad SR v\u0161ak neautorizuje ani neposudzuje tieto programov\u00e9 prostriedky. Je vo va\u0161ej kompetencii, resp. na va\u0161om uv\u00e1\u017een\u00ed, pre ktor\u00fd programov\u00fd produkt sa rozhodnete. Pre prenos (podanie) takto vytvoren\u00fdch hl\u00e1sen\u00ed je potrebn\u00e9, aby veta mala stanoven\u00fa \u0161trukt\u00faru a <a href=\"https:\/\/intrastat.financnasprava.sk\/index.php?page=xml\">XML form\u00e1t <i class=\"far fa-angle-double-right\"><\/i><\/a>.<\/p>\n<\/div><\/div><\/div><\/div><\/div><\/div><\/div><div class=\"wpb_column vc_column_container us_custom_243ec60c sidebar-column type_sticky\"><div class=\"vc_column-inner\"><div class=\"g-cols wpb_row us_custom_d4073570 via_grid cols_1 laptops-cols_inherit tablets-cols_inherit mobiles-cols_1 valign_top type_default stacking_default\"><div class=\"wpb_column vc_column_container us_custom_b6a72ce1\"><div class=\"vc_column-inner\"><div class=\"wpb_text_column us_custom_5f3f91d4 sidebar\"><div class=\"wpb_wrapper\"><h3>Ako m\u00f4\u017eem poda\u0165 elektronick\u00e9 hl\u00e1senie?<\/h3>\n<ol class=\"sidebar-list\">\n<li><a href=\"https:\/\/intrastat.financnasprava.sk\/index.php?page=soft\">Softv\u00e9rov\u00e1 aplik\u00e1cia Intrastat-CS\u00a0<i class=\"far fa-angle-double-right\"><\/i><\/a><\/li>\n<li><a href=\"https:\/\/intrastat.financnasprava.sk\/\">Webov\u00fd formul\u00e1r Intrastat WEBFORM\u00a0<i class=\"far fa-angle-double-right\"><\/i><\/a> (z\u00e1lo\u017eka &#8222;Vytvori\u0165 hl\u00e1senie&#8220; je dostupn\u00e1 po prihl\u00e1sen\u00ed)<\/li>\n<li>In\u00e9 komer\u010dne distribuovan\u00e9 a vlastn\u00e9 programy (pri zachovan\u00ed stanovenej \u0161trukt\u00fary vety XML spr\u00e1vy)<\/li>\n<\/ol>\n<\/div><\/div><\/div><\/div><\/div><\/div><\/div><\/div><\/div><\/section>\n","protected":false},"excerpt":{"rendered":"Zber \u00fadajov Pod\u013ea \u00a7 25a ods. 2 z\u00e1kon \u010d. 540\/2001 Z. z. o \u0161t\u00e1tnej \u0161tatistike je mo\u017en\u00e9 hl\u00e1senia INTRASTAT-SK predlo\u017ei\u0165 iba v\u00a0elektronickej podobe. Ke\u010f\u017ee in\u00fa mo\u017enos\u0165 pre tieto \u0161tatistick\u00e9 zis\u0165ovania z\u00e1kon nepozn\u00e1, je\u00a0elektronick\u00e1 podoba hl\u00e1sen\u00ed INTRASTAT-SK pova\u017eovan\u00e1 za jedin\u00fd mo\u017en\u00fd sp\u00f4sob splnenia spravodajskej povinnosti pri vykazovan\u00ed obchodu s tovarom medzi \u010dlensk\u00fdmi \u0161t\u00e1tmi E\u00da. Za elektronick\u00e9...","protected":false},"author":6,"featured_media":0,"parent":0,"menu_order":0,"comment_status":"closed","ping_status":"closed","template":"","meta":{"om_disable_all_campaigns":false,"_exactmetrics_skip_tracking":false,"_exactmetrics_sitenote_active":false,"_exactmetrics_sitenote_note":"","_exactmetrics_sitenote_category":0,"_uf_show_specific_survey":0,"_uf_disable_surveys":false,"footnotes":""},"class_list":["post-58","page","type-page","status-publish","hentry"],"aioseo_notices":[],"_links":{"self":[{"href":"https:\/\/intrastat.statistics.sk\/Intrastat\/wp-json\/wp\/v2\/pages\/58","targetHints":{"allow":["GET"]}}],"collection":[{"href":"https:\/\/intrastat.statistics.sk\/Intrastat\/wp-json\/wp\/v2\/pages"}],"about":[{"href":"https:\/\/intrastat.statistics.sk\/Intrastat\/wp-json\/wp\/v2\/types\/page"}],"author":[{"embeddable":true,"href":"https:\/\/intrastat.statistics.sk\/Intrastat\/wp-json\/wp\/v2\/users\/6"}],"replies":[{"embeddable":true,"href":"https:\/\/intrastat.statistics.sk\/Intrastat\/wp-json\/wp\/v2\/comments?post=58"}],"version-history":[{"count":44,"href":"https:\/\/intrastat.statistics.sk\/Intrastat\/wp-json\/wp\/v2\/pages\/58\/revisions"}],"predecessor-version":[{"id":1148,"href":"https:\/\/intrastat.statistics.sk\/Intrastat\/wp-json\/wp\/v2\/pages\/58\/revisions\/1148"}],"wp:attachment":[{"href":"https:\/\/intrastat.statistics.sk\/Intrastat\/wp-json\/wp\/v2\/media?parent=58"}],"curies":[{"name":"wp","href":"https:\/\/api.w.org\/{rel}","templated":true}]}}