{"id":246,"date":"2021-05-03T13:09:36","date_gmt":"2021-05-03T11:09:36","guid":{"rendered":"https:\/\/intrastat.statistics.sk\/Intrastat\/?page_id=246"},"modified":"2021-06-22T06:52:44","modified_gmt":"2021-06-22T04:52:44","slug":"obsahovy-a-technicky-spravca","status":"publish","type":"page","link":"https:\/\/intrastat.statistics.sk\/Intrastat\/obsahovy-a-technicky-spravca\/","title":{"rendered":"Obsahov\u00fd a technick\u00fd spr\u00e1vca"},"content":{"rendered":"<section class=\"l-section wpb_row height_small\"><div class=\"l-section-h i-cf\"><div class=\"g-cols vc_row via_grid cols_1 laptops-cols_inherit tablets-cols_inherit mobiles-cols_1 valign_top type_default stacking_default\"><div class=\"wpb_column vc_column_container\"><div class=\"vc_column-inner\"><div class=\"wpb_text_column\"><div class=\"wpb_wrapper\"><h2>Obsahov\u00fd a technick\u00fd spr\u00e1vca<\/h2>\n<\/div><\/div><\/div><\/div><\/div><\/div><\/section><section class=\"l-section wpb_row height_small\"><div class=\"l-section-h i-cf\"><div class=\"g-cols vc_row via_grid cols_1 laptops-cols_inherit tablets-cols_inherit mobiles-cols_1 valign_top type_default stacking_default\"><div class=\"wpb_column vc_column_container\"><div class=\"vc_column-inner\"><div class=\"wpb_text_column\"><div class=\"wpb_wrapper\"><p>Spr\u00e1vcom obsahu a technick\u00fdm prev\u00e1dzkovate\u013eom webovej str\u00e1nky je \u0160tatistick\u00fd \u00farad Slovenskej republiky.<\/p>\n<p>V pr\u00edpade ot\u00e1zok oh\u013eadom obsahu webovej str\u00e1nky kontaktujte <strong>spr\u00e1vcu obsahu<\/strong> na e-mailovej adrese:<br \/>\n<a href=\"mailto:intrastat-sk@statistics.sk\">intrastat-sk@statistics.sk<\/a>.<\/p>\n<p>V pr\u00edpade ot\u00e1zok oh\u013eadom pr\u00edstupnosti webovej str\u00e1nky kontaktujte <strong>technick\u00fa podporu<\/strong> na e-mailovej adrese:<br \/>\n<a href=\"mailto:portal@statistics.sk\">portal@statistics.sk<\/a>.<\/p>\n<\/div><\/div><\/div><\/div><\/div><\/div><\/section>\n","protected":false},"excerpt":{"rendered":"Obsahov\u00fd a technick\u00fd spr\u00e1vca Spr\u00e1vcom obsahu a technick\u00fdm prev\u00e1dzkovate\u013eom webovej str\u00e1nky je \u0160tatistick\u00fd \u00farad Slovenskej republiky. V pr\u00edpade ot\u00e1zok oh\u013eadom obsahu webovej str\u00e1nky kontaktujte spr\u00e1vcu obsahu na e-mailovej adrese: intrastat-sk@statistics.sk. V pr\u00edpade ot\u00e1zok oh\u013eadom pr\u00edstupnosti webovej str\u00e1nky kontaktujte technick\u00fa podporu na e-mailovej adrese: portal@statistics.sk.","protected":false},"author":6,"featured_media":0,"parent":0,"menu_order":0,"comment_status":"closed","ping_status":"closed","template":"","meta":{"om_disable_all_campaigns":false,"_exactmetrics_skip_tracking":false,"_exactmetrics_sitenote_active":false,"_exactmetrics_sitenote_note":"","_exactmetrics_sitenote_category":0,"_uf_show_specific_survey":0,"_uf_disable_surveys":false,"footnotes":""},"class_list":["post-246","page","type-page","status-publish","hentry"],"aioseo_notices":[],"_links":{"self":[{"href":"https:\/\/intrastat.statistics.sk\/Intrastat\/wp-json\/wp\/v2\/pages\/246","targetHints":{"allow":["GET"]}}],"collection":[{"href":"https:\/\/intrastat.statistics.sk\/Intrastat\/wp-json\/wp\/v2\/pages"}],"about":[{"href":"https:\/\/intrastat.statistics.sk\/Intrastat\/wp-json\/wp\/v2\/types\/page"}],"author":[{"embeddable":true,"href":"https:\/\/intrastat.statistics.sk\/Intrastat\/wp-json\/wp\/v2\/users\/6"}],"replies":[{"embeddable":true,"href":"https:\/\/intrastat.statistics.sk\/Intrastat\/wp-json\/wp\/v2\/comments?post=246"}],"version-history":[{"count":8,"href":"https:\/\/intrastat.statistics.sk\/Intrastat\/wp-json\/wp\/v2\/pages\/246\/revisions"}],"predecessor-version":[{"id":741,"href":"https:\/\/intrastat.statistics.sk\/Intrastat\/wp-json\/wp\/v2\/pages\/246\/revisions\/741"}],"wp:attachment":[{"href":"https:\/\/intrastat.statistics.sk\/Intrastat\/wp-json\/wp\/v2\/media?parent=246"}],"curies":[{"name":"wp","href":"https:\/\/api.w.org\/{rel}","templated":true}]}}