{"id":242,"date":"2021-05-03T12:23:57","date_gmt":"2021-05-03T10:23:57","guid":{"rendered":"https:\/\/intrastat.statistics.sk\/Intrastat\/?page_id=242"},"modified":"2025-03-06T11:04:15","modified_gmt":"2025-03-06T10:04:15","slug":"formular-intrastat-webform","status":"publish","type":"page","link":"https:\/\/intrastat.statistics.sk\/Intrastat\/formular-intrastat-webform\/","title":{"rendered":"Formul\u00e1r Intrastat WEBFORM"},"content":{"rendered":"<section class=\"l-section wpb_row height_small\" id=\"content\"><div class=\"l-section-h i-cf\"><div class=\"g-cols vc_row via_grid cols_1 laptops-cols_inherit tablets-cols_inherit mobiles-cols_1 valign_top type_default stacking_default\"><div class=\"wpb_column vc_column_container\"><div class=\"vc_column-inner\"><div class=\"wpb_text_column\"><div class=\"wpb_wrapper\"><h2>Formul\u00e1r Intrastat WEBFORM<\/h2>\n<\/div><\/div><\/div><\/div><\/div><\/div><\/section><section class=\"l-section wpb_row height_small\"><div class=\"l-section-h i-cf\"><div class=\"g-cols vc_row via_grid cols_2-1 laptops-cols_inherit tablets-cols_inherit mobiles-cols_1 valign_top type_default reversed stacking_default\"><div class=\"wpb_column vc_column_container\"><div class=\"vc_column-inner\"><div class=\"g-cols wpb_row us_custom_1680fb62 via_grid cols_1 laptops-cols_inherit tablets-cols_inherit mobiles-cols_1 valign_top type_default stacking_default\"><div class=\"wpb_column vc_column_container\"><div class=\"vc_column-inner\"><div class=\"wpb_text_column first-h\"><div class=\"wpb_wrapper\"><h3>Vytvorenie a podanie hl\u00e1senia cez internetov\u00fd prehliada\u010d (on-line)<\/h3>\n<p>Vytvori\u0165 elektronick\u00e9 hl\u00e1senie mo\u017eno priamo na str\u00e1nke <a href=\"https:\/\/intrastat.financnasprava.sk\/\">https:\/\/intrastat.financnasprava.sk\/\u00a0<i class=\"far fa-angle-double-right\"><\/i><\/a>.<\/p>\n<\/div><\/div><div class=\"wpb_text_column\" id=\"section1\"><div class=\"wpb_wrapper\"><h4>Prihl\u00e1senie<\/h4>\n<p>Pou\u017ei\u0165 zaslan\u00e9 \u00a0prihlasovacie \u00fadaje (Meno a\u00a0Heslo).<\/p>\n<\/div><\/div><div class=\"w-image us_custom_2fa3edf2 align_none meta_simple us_animate_fade\" style=\"animation-delay:0.2s\"><a href=\"https:\/\/intrastat.statistics.sk\/Intrastat\/wp-content\/uploads\/2021\/06\/1-webform.jpg\" ref=\"magnificPopup\" aria-label=\"1-webform\" class=\"w-image-h\"><img loading=\"lazy\" decoding=\"async\" width=\"1024\" height=\"683\" src=\"https:\/\/intrastat.statistics.sk\/Intrastat\/wp-content\/uploads\/2021\/06\/1-webform-1024x683.jpg\" class=\"attachment-large size-large\" alt=\"Obr. 1: Prihl\u00e1senie\" srcset=\"https:\/\/intrastat.statistics.sk\/Intrastat\/wp-content\/uploads\/2021\/06\/1-webform-1024x683.jpg 1024w, https:\/\/intrastat.statistics.sk\/Intrastat\/wp-content\/uploads\/2021\/06\/1-webform-300x200.jpg 300w, https:\/\/intrastat.statistics.sk\/Intrastat\/wp-content\/uploads\/2021\/06\/1-webform.jpg 1800w\" sizes=\"auto, (max-width: 1024px) 100vw, 1024px\" \/><\/a><div class=\"w-image-meta\"><div class=\"w-image-title\">1-webform<\/div><\/div><\/div><div class=\"wpb_text_column\" id=\"section2\"><div class=\"wpb_wrapper\"><h4>Vytvorenie hl\u00e1senia<\/h4>\n<p>V\u00fdber z\u00e1lo\u017eky\u00a0 \u201e<strong>Vytvori\u0165 hl\u00e1senie<\/strong>\u201c.<\/p>\n<p>V <strong>kroku 1<\/strong> ozna\u010di\u0165 vytv\u00e1ranie hl\u00e1senia o dovoze alebo v\u00fdvoze tovaru.<\/p>\n<\/div><\/div><div class=\"w-image us_custom_5c52e87f align_none meta_simple us_animate_fade\" style=\"animation-delay:0.2s\"><a href=\"https:\/\/intrastat.statistics.sk\/Intrastat\/wp-content\/uploads\/2021\/06\/2-webform.jpg\" ref=\"magnificPopup\" aria-label=\"2-webform\" class=\"w-image-h\"><img loading=\"lazy\" decoding=\"async\" width=\"1024\" height=\"683\" src=\"https:\/\/intrastat.statistics.sk\/Intrastat\/wp-content\/uploads\/2021\/06\/2-webform-1024x683.jpg\" class=\"attachment-large size-large\" alt=\"Obr. 2: Vytvorenie hl\u00e1senia\" srcset=\"https:\/\/intrastat.statistics.sk\/Intrastat\/wp-content\/uploads\/2021\/06\/2-webform-1024x683.jpg 1024w, https:\/\/intrastat.statistics.sk\/Intrastat\/wp-content\/uploads\/2021\/06\/2-webform-300x200.jpg 300w, https:\/\/intrastat.statistics.sk\/Intrastat\/wp-content\/uploads\/2021\/06\/2-webform.jpg 1800w\" sizes=\"auto, (max-width: 1024px) 100vw, 1024px\" \/><\/a><div class=\"w-image-meta\"><div class=\"w-image-title\">2-webform<\/div><\/div><\/div><div class=\"wpb_text_column\"><div class=\"wpb_wrapper\"><p>V <strong>kroku 2<\/strong> vybra\u0165 si, \u010di vytv\u00e1ram hl\u00e1senie riadne alebo opravn\u00e9.<\/p>\n<p>V <strong>kroku 3<\/strong> zvoli\u0165 druh hl\u00e1senia, \u00fapln\u00e9 alebo nulov\u00e9.<\/p>\n<p>V <strong>kroku 4<\/strong> je u\u017e predvyplnen\u00e9: I\u010c DPH, n\u00e1zov, ulica, PS\u010c, obec.<\/p>\n<p>Doplni\u0165 \u010d\u00edslo organiza\u010dnej jednotky vo forme \u201e000\u201c, ak predklad\u00e1te hl\u00e1senie za cel\u00fa spolo\u010dnos\u0165. Ak m\u00e1te organiza\u010dn\u00e9 jednotky, ktor\u00e9 predkladaj\u00fa hl\u00e1senia samostatne, vypln\u00ed sa v tomto odseku konkr\u00e9tne \u010d\u00edslo organiza\u010dnej jednotky, ktor\u00e9 V\u00e1m bolo pridelen\u00e9.<\/p>\n<p>V <strong>kroku 5<\/strong> Z\u00e1stupca (zaklikn\u00fa\u0165, ak spravodajsk\u00e1 jednotka poverila z\u00e1stupcu na pod\u00e1vanie Intrastat hl\u00e1sen\u00ed).<\/p>\n<p>Vyplni\u0165 I\u010c DPH (ak je z\u00e1stupca registrovan\u00fd na \u00fa\u010dely DPH), n\u00e1zov, ulica, PS\u010c, obec.<\/p>\n<p>V <strong>kroku 6<\/strong> vyplni\u0165 Meno a priezvisko, adresu, telef\u00f3nne \u010d\u00edslo, email (kto hl\u00e1senie zostavil).<\/p>\n<p>V <strong>kroku 7<\/strong> vyplni\u0165:<\/p>\n<ul>\n<li>Obdobie: mesiac MM (napr. 01, 02, \u202611, 12) a rok RRRR (napr. 2021);<\/li>\n<li>Po\u010det polo\u017eiek (uvies\u0165 celkov\u00fd po\u010det polo\u017eiek, ktor\u00e9 bud\u00fa vyplnen\u00e9 v hl\u00e1sen\u00ed);<\/li>\n<li>Poradov\u00e9 \u010d\u00edslo hl\u00e1senia (ka\u017ed\u00fd mesiac za\u010d\u00edna\u0165 s \u010d\u00edslicou 1);<\/li>\n<li>Popis hl\u00e1senia (inform\u00e1cia pre V\u00e1s &#8211; nepovinn\u00fd \u00fadaj).<\/li>\n<\/ul>\n<p>V <strong>kroku 8<\/strong> vyplni\u0165 v\u0161etky uveden\u00e9 polia. Po ich vyplnen\u00ed stla\u010di\u0165 <strong>\u201ePrida\u0165 polo\u017eku\u201c<\/strong>. Pokra\u010dova\u0165 vo vyp\u013a\u0148an\u00ed \u010fal\u0161\u00edch polo\u017eiek. Po vyp\u00edsan\u00ed ka\u017edej polo\u017eky, vr\u00e1tane poslednej, stla\u010di\u0165 \u201ePrida\u0165 polo\u017eku\u201c. Vyplnen\u00e9 polo\u017eky sa zobrazuj\u00fa v\u00a0dolnej \u010dasti obrazovky.<\/p>\n<\/div><\/div><div class=\"w-image us_custom_5c52e87f align_none meta_simple us_animate_fade\" style=\"animation-delay:0.2s\"><a href=\"https:\/\/intrastat.statistics.sk\/Intrastat\/wp-content\/uploads\/2021\/06\/3-webform.jpg\" ref=\"magnificPopup\" aria-label=\"3-webform\" class=\"w-image-h\"><img loading=\"lazy\" decoding=\"async\" width=\"1024\" height=\"683\" src=\"https:\/\/intrastat.statistics.sk\/Intrastat\/wp-content\/uploads\/2021\/06\/3-webform-1024x683.jpg\" class=\"attachment-large size-large\" alt=\"Obr. 3: Pridanie polo\u017eky\" srcset=\"https:\/\/intrastat.statistics.sk\/Intrastat\/wp-content\/uploads\/2021\/06\/3-webform-1024x683.jpg 1024w, https:\/\/intrastat.statistics.sk\/Intrastat\/wp-content\/uploads\/2021\/06\/3-webform-300x200.jpg 300w, https:\/\/intrastat.statistics.sk\/Intrastat\/wp-content\/uploads\/2021\/06\/3-webform.jpg 1800w\" sizes=\"auto, (max-width: 1024px) 100vw, 1024px\" \/><\/a><div class=\"w-image-meta\"><div class=\"w-image-title\">3-webform<\/div><\/div><\/div><div class=\"wpb_text_column\"><div class=\"wpb_wrapper\"><p>Po vyplnen\u00ed v\u0161etk\u00fdch polo\u017eiek, vytv\u00e1ranie hl\u00e1senia ukon\u010di\u0165 stla\u010den\u00edm tla\u010didla <img loading=\"lazy\" decoding=\"async\" class=\"alignnone size-full wp-image-866\" src=\"https:\/\/intrastat.statistics.sk\/Intrastat\/wp-content\/uploads\/2021\/06\/tlacidlo.png\" alt=\"Potvrdi\u0165 (tla\u010didlo m\u00e1 tvar za\u0161krt\u00e1vacieho pol\u00ed\u010dka)\" width=\"25\" height=\"24\" \/>.<\/p>\n<\/div><\/div><div class=\"w-image us_custom_5c52e87f align_none meta_simple us_animate_fade\" style=\"animation-delay:0.2s\"><a href=\"https:\/\/intrastat.statistics.sk\/Intrastat\/wp-content\/uploads\/2021\/06\/4-webform.jpg\" ref=\"magnificPopup\" aria-label=\"4-webform\" class=\"w-image-h\"><img loading=\"lazy\" decoding=\"async\" width=\"1024\" height=\"758\" src=\"https:\/\/intrastat.statistics.sk\/Intrastat\/wp-content\/uploads\/2021\/06\/4-webform-1024x758.jpg\" class=\"attachment-large size-large\" alt=\"Obr. 4: Ulo\u017eenie hl\u00e1senia\" srcset=\"https:\/\/intrastat.statistics.sk\/Intrastat\/wp-content\/uploads\/2021\/06\/4-webform-1024x758.jpg 1024w, https:\/\/intrastat.statistics.sk\/Intrastat\/wp-content\/uploads\/2021\/06\/4-webform-300x222.jpg 300w, https:\/\/intrastat.statistics.sk\/Intrastat\/wp-content\/uploads\/2021\/06\/4-webform.jpg 1800w\" sizes=\"auto, (max-width: 1024px) 100vw, 1024px\" \/><\/a><div class=\"w-image-meta\"><div class=\"w-image-title\">4-webform<\/div><\/div><\/div><div class=\"wpb_text_column\"><div class=\"wpb_wrapper\"><p>Po \u00faspe\u0161nom vygenerovan\u00ed XML spr\u00e1vy sa zobraz\u00ed oznam Hl\u00e1senie bolo vytvoren\u00e9, XML spr\u00e1va vygenerovan\u00e1 a prijat\u00e1 na \u010fal\u0161ie spracovanie.<\/p>\n<p>Pri vytv\u00e1ran\u00ed hl\u00e1senia mo\u017eno kedyko\u013evek urobi\u0165 opravu v\u00a0hl\u00e1sen\u00ed, pokia\u013e e\u0161te nebolo odoslan\u00e9 (opravi\u0165 alebo zmaza\u0165 polo\u017eku).<\/p>\n<\/div><\/div><div class=\"w-image us_custom_5c52e87f align_none meta_simple us_animate_fade\" style=\"animation-delay:0.2s\"><a href=\"https:\/\/intrastat.statistics.sk\/Intrastat\/wp-content\/uploads\/2021\/06\/5-webform.jpg\" ref=\"magnificPopup\" aria-label=\"5-webform\" class=\"w-image-h\"><img loading=\"lazy\" decoding=\"async\" width=\"1024\" height=\"758\" src=\"https:\/\/intrastat.statistics.sk\/Intrastat\/wp-content\/uploads\/2021\/06\/5-webform-1024x758.jpg\" class=\"attachment-large size-large\" alt=\"Obr. 5: Oprava \u00fadaju ulo\u017eenej polo\u017eky\" srcset=\"https:\/\/intrastat.statistics.sk\/Intrastat\/wp-content\/uploads\/2021\/06\/5-webform-1024x758.jpg 1024w, https:\/\/intrastat.statistics.sk\/Intrastat\/wp-content\/uploads\/2021\/06\/5-webform-300x222.jpg 300w, https:\/\/intrastat.statistics.sk\/Intrastat\/wp-content\/uploads\/2021\/06\/5-webform.jpg 1800w\" sizes=\"auto, (max-width: 1024px) 100vw, 1024px\" \/><\/a><div class=\"w-image-meta\"><div class=\"w-image-title\">5-webform<\/div><\/div><\/div><div class=\"wpb_text_column\"><div class=\"wpb_wrapper\"><p>V pr\u00edpade, \u017ee bol zadan\u00fd nespr\u00e1vny celkov\u00fd po\u010det polo\u017eiek alebo nespr\u00e1vne obdobie v roku, je mo\u017en\u00e9 tieto \u00fadaje opravi\u0165 cez ponuku <strong>\u201eOpravi\u0165 hlavi\u010dku\u201c<\/strong>.<\/p>\n<\/div><\/div><div class=\"w-image us_custom_2fa3edf2 align_none meta_simple us_animate_fade\" style=\"animation-delay:0.2s\"><a href=\"https:\/\/intrastat.statistics.sk\/Intrastat\/wp-content\/uploads\/2021\/06\/6-webform.jpg\" ref=\"magnificPopup\" aria-label=\"6-webform\" class=\"w-image-h\"><img loading=\"lazy\" decoding=\"async\" width=\"1024\" height=\"758\" src=\"https:\/\/intrastat.statistics.sk\/Intrastat\/wp-content\/uploads\/2021\/06\/6-webform-1024x758.jpg\" class=\"attachment-large size-large\" alt=\"Obr. 6: Oprava \u00fadajov v hlavi\u010dke\" srcset=\"https:\/\/intrastat.statistics.sk\/Intrastat\/wp-content\/uploads\/2021\/06\/6-webform-1024x758.jpg 1024w, https:\/\/intrastat.statistics.sk\/Intrastat\/wp-content\/uploads\/2021\/06\/6-webform-300x222.jpg 300w, https:\/\/intrastat.statistics.sk\/Intrastat\/wp-content\/uploads\/2021\/06\/6-webform.jpg 1800w\" sizes=\"auto, (max-width: 1024px) 100vw, 1024px\" \/><\/a><div class=\"w-image-meta\"><div class=\"w-image-title\">6-webform<\/div><\/div><\/div><div class=\"wpb_text_column\" id=\"section3\"><div class=\"wpb_wrapper\"><h4>Kontrola podan\u00e9ho hl\u00e1senia<\/h4>\n<p>V\u00fdber z\u00e1lo\u017eky <strong>\u201eV\u00fdpis o\u00a0doru\u010den\u00ed\u201c<\/strong>.<\/p>\n<p>Po podan\u00ed hl\u00e1senia, skontrolujte jeho stav.<\/p>\n<p>Hl\u00e1senie je Odoslan\u00e9\/Prijat\u00e9\/Schv\u00e1len\u00e9 alebo Chybn\u00e9 (v Detaile je chybov\u00e1 hl\u00e1\u0161ka).<\/p>\n<p>Po zisten\u00ed nespr\u00e1vne zadan\u00e9ho \u00fadaju u\u017e v\u00a0schv\u00e1lenom hl\u00e1sen\u00ed, s\u00fa dve mo\u017enosti: posla\u0165 opravn\u00e9 hl\u00e1senie, alebo ru\u0161iace hl\u00e1senie.<\/p>\n<\/div><\/div><div class=\"w-image us_custom_2fa3edf2 align_none meta_simple us_animate_fade\" style=\"animation-delay:0.2s\"><a href=\"https:\/\/intrastat.statistics.sk\/Intrastat\/wp-content\/uploads\/2021\/06\/7-webform.jpg\" ref=\"magnificPopup\" aria-label=\"7-webform\" class=\"w-image-h\"><img loading=\"lazy\" decoding=\"async\" width=\"1024\" height=\"683\" src=\"https:\/\/intrastat.statistics.sk\/Intrastat\/wp-content\/uploads\/2021\/06\/7-webform-1024x683.jpg\" class=\"attachment-large size-large\" alt=\"Obr. 7: Kontrola podan\u00e9ho hl\u00e1senia\" srcset=\"https:\/\/intrastat.statistics.sk\/Intrastat\/wp-content\/uploads\/2021\/06\/7-webform-1024x683.jpg 1024w, https:\/\/intrastat.statistics.sk\/Intrastat\/wp-content\/uploads\/2021\/06\/7-webform-300x200.jpg 300w, https:\/\/intrastat.statistics.sk\/Intrastat\/wp-content\/uploads\/2021\/06\/7-webform.jpg 1800w\" sizes=\"auto, (max-width: 1024px) 100vw, 1024px\" \/><\/a><div class=\"w-image-meta\"><div class=\"w-image-title\">7-webform<\/div><\/div><\/div><div class=\"wpb_text_column\" id=\"section4\"><div class=\"wpb_wrapper\"><h4>Vytvorenie opravn\u00e9ho hl\u00e1senia<\/h4>\n<p>V\u00fdber z\u00e1lo\u017eky <strong>\u201eVytvori\u0165 hl\u00e1senie\u201c<\/strong>.<\/p>\n<p>V <strong>kroku 1<\/strong> ozna\u010di\u0165 hl\u00e1senie o dovoze alebo v\u00fdvoze tovaru.<\/p>\n<p>V <strong>kroku 2<\/strong> ozna\u010di\u0165 opravn\u00e9 hl\u00e1senie.<\/p>\n<p>V <strong>kroku 3<\/strong> ozna\u010di\u0165 \u00fapln\u00e9 hl\u00e1senie.<\/p>\n<p><strong>Kroky 4, 5, 6<\/strong> iba preklika\u0165.<\/p>\n<p>V <strong>kroku 7<\/strong> vyplni\u0165:<\/p>\n<ul>\n<li>Obdobie (zada\u0165 obdobie schv\u00e1len\u00e9ho hl\u00e1senia, v ktorom je potrebn\u00e9 opravi\u0165 polo\u017eku\/polo\u017eky);<\/li>\n<li>Vyplni\u0165 Poradov\u00e9 \u010d\u00edslo (zada\u0165 poradov\u00e9 \u010d\u00edslo schv\u00e1len\u00e9ho hl\u00e1senia, v\u00a0ktorom idete opravi\u0165 polo\u017eku\/polo\u017eky);<\/li>\n<li>Po\u010det polo\u017eiek (zada\u0165 po\u010det polo\u017eiek, ktor\u00e9 budete opravova\u0165);<\/li>\n<li>Por. \u010d\u00edslo opravy (zada\u0165 poradov\u00e9 \u010d\u00edslo opravy, teda ak toto hl\u00e1senie opravujete prv\u00fd raz, zad\u00e1te 1, ak ste u\u017e nie\u010do v\u00a0tomto konkr\u00e9tnom hl\u00e1sen\u00ed opravovali v minulosti, zad\u00e1te nasleduj\u00face poradov\u00e9 \u010d\u00edslo, napr. 2);<\/li>\n<li>Popis hl\u00e1senia (nepovinn\u00fd \u00fadaj).<\/li>\n<\/ul>\n<p>V <strong>kroku 8<\/strong> vyplni\u0165 v\u0161etky uveden\u00e9 polia u\u017e s\u00a0pr\u00edslu\u0161nou opravou.<\/p>\n<p>Po ich vyplnen\u00ed do z\u00e1lo\u017eky \u201ePrida\u0165 polo\u017eku\u201c vyp\u00edsa\u0165 \u010d\u00edslo opravovanej polo\u017eky z\u00a0p\u00f4vodn\u00e9ho hl\u00e1senia a\u00a0a\u017e potom stla\u010di\u0165 \u201ePrida\u0165 polo\u017eku\u201c.<\/p>\n<p>Po oprave v\u0161etk\u00fdch polo\u017eiek, vytv\u00e1ranie opravn\u00e9ho hl\u00e1senia ukon\u010di\u0165 stla\u010den\u00edm tla\u010didla <img loading=\"lazy\" decoding=\"async\" class=\"alignnone size-full wp-image-866\" src=\"https:\/\/intrastat.statistics.sk\/Intrastat\/wp-content\/uploads\/2021\/06\/tlacidlo.png\" alt=\"Potvrdi\u0165 (tla\u010didlo m\u00e1 tvar za\u0161krt\u00e1vacieho pol\u00ed\u010dka)\" width=\"25\" height=\"24\" \/>.<\/p>\n<\/div><\/div><div class=\"wpb_text_column\" id=\"section5\"><div class=\"wpb_wrapper\"><h4>Vytvorenie ru\u0161iaceho hl\u00e1senia<\/h4>\n<p>V\u00fdber z\u00e1lo\u017eky <strong>\u201eVytvori\u0165 hl\u00e1senie\u201c<\/strong>.<\/p>\n<p>V <strong>kroku 1<\/strong> ozna\u010di\u0165 hl\u00e1senie o prijat\u00ed alebo odoslan\u00ed tovaru.<\/p>\n<p>V <strong>kroku 2<\/strong> ozna\u010di\u0165 opravn\u00e9 hl\u00e1senie.<\/p>\n<p>V <strong>kroku 3<\/strong> ozna\u010di\u0165 ru\u0161iace hl\u00e1senie.<\/p>\n<p><strong>Kroky 4, 5, 6<\/strong> iba preklika\u0165.<\/p>\n<p>V <strong>kroku 7<\/strong> vyplni\u0165:<\/p>\n<ul>\n<li>Obdobie (zada\u0165 obdobie schv\u00e1len\u00e9ho hl\u00e1senia, ktor\u00e9 chcete zru\u0161i\u0165);<\/li>\n<li>Vyplni\u0165 Poradov\u00e9 \u010d\u00edslo (zada\u0165 poradov\u00e9 \u010d\u00edslo schv\u00e1len\u00e9ho hl\u00e1senia, ktor\u00e9 chcete zru\u0161i\u0165);<\/li>\n<li>Por. \u010d\u00edslo opravy (zada\u0165 poradov\u00e9 \u010d\u00edslo opravy, teda ak toto hl\u00e1senie opravujete prv\u00fd raz, zad\u00e1te 1, ak ste u\u017e nie\u010do v\u00a0tomto konkr\u00e9tnom hl\u00e1sen\u00ed opravovali v minulosti, zad\u00e1te pre ru\u0161iace hl\u00e1senie nasleduj\u00face poradov\u00e9 \u010d\u00edslo, napr. 2);<\/li>\n<li>Popis hl\u00e1senia (nepovinn\u00fd \u00fadaj).<\/li>\n<\/ul>\n<p>Vytv\u00e1ranie ru\u0161iaceho hl\u00e1senia ukon\u010di\u0165 stla\u010den\u00edm tla\u010didla <img loading=\"lazy\" decoding=\"async\" class=\"alignnone size-full wp-image-866\" src=\"https:\/\/intrastat.statistics.sk\/Intrastat\/wp-content\/uploads\/2021\/06\/tlacidlo.png\" alt=\"Potvrdi\u0165 (tla\u010didlo m\u00e1 tvar za\u0161krt\u00e1vacieho pol\u00ed\u010dka)\" width=\"25\" height=\"24\" \/>.<\/p>\n<\/div><\/div><\/div><\/div><\/div><\/div><\/div><div class=\"wpb_column vc_column_container us_custom_dd638609 sidebar-column type_sticky\"><div class=\"vc_column-inner\" style=\"top:10rem\"><div class=\"g-cols wpb_row us_custom_d4073570 via_grid cols_1 laptops-cols_inherit tablets-cols_inherit mobiles-cols_1 valign_top type_default stacking_default\"><div class=\"wpb_column vc_column_container us_custom_b6a72ce1\"><div class=\"vc_column-inner\"><div class=\"wpb_text_column us_custom_5f3f91d4 sidebar\"><div class=\"wpb_wrapper\"><h3>Obsah<\/h3>\n<ul>\n<li><a href=\"#section1\">Prihl\u00e1senie<\/a><\/li>\n<li><a href=\"#section2\">Vytvorenie hl\u00e1senia<\/a><\/li>\n<li><a href=\"#section3\">Kontrola podan\u00e9ho hl\u00e1senia<\/a><\/li>\n<li><a href=\"#section4\">Vytvorenie opravn\u00e9ho hl\u00e1senia<\/a><\/li>\n<li><a href=\"#section5\">Vytvorenie ru\u0161iaceho hl\u00e1senia<\/a><\/li>\n<\/ul>\n<\/div><\/div><\/div><\/div><\/div><\/div><\/div><\/div><\/div><\/section>\n","protected":false},"excerpt":{"rendered":"Formul\u00e1r Intrastat WEBFORM Vytvorenie a podanie hl\u00e1senia cez internetov\u00fd prehliada\u010d (on-line) Vytvori\u0165 elektronick\u00e9 hl\u00e1senie mo\u017eno priamo na str\u00e1nke https:\/\/intrastat.financnasprava.sk\/\u00a0. Prihl\u00e1senie Pou\u017ei\u0165 zaslan\u00e9 \u00a0prihlasovacie \u00fadaje (Meno a\u00a0Heslo). 1-webformVytvorenie hl\u00e1senia V\u00fdber z\u00e1lo\u017eky\u00a0 \u201eVytvori\u0165 hl\u00e1senie\u201c. V kroku 1 ozna\u010di\u0165 vytv\u00e1ranie hl\u00e1senia o dovoze alebo v\u00fdvoze tovaru. 2-webformV kroku 2 vybra\u0165 si, \u010di vytv\u00e1ram hl\u00e1senie riadne alebo opravn\u00e9. V...","protected":false},"author":6,"featured_media":0,"parent":0,"menu_order":0,"comment_status":"closed","ping_status":"closed","template":"","meta":{"om_disable_all_campaigns":false,"_exactmetrics_skip_tracking":false,"_exactmetrics_sitenote_active":false,"_exactmetrics_sitenote_note":"","_exactmetrics_sitenote_category":0,"_uf_show_specific_survey":0,"_uf_disable_surveys":false,"footnotes":""},"class_list":["post-242","page","type-page","status-publish","hentry"],"aioseo_notices":[],"_links":{"self":[{"href":"https:\/\/intrastat.statistics.sk\/Intrastat\/wp-json\/wp\/v2\/pages\/242","targetHints":{"allow":["GET"]}}],"collection":[{"href":"https:\/\/intrastat.statistics.sk\/Intrastat\/wp-json\/wp\/v2\/pages"}],"about":[{"href":"https:\/\/intrastat.statistics.sk\/Intrastat\/wp-json\/wp\/v2\/types\/page"}],"author":[{"embeddable":true,"href":"https:\/\/intrastat.statistics.sk\/Intrastat\/wp-json\/wp\/v2\/users\/6"}],"replies":[{"embeddable":true,"href":"https:\/\/intrastat.statistics.sk\/Intrastat\/wp-json\/wp\/v2\/comments?post=242"}],"version-history":[{"count":50,"href":"https:\/\/intrastat.statistics.sk\/Intrastat\/wp-json\/wp\/v2\/pages\/242\/revisions"}],"predecessor-version":[{"id":2387,"href":"https:\/\/intrastat.statistics.sk\/Intrastat\/wp-json\/wp\/v2\/pages\/242\/revisions\/2387"}],"wp:attachment":[{"href":"https:\/\/intrastat.statistics.sk\/Intrastat\/wp-json\/wp\/v2\/media?parent=242"}],"curies":[{"name":"wp","href":"https:\/\/api.w.org\/{rel}","templated":true}]}}