{"id":1872,"date":"2022-11-21T08:11:32","date_gmt":"2022-11-21T07:11:32","guid":{"rendered":"https:\/\/intrastat.statistics.sk\/Intrastat\/spravodajska-povinnost-copy-2\/"},"modified":"2022-11-21T08:21:34","modified_gmt":"2022-11-21T07:21:34","slug":"spravodajska-povinnost-2023","status":"publish","type":"page","link":"https:\/\/intrastat.statistics.sk\/Intrastat\/spravodajska-povinnost-2023\/","title":{"rendered":"Spravodajsk\u00e1 povinnos\u0165 pre rok 2023"},"content":{"rendered":"<section class=\"l-section wpb_row height_small\" id=\"content\"><div class=\"l-section-h i-cf\"><div class=\"g-cols vc_row via_grid cols_1 laptops-cols_inherit tablets-cols_inherit mobiles-cols_1 valign_top type_default stacking_default\"><div class=\"wpb_column vc_column_container\"><div class=\"vc_column-inner\"><div class=\"wpb_text_column\"><div class=\"wpb_wrapper\"><h2>Spravodajsk\u00e1 povinnos\u0165 pre rok 2023<\/h2>\n<\/div><\/div><\/div><\/div><\/div><\/div><\/section><section class=\"l-section wpb_row height_small\"><div class=\"l-section-h i-cf\"><div class=\"g-cols vc_row via_grid cols_2-1 laptops-cols_inherit tablets-cols_inherit mobiles-cols_1 valign_top type_default stacking_default\"><div class=\"wpb_column vc_column_container\"><div class=\"vc_column-inner\"><div class=\"g-cols wpb_row us_custom_b682140e via_grid cols_1 laptops-cols_inherit tablets-cols_inherit mobiles-cols_1 valign_top type_default stacking_default\"><div class=\"wpb_column vc_column_container\"><div class=\"vc_column-inner\"><div class=\"wpb_text_column\"><div class=\"wpb_wrapper\"><p>Na ur\u010denie spravodajskej povinnosti pre <strong>rok 2023<\/strong> sa berie do \u00favahy hodnota tovaru dovezen\u00e9ho a\/alebo vyvezen\u00e9ho v r\u00e1mci E\u00da za obdobie <strong>01. 10. 2021 a\u017e 30. 09. 2022<\/strong>.<\/p>\n<p>Spravodajsk\u00e1 povinnos\u0165 m\u00f4\u017ee vznikn\u00fa\u0165 subjektu, ktor\u00fd nebol spravodajskou jednotkou, aj <strong>po\u010das roka 2023<\/strong>, a\u00a0to na z\u00e1klade <strong>kumulat\u00edvnej hodnoty<\/strong> tovaru dovezen\u00e9ho a\/alebo vyvezen\u00e9ho v r\u00e1mci E\u00da od za\u010diatku roka 2023.<\/p>\n<p>Na ur\u010denie spravodajskej povinnosti sa do s\u00fahrnnej hodnoty tovaru dovezen\u00e9ho a\u00a0vyvezen\u00e9ho v\u00a0r\u00e1mci E\u00da za dan\u00e9 obdobie zapo\u010d\u00edtavaj\u00fa v\u0161etky transakcie, vr\u00e1tane bezodplatn\u00fdch dodan\u00ed, spracovania na z\u00e1klade zmluvy, vr\u00e1tenia tovaru at\u010f.<\/p>\n<p><strong>Prah oslobodenia na rok 2023<\/strong> je rovnak\u00fd pre <strong>dovoz aj v\u00fdvoz tovaru<\/strong> v\u00a0r\u00e1mci E\u00da a\u00a0je stanoven\u00fd vo v\u00fd\u0161ke <strong>1\u00a0000\u00a0000 eur<\/strong>.<\/p>\n<p>Av\u0161ak pre subjekty, ktor\u00e9 p\u00f4sobia <strong>v\u00a0odvetviach p\u00f4dohospod\u00e1rstva a\u00a0potravin\u00e1rstva<\/strong>, boli zachovan\u00e9 prahy oslobodenia <strong>200\u00a0000 eur<\/strong> pre dovoz tovaru v\u00a0r\u00e1mci E\u00da a\u00a0<strong>400\u00a0000 eur<\/strong> pre v\u00fdvoz tovaru v\u00a0r\u00e1mci E\u00da. Ni\u017e\u0161ie prahy oslobodenia sa vz\u0165ahuj\u00fa na subjekty, ktor\u00e9 s\u00fa veden\u00e9 v registri organiz\u00e1ci\u00ed \u0160tatistick\u00e9ho \u00faradu Slovenskej republiky s\u00a0hlavnou \u010dinnos\u0165ou pod\u013ea SK NACE:<\/p>\n<ul>\n<li>01 Pestovanie plod\u00edn a chov zvierat, po\u013eovn\u00edctvo a slu\u017eby s t\u00fdm s\u00favisiace,<\/li>\n<li>02 Lesn\u00edctvo a \u0165a\u017eba dreva,<\/li>\n<li>03 Rybolov a akvakult\u00fara,<\/li>\n<li>10 V\u00fdroba potrav\u00edn,<\/li>\n<li>11 V\u00fdroba n\u00e1pojov,<\/li>\n<li>12 V\u00fdroba tabakov\u00fdch v\u00fdrobkov.<\/li>\n<\/ul>\n<p>Prekro\u010denie prahu oslobodenia sa sleduje zvl\u00e1\u0161\u0165 pre dovoz a zvl\u00e1\u0161\u0165 pre v\u00fdvoz tovaru v\u00a0r\u00e1mci E\u00da.<\/p>\n<\/div><\/div><div class=\"wpb_text_column\"><div class=\"wpb_wrapper\"><h3><strong>Ur\u010denie spravodajskej povinnosti<\/strong><\/h3>\n<ol>\n<li>Ak spravodajsk\u00e1 jednotka sum\u00e1rne <strong>od okt\u00f3bra 2021 do septembra 2022 <\/strong><span class=\"text-red\">prekro\u010dila<\/span> stanoven\u00e9 prahy oslobodenia, <span class=\"text-red\">ost\u00e1va jej spravodajsk\u00e1 povinnos\u0165 aj v roku 2023<\/span>.<\/li>\n<li>Ak spravodajsk\u00e1 jednotka sum\u00e1rne <strong>od okt\u00f3bra 2021 do septembra 2022 <\/strong><span class=\"text-red\">neprekro\u010dila<\/span> stanoven\u00fd prah oslobodenia, <span class=\"text-red\">nebude ma\u0165 spravodajsk\u00fa povinnos\u0165 od janu\u00e1ra 2023,<\/span> teda nebude vykazova\u0165 hl\u00e1senia INTRASTAT-SK na tom toku, kde neprekro\u010d\u00ed prah oslobodenia.\n<p class=\"li-p\">N\u00e1sledne <span class=\"text-red\">od 01. 01. 2023 si spravodajsk\u00e1 jednotka mus\u00ed v ka\u017edom mesiaci sledova\u0165 kumulat\u00edvnu hodnotu<\/span> dovozu a v\u00fdvozu tovaru v r\u00e1mci E\u00da od za\u010diatku roka 2023, zvl\u00e1\u0161\u0165 pre dovoz a zvl\u00e1\u0161\u0165 pre v\u00fdvoz tovaru. V pr\u00edpade dosiahnutia hodnoty vy\u0161\u0161ej ako prah oslobodenia, <span class=\"text-red\">vznik\u00e1 spravodajsk\u00e1 povinnos\u0165 na danom toku od mesiaca prekro\u010denia tejto hodnoty<\/span>.<\/p>\n<div class=\"important-content\">Pr\u00edklad (viac pr\u00edkladov n\u00e1jdete v\u00a0Pr\u00edru\u010dke v\u00a0odseku C.3):<br \/>\nSpravodajsk\u00e1 jednotka, nep\u00f4sobiaca v odvetviach p\u00f4dohospod\u00e1rstva a potravin\u00e1rstva, v obdob\u00ed od 01. 10. 2021 do 30. 09. 2022 doviezla tovar v r\u00e1mci E\u00da v hodnote 350 000 eur. V tomto obdob\u00ed neprekro\u010dila stanoven\u00fd prah oslobodenia na prijat\u00ed \u2013 zanik\u00e1 jej spravodajsk\u00e1 povinnos\u0165 na tomto toku od 01. 01. 2023. (Ak by bola v rovnakej situ\u00e1cii spravodajsk\u00e1 jednotka p\u00f4sobiaca v odvetv\u00ed p\u00f4dohospod\u00e1rstva alebo potravin\u00e1rstva, spravodajsk\u00e1 povinnos\u0165 pre dovoz tovaru v r\u00e1mci E\u00da jej ost\u00e1va aj v roku 2023. Prekro\u010dila prah oslobodenia 200 000 eur.)<br \/>\nN\u00e1sledne v 03\/2023 doviezla tovar v r\u00e1mci E\u00da za 500 000 eur a v 04\/2023 za 600 000 eur. V 04\/2023 je kumulat\u00edvna suma od za\u010diatku roka na dovoze v r\u00e1mci E\u00da 1 100 000 eur. To znamen\u00e1, \u017ee od 04\/2023 vznik\u00e1 spravodajskej jednotke spravodajsk\u00e1 povinnos\u0165 pre dovoz tovaru v r\u00e1mci E\u00da.<br \/>\nV pr\u00edpade, \u017ee by t\u00e1 ist\u00e1 spravodajsk\u00e1 jednotka aj vyv\u00e1\u017eala tovar a v 03\/2023 by vyviezla tovar v r\u00e1mci E\u00da za 500 000 eur a v 06\/2023 za 700 000 eur, tak v 06\/2023 je kumulat\u00edvna suma pre v\u00fdvoz tovaru v r\u00e1mci E\u00da 1 200 000 eur. To znamen\u00e1, \u017ee od 06\/2023 vznik\u00e1 spravodajskej jednotke spravodajsk\u00e1 povinnos\u0165 aj pre v\u00fdvoz tovaru v r\u00e1mci E\u00da.<\/div>\n<\/li>\n<li>Ak subjekt, ktor\u00fd nie je spravodajskou jednotkou a\u00a0<strong>od za\u010diatku roka 2023<\/strong> dovezie alebo vyvezie tovar v\u00a0r\u00e1mci E\u00da v s\u00fahrnnej hodnote vy\u0161\u0161ej ako prah oslobodenia, vznikne mu na danom toku spravodajsk\u00e1 povinnos\u0165 <span class=\"text-red\">od mesiaca prekro\u010denia tejto hodnoty<\/span>. Objem obchodu sa po\u010d\u00edta osobitne pre ka\u017ed\u00fd tok, a to kumulat\u00edvne od za\u010diatku roka 2023.<br \/>\nSpravodajsk\u00e1 jednotka za\u0161le vyplnen\u00fd dotazn\u00edk do elektronickej schr\u00e1nky <strong>\u0160tatistick\u00e9ho \u00a0\u00faradu SR <\/strong>(na Odbor \u0161tatistiky zahrani\u010dn\u00e9ho obchodu; email <a href=\"mailto:intrastat-sk@statistics.sk\">intrastat-sk@statistics.sk<\/a>) alebo doporu\u010dene na adresu s\u00eddla \u00faradu.<\/li>\n<\/ol>\n<\/div><\/div><div class=\"wpb_text_column\"><div class=\"wpb_wrapper\"><h3>Zru\u0161enie spravodajskej povinnosti na za\u010diatku roka<\/h3>\n<p>\u0160tatistick\u00fd \u00farad SR ka\u017ed\u00fd rok prehodnocuje spravodajsk\u00fa povinnos\u0165 jednotliv\u00fdm spravodajsk\u00fdm jednotk\u00e1m v \u0161tatistick\u00fdch zis\u0165ovaniach INTRASTAT-SK. Rob\u00ed to na konci roka tak, aby spravodajsk\u00e1 jednotka na za\u010diatku sledovan\u00e9ho roka vedela, \u010di m\u00e1 alebo nem\u00e1 spravodajsk\u00fa povinnos\u0165. Pod\u013ea Vyhl\u00e1\u0161ky \u0160tatistick\u00e9ho \u00faradu Slovenskej republiky \u010d. 292\/2020 Z. z. spravodajsk\u00fa povinnos\u0165 ur\u010d\u00ed osobitne pre dovoz a v\u00fdvoz v r\u00e1mcu E\u00da na z\u00e1klade \u00fadajov z INTRASTAT-SK hl\u00e1sen\u00ed a z da\u0148ov\u00fdch priznan\u00ed k DPH za okt\u00f3ber 2021 a\u017e september 2022.<\/p>\n<p>Ak spravodajsk\u00e1 jednotka na konci roka zist\u00ed, \u017ee s\u00fahrnn\u00e1 hodnota tovaru dovezen\u00e9ho a\/alebo vyvezen\u00e9ho v\u00a0r\u00e1mci E\u00da za stanoven\u00e9 obdobie neprekro\u010dila prahy oslobodenia na danom toku, m\u00f4\u017ee o\u00a0tejto skuto\u010dnosti p\u00edsomne informova\u0165 \u0160tatistick\u00fd \u00farad SR. Ten uveden\u00fa skuto\u010dnos\u0165 over\u00ed a\u00a0v\u00a0pr\u00edpadne potvrdenia n\u00e1sledne zru\u0161\u00ed spravodajsk\u00fa povinnos\u0165 od 1.\u00a0janu\u00e1ra, o\u00a0\u010dom bude spravodajsk\u00fa jednotku informova\u0165 p\u00edsomne.<\/p>\n<p>V \u017eiadosti o zru\u0161enie a v ozname o vzniku spravodajskej povinnosti spravodajsk\u00e1 jednotka <strong>v\u017edy<\/strong> uv\u00e1dza nasledovn\u00e9 inform\u00e1cie:<\/p>\n<ul>\n<li>n\u00e1zov spravodajskej jednotky, jej I\u010cO a I\u010c DPH.<\/li>\n<li>tok, ktor\u00e9ho sa zru\u0161enie alebo vznik t\u00fdka (dovoz a\/alebo v\u00fdvoz v\u00a0r\u00e1mci E\u00da).<\/li>\n<\/ul>\n<\/div><\/div><\/div><\/div><\/div><\/div><\/div><div class=\"wpb_column vc_column_container us_custom_243ec60c sidebar-column type_sticky\"><div class=\"vc_column-inner\"><div class=\"g-cols wpb_row us_custom_d4073570 via_grid cols_1 laptops-cols_inherit tablets-cols_inherit mobiles-cols_1 valign_top type_default stacking_default\"><div class=\"wpb_column vc_column_container us_custom_b6a72ce1\"><div class=\"vc_column-inner\"><div class=\"wpb_text_column us_custom_bd3a6075 sidebar\"><div class=\"wpb_wrapper\"><h3>Tla\u010div\u00e1, \u017eiadosti a ozn\u00e1menia zasielajte na:<\/h3>\n<p><span class=\"sidebar-p-font\">\u0160tatistick\u00fd \u00farad SR<\/span><br \/>\n<span class=\"sidebar-p-font\">Odbor \u0161tatistiky zahrani\u010dn\u00e9ho obchodu<\/span><\/p>\n<p><a href=\"mailto:intrastat-sk@statistics.sk\">intrastat-sk@statistics.sk<\/a><\/p>\n<\/div><\/div><\/div><\/div><\/div><\/div><\/div><\/div><\/div><\/section>\n","protected":false},"excerpt":{"rendered":"Spravodajsk\u00e1 povinnos\u0165 pre rok 2023 Na ur\u010denie spravodajskej povinnosti pre rok 2023 sa berie do \u00favahy hodnota tovaru dovezen\u00e9ho a\/alebo vyvezen\u00e9ho v r\u00e1mci E\u00da za obdobie 01. 10. 2021 a\u017e 30. 09. 2022. Spravodajsk\u00e1 povinnos\u0165 m\u00f4\u017ee vznikn\u00fa\u0165 subjektu, ktor\u00fd nebol spravodajskou jednotkou, aj po\u010das roka 2023, a\u00a0to na z\u00e1klade kumulat\u00edvnej hodnoty tovaru dovezen\u00e9ho a\/alebo vyvezen\u00e9ho...","protected":false},"author":4,"featured_media":0,"parent":0,"menu_order":0,"comment_status":"closed","ping_status":"closed","template":"","meta":{"om_disable_all_campaigns":false,"_exactmetrics_skip_tracking":false,"_exactmetrics_sitenote_active":false,"_exactmetrics_sitenote_note":"","_exactmetrics_sitenote_category":0,"_uf_show_specific_survey":0,"_uf_disable_surveys":false,"footnotes":""},"class_list":["post-1872","page","type-page","status-publish","hentry"],"aioseo_notices":[],"_links":{"self":[{"href":"https:\/\/intrastat.statistics.sk\/Intrastat\/wp-json\/wp\/v2\/pages\/1872","targetHints":{"allow":["GET"]}}],"collection":[{"href":"https:\/\/intrastat.statistics.sk\/Intrastat\/wp-json\/wp\/v2\/pages"}],"about":[{"href":"https:\/\/intrastat.statistics.sk\/Intrastat\/wp-json\/wp\/v2\/types\/page"}],"author":[{"embeddable":true,"href":"https:\/\/intrastat.statistics.sk\/Intrastat\/wp-json\/wp\/v2\/users\/4"}],"replies":[{"embeddable":true,"href":"https:\/\/intrastat.statistics.sk\/Intrastat\/wp-json\/wp\/v2\/comments?post=1872"}],"version-history":[{"count":2,"href":"https:\/\/intrastat.statistics.sk\/Intrastat\/wp-json\/wp\/v2\/pages\/1872\/revisions"}],"predecessor-version":[{"id":1874,"href":"https:\/\/intrastat.statistics.sk\/Intrastat\/wp-json\/wp\/v2\/pages\/1872\/revisions\/1874"}],"wp:attachment":[{"href":"https:\/\/intrastat.statistics.sk\/Intrastat\/wp-json\/wp\/v2\/media?parent=1872"}],"curies":[{"name":"wp","href":"https:\/\/api.w.org\/{rel}","templated":true}]}}