{"id":175,"date":"2021-04-30T10:34:32","date_gmt":"2021-04-30T08:34:32","guid":{"rendered":"https:\/\/intrastat.statistics.sk\/Intrastat\/?page_id=175"},"modified":"2025-11-06T14:15:55","modified_gmt":"2025-11-06T13:15:55","slug":"kontakt","status":"publish","type":"page","link":"https:\/\/intrastat.statistics.sk\/Intrastat\/kontakt\/","title":{"rendered":"Kontakt"},"content":{"rendered":"<section class=\"l-section wpb_row height_small\" id=\"content\"><div class=\"l-section-h i-cf\"><div class=\"g-cols vc_row via_grid cols_1 laptops-cols_inherit tablets-cols_inherit mobiles-cols_1 valign_top type_default stacking_default\"><div class=\"wpb_column vc_column_container\"><div class=\"vc_column-inner\"><div class=\"wpb_text_column\"><div class=\"wpb_wrapper\"><h2>Kontakt<\/h2>\n<\/div><\/div><\/div><\/div><\/div><\/div><\/section><section class=\"l-section wpb_row height_small\"><div class=\"l-section-h i-cf\"><div class=\"g-cols vc_row via_grid cols_2-1 laptops-cols_inherit tablets-cols_inherit mobiles-cols_1 valign_top type_default stacking_default\"><div class=\"wpb_column vc_column_container us_custom_21601f57\"><div class=\"vc_column-inner\"><div class=\"g-cols wpb_row us_custom_4da931d3 via_grid cols_1 laptops-cols_inherit tablets-cols_inherit mobiles-cols_1 valign_top type_default stacking_default\"><div class=\"wpb_column vc_column_container\"><div class=\"vc_column-inner\"><div class=\"wpb_text_column first-h\"><div class=\"wpb_wrapper\"><h3>Konzulta\u010dn\u00e9 pracovisko \u0160tatistick\u00e9ho \u00faradu SR<\/h3>\n<p><span class=\"sidebar-p-font\">utorok, streda:\u00a0 \u00a0 \u00a08:00 h \u2013 14:30 h<\/span><br \/>\n<span class=\"sidebar-p-font\">\u00a0 \u00a0 \u00a0 \u00a0 \u00a0 \u00a0 \u00a0\u0161tvrtok:\u00a0 \u00a0 \u00a08:00 h \u2013 12:00 h<\/span><\/p>\n<p><a href=\"tel:+421250236277\">+421\/2\/50 23 62 77<\/a><br \/>\n<a href=\"tel:+421250236278\">+421\/2\/50 23 62 78<\/a><\/p>\n<p><a href=\"mailto:intrastat-sk@statistics.sk\">intrastat-sk@statistics.sk<\/a><\/p>\n<p>\u0160tatistick\u00fd \u00farad SR<br \/>\nOdbor \u0161tatistiky zahrani\u010dn\u00e9ho obchodu<br \/>\nLama\u010dsk\u00e1 cesta 3\/C<br \/>\nP.O. Box 67<br \/>\n840 00\u00a0 Bratislava 4<\/p>\n<p>Pracovn\u00edci konzulta\u010dn\u00e9ho pracoviska pre syst\u00e9m INTRASTAT-SK \u0160tatistick\u00e9ho \u00faradu SR V\u00e1m pom\u00f4\u017eu pri metodick\u00fdch ot\u00e1zkach t\u00fdkaj\u00facich sa zis\u0165ovan\u00ed INTRASTAT-SK, napr\u00edklad:<\/p>\n<ul>\n<li>\u010do je\/nie je predmetom vykazovania na INTRASTAT-SK hl\u00e1seniach;<\/li>\n<li>\u010di m\u00e1te\/nem\u00e1te spravodajsk\u00fa povinnos\u0165;<\/li>\n<li>ako sa vypl\u0148uj\u00fa INTRASTAT-SK hl\u00e1senia;<\/li>\n<li>ako sa vykazuj\u00fa \u0161pecifick\u00e9 transakcie a osobitn\u00e9 pohyby;<\/li>\n<li>ak\u00e9 zjednodu\u0161en\u00e9 postupy je mo\u017en\u00e9 aplikova\u0165 pri vykazovan\u00ed tovaru.<\/li>\n<\/ul>\n<p>Vyplnen\u00e9 tla\u010div\u00e1, ktor\u00e9 chcete zasla\u0165 v p\u00edsomnej forme (vznik spravodajskej povinnosti \u2013 Registra\u010dn\u00fd dotazn\u00edk, Ozn\u00e1menie o z\u00e1stupcovi, \u017diados\u0165 o zru\u0161enie spravodajskej povinnosti), ale aj ozn\u00e1menie v\u0161etk\u00fdch zmien t\u00fdkaj\u00facich sa spravodajskej povinnosti zasielajte na e-mail: <span class=\"nowrap\"><a href=\"mailto:intrastat-sk@statistics.sk\">intrastat-sk@statistics.sk<\/a><\/span>.<\/p>\n<\/div><\/div><\/div><\/div><\/div><div class=\"g-cols wpb_row via_grid cols_1 laptops-cols_inherit tablets-cols_inherit mobiles-cols_1 valign_top type_default stacking_default\" style=\"grid-gap:calc(3rem + 2em);\"><div class=\"wpb_column vc_column_container\"><div class=\"vc_column-inner\"><div class=\"wpb_text_column\"><div class=\"wpb_wrapper\"><h3>Konzulta\u010dn\u00e9 pracovisko Finan\u010dn\u00e9ho riadite\u013estva SR<\/h3>\n<p><span class=\"sidebar-p-font\">pondelok \u2013 piatok<\/span><br \/>\n<span class=\"sidebar-p-font\">8:00 h \u2013 14:30 h<\/span><\/p>\n<p><a href=\"tel:+421566302318\">+421\/56\/630 23 18<\/a><\/p>\n<p><a href=\"mailto:helpdesk.intrastat@financnasprava.sk\">helpdesk.intrastat@financnasprava.sk <\/a><\/p>\n<p>Pracovn\u00edci konzulta\u010dn\u00e9ho pracoviska Finan\u010dn\u00e9ho riadite\u013estva SR colnej sekcie pre syst\u00e9m INTRASTAT-SK V\u00e1m pom\u00f4\u017eu najm\u00e4 pri zatrieden\u00ed tovaru pod\u013ea kombinovanej nomenklat\u00fary, pri elektronickom predkladan\u00ed INTRASTAT-SK hl\u00e1sen\u00ed, vr\u00e1tane generovania a pou\u017e\u00edvania prihlasovac\u00edch \u00fadajov na port\u00e1l Finan\u010dnej spr\u00e1vy SR pre syst\u00e9m INTRASTAT-SK.<\/p>\n<\/div><\/div><\/div><\/div><\/div><\/div><\/div><div class=\"wpb_column vc_column_container us_custom_af5ffaa2 sidebar-column type_sticky\"><div class=\"vc_column-inner\"><div class=\"g-cols wpb_row us_custom_fca25d37 via_grid cols_1 laptops-cols_inherit tablets-cols_inherit mobiles-cols_1 valign_top type_default stacking_default\"><div class=\"wpb_column vc_column_container us_custom_b6a72ce1\"><div class=\"vc_column-inner\"><div class=\"wpb_text_column us_custom_e3150f4d sidebar\"><div class=\"wpb_wrapper\"><h3>Ak chcete polo\u017ei\u0165 ot\u00e1zku, vyu\u017eite formul\u00e1r R\u00fdchla ot\u00e1zka.<\/h3>\n<\/div><\/div><div class=\"w-popup us_custom_5f3f91d4 sidebar w-btn-wrapper align_none\"><button class=\"w-popup-trigger type_btn w-btn us-btn-style_2\"><span class=\"w-btn-label\">R\u00fdchla ot\u00e1zka<\/span><\/button><div class=\"w-popup-overlay\" style=\"background:rgba(0,0,0,0.65);\"><\/div><div class=\"w-popup-wrap\" style=\"--title-color:var(--color-content-heading);--title-bg-color:var(--color-content-bg-alt);--content-color:var(--color-content-text);--content-bg-color:var(--color-content-bg)\"><div class=\"w-popup-box animation_fadeIn closerpos_outside without_title\" style=\"width:600px;\"><div class=\"w-popup-box-h\"><div class=\"w-popup-box-content\" style=\"padding:5%;\"><p>V\u0161etky polia s\u00fa povinn\u00e9.<\/p>\n<div class=\"wpcf7 no-js\" id=\"wpcf7-f148-o1\" lang=\"sk-SK\" dir=\"ltr\">\n<div class=\"screen-reader-response\"><p role=\"status\" aria-live=\"polite\" aria-atomic=\"true\"><\/p> <ul><\/ul><\/div>\n<form action=\"\/Intrastat\/wp-json\/wp\/v2\/pages\/175#wpcf7-f148-o1\" method=\"post\" class=\"wpcf7-form init\" aria-label=\"Contact form\" novalidate=\"novalidate\" data-status=\"init\">\n<div style=\"display: none;\">\n<input type=\"hidden\" name=\"_wpcf7\" value=\"148\" \/>\n<input type=\"hidden\" name=\"_wpcf7_version\" value=\"5.7.7\" \/>\n<input type=\"hidden\" name=\"_wpcf7_locale\" value=\"sk_SK\" \/>\n<input type=\"hidden\" name=\"_wpcf7_unit_tag\" value=\"wpcf7-f148-o1\" \/>\n<input type=\"hidden\" name=\"_wpcf7_container_post\" value=\"0\" \/>\n<input type=\"hidden\" name=\"_wpcf7_posted_data_hash\" value=\"\" \/>\n<input type=\"hidden\" name=\"_wpcf7_recaptcha_response\" value=\"\" \/>\n<\/div>\n<p><label>I\u010c DPH spolo\u010dnosti:<br \/>\n<span class=\"wpcf7-form-control-wrap\" data-name=\"company-id\"><input size=\"40\" class=\"wpcf7-form-control wpcf7-text wpcf7-validates-as-required\" aria-required=\"true\" aria-invalid=\"false\" value=\"\" type=\"text\" name=\"company-id\" \/><\/span> <\/label>\n<\/p>\n<p><label>N\u00e1zov spolo\u010dnosti:<br \/>\n<span class=\"wpcf7-form-control-wrap\" data-name=\"company-name\"><input size=\"40\" class=\"wpcf7-form-control wpcf7-text wpcf7-validates-as-required\" aria-required=\"true\" aria-invalid=\"false\" value=\"\" type=\"text\" name=\"company-name\" \/><\/span> <\/label>\n<\/p>\n<p><label>Telef\u00f3n:<br \/>\n<span class=\"wpcf7-form-control-wrap\" data-name=\"tel-number\"><input size=\"40\" class=\"wpcf7-form-control wpcf7-text wpcf7-tel wpcf7-validates-as-required wpcf7-validates-as-tel\" aria-required=\"true\" aria-invalid=\"false\" value=\"\" type=\"tel\" name=\"tel-number\" \/><\/span> <\/label>\n<\/p>\n<p><label> E-mail:<br \/>\n<span class=\"wpcf7-form-control-wrap\" data-name=\"email\"><input size=\"40\" class=\"wpcf7-form-control wpcf7-text wpcf7-email wpcf7-validates-as-required wpcf7-validates-as-email\" aria-required=\"true\" aria-invalid=\"false\" value=\"\" type=\"email\" name=\"email\" \/><\/span> <\/label>\n<\/p>\n<p><label>Meno:<br \/>\n<span class=\"wpcf7-form-control-wrap\" data-name=\"firstname\"><input size=\"40\" class=\"wpcf7-form-control wpcf7-text wpcf7-validates-as-required\" aria-required=\"true\" aria-invalid=\"false\" value=\"\" type=\"text\" name=\"firstname\" \/><\/span> <\/label>\n<\/p>\n<p><label>Priezvisko:<br \/>\n<span class=\"wpcf7-form-control-wrap\" data-name=\"surname\"><input size=\"40\" class=\"wpcf7-form-control wpcf7-text wpcf7-validates-as-required\" aria-required=\"true\" aria-invalid=\"false\" value=\"\" type=\"text\" name=\"surname\" \/><\/span> <\/label>\n<\/p>\n<p><label>Ot\u00e1zka:<br \/>\n<span class=\"wpcf7-form-control-wrap\" data-name=\"message\"><textarea cols=\"40\" rows=\"10\" class=\"wpcf7-form-control wpcf7-textarea wpcf7-validates-as-required\" aria-required=\"true\" aria-invalid=\"false\" name=\"message\"><\/textarea><\/span> <\/label>\n<\/p>\n<p><span class=\"wpcf7-form-control-wrap\" data-name=\"acceptance-662\"><span class=\"wpcf7-form-control wpcf7-acceptance\"><span class=\"wpcf7-list-item\"><label><input type=\"checkbox\" name=\"acceptance-662\" value=\"1\" aria-invalid=\"false\" \/><span class=\"wpcf7-list-item-label\">S\u00fahlas\u00edm so spracovan\u00edm osobn\u00fdch \u00fadajov v zmysle z\u00e1sad <a href=\"https:\/\/intrastat.statistics.sk\/Intrastat\/ochrana-osobnych-udajov\/\">ochrany osobn\u00fdch \u00fadajov<\/a>.<\/span><\/label><\/span><\/span><\/span>\n<\/p>\n<p>T\u00e1to str\u00e1nka je chr\u00e1nen\u00e1 protokolom reCAPTCHA a platia <a href=\"https:\/\/policies.google.com\/privacy\" target=\"_blank\">pravidl\u00e1 ochrany osobn\u00fdch \u00fadajov<\/a> a <a href=\"https:\/\/policies.google.com\/terms\" target=\"_blank\">zmluvn\u00e9 podmienky<\/a> spolo\u010dnosti Google.\n<\/p>\n<p><input class=\"wpcf7-form-control has-spinner wpcf7-submit\" type=\"submit\" value=\"Odosla\u0165\" \/>\n<\/p><div class=\"wpcf7-response-output\" aria-hidden=\"true\"><\/div>\n<\/form>\n<\/div>\n<\/div><\/div><\/div><div class=\"w-popup-closer\"><\/div><\/div><\/div><div class=\"wpb_text_column us_custom_347c5f03 sidebar has_text_color\"><div class=\"wpb_wrapper\"><p>Formul\u00e1r nesl\u00fa\u017ei na registr\u00e1ciu spravodajskej jednotky, zru\u0161enie spravodajskej povinnosti a ozn\u00e1menie zmien spravodajskej jednotky.<\/p>\n<\/div><\/div><\/div><\/div><\/div><\/div><\/div><\/div><\/div><\/section>\n","protected":false},"excerpt":{"rendered":"Kontakt Konzulta\u010dn\u00e9 pracovisko \u0160tatistick\u00e9ho \u00faradu SR utorok, streda:\u00a0 \u00a0 \u00a08:00 h \u2013 14:30 h \u00a0 \u00a0 \u00a0 \u00a0 \u00a0 \u00a0 \u00a0\u0161tvrtok:\u00a0 \u00a0 \u00a08:00 h \u2013 12:00 h +421\/2\/50 23 62 77 +421\/2\/50 23 62 78 intrastat-sk@statistics.sk \u0160tatistick\u00fd \u00farad SR Odbor \u0161tatistiky zahrani\u010dn\u00e9ho obchodu Lama\u010dsk\u00e1 cesta 3\/C P.O. Box 67 840 00\u00a0 Bratislava 4 Pracovn\u00edci konzulta\u010dn\u00e9ho...","protected":false},"author":6,"featured_media":0,"parent":0,"menu_order":0,"comment_status":"closed","ping_status":"closed","template":"","meta":{"om_disable_all_campaigns":false,"_exactmetrics_skip_tracking":false,"_exactmetrics_sitenote_active":false,"_exactmetrics_sitenote_note":"","_exactmetrics_sitenote_category":0,"_uf_show_specific_survey":0,"_uf_disable_surveys":false,"footnotes":""},"class_list":["post-175","page","type-page","status-publish","hentry"],"aioseo_notices":[],"_links":{"self":[{"href":"https:\/\/intrastat.statistics.sk\/Intrastat\/wp-json\/wp\/v2\/pages\/175","targetHints":{"allow":["GET"]}}],"collection":[{"href":"https:\/\/intrastat.statistics.sk\/Intrastat\/wp-json\/wp\/v2\/pages"}],"about":[{"href":"https:\/\/intrastat.statistics.sk\/Intrastat\/wp-json\/wp\/v2\/types\/page"}],"author":[{"embeddable":true,"href":"https:\/\/intrastat.statistics.sk\/Intrastat\/wp-json\/wp\/v2\/users\/6"}],"replies":[{"embeddable":true,"href":"https:\/\/intrastat.statistics.sk\/Intrastat\/wp-json\/wp\/v2\/comments?post=175"}],"version-history":[{"count":59,"href":"https:\/\/intrastat.statistics.sk\/Intrastat\/wp-json\/wp\/v2\/pages\/175\/revisions"}],"predecessor-version":[{"id":2449,"href":"https:\/\/intrastat.statistics.sk\/Intrastat\/wp-json\/wp\/v2\/pages\/175\/revisions\/2449"}],"wp:attachment":[{"href":"https:\/\/intrastat.statistics.sk\/Intrastat\/wp-json\/wp\/v2\/media?parent=175"}],"curies":[{"name":"wp","href":"https:\/\/api.w.org\/{rel}","templated":true}]}}