{"id":1331,"date":"2021-11-16T15:16:08","date_gmt":"2021-11-16T14:16:08","guid":{"rendered":"https:\/\/intrastat.statistics.sk\/Intrastat\/kod-tovaru-a-krajiny-copy\/"},"modified":"2021-11-18T10:10:18","modified_gmt":"2021-11-18T09:10:18","slug":"dodatkove-merne-jednotky","status":"publish","type":"page","link":"https:\/\/intrastat.statistics.sk\/Intrastat\/dodatkove-merne-jednotky\/","title":{"rendered":"Dodatkov\u00e9 mern\u00e9 jednotky"},"content":{"rendered":"<section class=\"l-section wpb_row height_small\" id=\"content\"><div class=\"l-section-h i-cf\"><div class=\"g-cols vc_row via_grid cols_1 laptops-cols_inherit tablets-cols_inherit mobiles-cols_1 valign_top type_default stacking_default\"><div class=\"wpb_column vc_column_container\"><div class=\"vc_column-inner\"><div class=\"wpb_text_column\"><div class=\"wpb_wrapper\"><h2>Dodatkov\u00e9 mern\u00e9 jednotky<\/h2>\n<\/div><\/div><\/div><\/div><\/div><\/div><\/section><section class=\"l-section wpb_row height_small\"><div class=\"l-section-h i-cf\"><div class=\"g-cols vc_row via_grid cols_2-1 laptops-cols_inherit tablets-cols_inherit mobiles-cols_1 valign_top type_default stacking_default\"><div class=\"wpb_column vc_column_container\"><div class=\"vc_column-inner\"><div class=\"g-cols wpb_row us_custom_b682140e via_grid cols_1 laptops-cols_inherit tablets-cols_inherit mobiles-cols_1 valign_top type_default stacking_default\"><div class=\"wpb_column vc_column_container\"><div class=\"vc_column-inner\"><div class=\"wpb_text_column first-h\"><div class=\"wpb_wrapper\"><p>Niektor\u00e9 podpolo\u017eky KN maj\u00fa v kombinovanej nomenklat\u00fare priraden\u00e9 aj <strong>dodatkov\u00e9 mern\u00e9 jednotky<\/strong>, ktor\u00e9 s\u00fa \u0161pecifikovan\u00e9 vo vykon\u00e1vacom nariaden\u00ed. Ide o\u00a0nasledovn\u00e9 dodatkov\u00e9 mern\u00e9 jednotky:<\/p>\n<div class=\"table-base-search\">\n<table id=\"tablepress-3\" class=\"tablepress tablepress-id-3\">\n<thead>\n<tr class=\"row-1\">\n\t<th class=\"column-1\">K\u00f3d MJ<\/th><th class=\"column-2\">Skratka MJ<\/th><th class=\"column-3\">N\u00e1zov dodatkovej mernej jednotky<\/th>\n<\/tr>\n<\/thead>\n<tbody>\n<tr class=\"row-2\">\n\t<td class=\"column-1\">CTM<\/td><td class=\"column-2\">c\/k<\/td><td class=\"column-3\">kar\u00e1ty (1 metrick\u00fd kar\u00e1t = 2 x 10<sup>-4<\/sup> kg)<\/td>\n<\/tr>\n<tr class=\"row-3\">\n\t<td class=\"column-1\">NCL<\/td><td class=\"column-2\">ce\/el<\/td><td class=\"column-3\">po\u010det buniek<\/td>\n<\/tr>\n<tr class=\"row-4\">\n\t<td class=\"column-1\">CCT<\/td><td class=\"column-2\">ct\/l<\/td><td class=\"column-3\">prepravn\u00e1 kapacita\/nosnos\u0165 v ton\u00e1ch<sup>(1)<\/sup><\/td>\n<\/tr>\n<tr class=\"row-5\">\n\t<td class=\"column-1\">GRM<\/td><td class=\"column-2\">g<\/td><td class=\"column-3\">gram<\/td>\n<\/tr>\n<tr class=\"row-6\">\n\t<td class=\"column-1\">GFI<\/td><td class=\"column-2\">gi F\/S<\/td><td class=\"column-3\">gram \u0161tiepnych izotopov<\/td>\n<\/tr>\n<tr class=\"row-7\">\n\t<td class=\"column-1\">KNS<\/td><td class=\"column-2\">kg H<sub>2<\/sub>O<sub>2<\/sub><\/td><td class=\"column-3\">kilogram peroxidu vod\u00edka<\/td>\n<\/tr>\n<tr class=\"row-8\">\n\t<td class=\"column-1\">KPO<\/td><td class=\"column-2\">kg K<sub>2<\/sub>O<\/td><td class=\"column-3\">kilogram oxidu draseln\u00e9ho<\/td>\n<\/tr>\n<tr class=\"row-9\">\n\t<td class=\"column-1\">KPH<\/td><td class=\"column-2\">kg KOH\t<\/td><td class=\"column-3\">kilogram hydroxidu draseln\u00e9ho<\/td>\n<\/tr>\n<tr class=\"row-10\">\n\t<td class=\"column-1\">KMA<\/td><td class=\"column-2\">kg met.am.<\/td><td class=\"column-3\">kilogram metylam\u00ednu<\/td>\n<\/tr>\n<tr class=\"row-11\">\n\t<td class=\"column-1\">KNI<\/td><td class=\"column-2\">kg N<\/td><td class=\"column-3\">kilogram dus\u00edku<\/td>\n<\/tr>\n<tr class=\"row-12\">\n\t<td class=\"column-1\">KSH<\/td><td class=\"column-2\">NaOH<\/td><td class=\"column-3\">kilogram hydroxidu sodn\u00e9ho<\/td>\n<\/tr>\n<tr class=\"row-13\">\n\t<td class=\"column-1\">KGE<\/td><td class=\"column-2\">kg\/net eda<\/td><td class=\"column-3\">kilogram \u010distej hmotnosti bez n\u00e1levu<\/td>\n<\/tr>\n<tr class=\"row-14\">\n\t<td class=\"column-1\">KPP<\/td><td class=\"column-2\">kg P<sub>2<\/sub>O<sub>5<\/sub><\/td><td class=\"column-3\">kilogram oxidu fosfore\u010dn\u00e9ho<\/td>\n<\/tr>\n<tr class=\"row-15\">\n\t<td class=\"column-1\">KSD<\/td><td class=\"column-2\">kg 90 % sdt<\/td><td class=\"column-3\">kilogram l\u00e1tky 90% suchej<\/td>\n<\/tr>\n<tr class=\"row-16\">\n\t<td class=\"column-1\">KUR<\/td><td class=\"column-2\">kg U<\/td><td class=\"column-3\">kilogram ur\u00e1nu<\/td>\n<\/tr>\n<tr class=\"row-17\">\n\t<td class=\"column-1\">MWH<\/td><td class=\"column-2\">1 000 kWh<\/td><td class=\"column-3\">1 000 kilowatthod\u00edn<\/td>\n<\/tr>\n<tr class=\"row-18\">\n\t<td class=\"column-1\">LTR<\/td><td class=\"column-2\">l<\/td><td class=\"column-3\">liter<\/td>\n<\/tr>\n<tr class=\"row-19\">\n\t<td class=\"column-1\">LPA<\/td><td class=\"column-2\">l alc. 100 %<\/td><td class=\"column-3\">liter \u010dist\u00e9ho (100%) alkoholu<\/td>\n<\/tr>\n<tr class=\"row-20\">\n\t<td class=\"column-1\">MTR<\/td><td class=\"column-2\">m<\/td><td class=\"column-3\">meter<\/td>\n<\/tr>\n<tr class=\"row-21\">\n\t<td class=\"column-1\">MTK<\/td><td class=\"column-2\">m<sup>2<\/sup><\/td><td class=\"column-3\">\u0161tvorcov\u00fd meter<\/td>\n<\/tr>\n<tr class=\"row-22\">\n\t<td class=\"column-1\">MTQ<\/td><td class=\"column-2\">m<sup>3<\/sup><\/td><td class=\"column-3\">kubick\u00fd meter<\/td>\n<\/tr>\n<tr class=\"row-23\">\n\t<td class=\"column-1\">MTC<\/td><td class=\"column-2\">1000 m<sup>3<\/sup><\/td><td class=\"column-3\">1 000 kubick\u00fdch metrov<\/td>\n<\/tr>\n<tr class=\"row-24\">\n\t<td class=\"column-1\">NPR<\/td><td class=\"column-2\">pa<\/td><td class=\"column-3\">po\u010det p\u00e1rov<\/td>\n<\/tr>\n<tr class=\"row-25\">\n\t<td class=\"column-1\">NAR<\/td><td class=\"column-2\">p\/st<\/td><td class=\"column-3\">po\u010det kusov<\/td>\n<\/tr>\n<tr class=\"row-26\">\n\t<td class=\"column-1\">CEN<\/td><td class=\"column-2\">100 p\/st<\/td><td class=\"column-3\">100 kusov<\/td>\n<\/tr>\n<tr class=\"row-27\">\n\t<td class=\"column-1\">MIL<\/td><td class=\"column-2\">1 000 p\/st<\/td><td class=\"column-3\">1000 kusov<\/td>\n<\/tr>\n<tr class=\"row-28\">\n\t<td class=\"column-1\">TJO<\/td><td class=\"column-2\">TJ<\/td><td class=\"column-3\">terajoule (spa\u013eovacie teplo)<\/td>\n<\/tr>\n<tr class=\"row-29\">\n\t<td class=\"column-1\">ZZZ<\/td><td class=\"column-2\"><\/td><td class=\"column-3\">\u017eiadna dodatkov\u00e1 jednotka<\/td>\n<\/tr>\n<\/tbody>\n<\/table>\n<!-- #tablepress-3 from cache --><sup>(1)<\/sup>\u00a0\u201eNosnos\u0165 v ton\u00e1ch\u201c (ct\/l) znamen\u00e1 nosnos\u0165 plavidla vyjadren\u00fa v ton\u00e1ch, do ktorej nepatria z\u00e1soby plavidla (palivo, zariadenie, z\u00e1soby potrav\u00edn at\u010f.). Nepatria sem osoby prepravovan\u00e9 na palube (pos\u00e1dka a cestuj\u00faci) a ich bato\u017eina.<\/div>\n<\/div><\/div><\/div><\/div><\/div><\/div><\/div><div class=\"wpb_column vc_column_container us_custom_243ec60c sidebar-column type_sticky\"><div class=\"vc_column-inner\" style=\"top:10rem\"><div class=\"g-cols wpb_row us_custom_d4073570 via_grid cols_1 laptops-cols_inherit tablets-cols_inherit mobiles-cols_1 valign_top type_default stacking_default\"><div class=\"wpb_column vc_column_container us_custom_b6a72ce1\"><div class=\"vc_column-inner\"><section class=\"l-section wpb_row us_custom_b6a72ce1 height_small\"><div class=\"l-section-h i-cf\"><div class=\"g-cols vc_row via_grid cols_1 laptops-cols_inherit tablets-cols_inherit mobiles-cols_1 valign_top type_default stacking_default\"><div class=\"wpb_column vc_column_container\"><div class=\"vc_column-inner\"><div class=\"wpb_text_column us_custom_e3150f4d sidebar\"><div class=\"wpb_wrapper\"><h3>Ak chcete polo\u017ei\u0165 ot\u00e1zku, vyu\u017eite formul\u00e1r R\u00fdchla ot\u00e1zka.<\/h3>\n<\/div><\/div><div class=\"w-popup us_custom_5f3f91d4 sidebar w-btn-wrapper align_none\"><button class=\"w-popup-trigger type_btn w-btn us-btn-style_2\"><span class=\"w-btn-label\">R\u00fdchla ot\u00e1zka<\/span><\/button><div class=\"w-popup-overlay\" style=\"background:rgba(0,0,0,0.85);\"><\/div><div class=\"w-popup-wrap\" style=\"--title-color:var(--color-content-heading);--title-bg-color:var(--color-content-bg-alt);--content-color:var(--color-content-text);--content-bg-color:var(--color-content-bg)\"><div class=\"w-popup-box animation_fadeIn closerpos_outside with_title\" style=\"width:600px;\"><div class=\"w-popup-box-h\"><div class=\"w-popup-box-title\">R\u00fdchla ot\u00e1zka<\/div><div class=\"w-popup-box-content\" style=\"padding:5%;\"><p>V\u0161etky polia s\u00fa povinn\u00e9.<\/p>\n<div class=\"wpcf7 no-js\" id=\"wpcf7-f148-o1\" lang=\"sk-SK\" dir=\"ltr\">\n<div class=\"screen-reader-response\"><p role=\"status\" aria-live=\"polite\" aria-atomic=\"true\"><\/p> <ul><\/ul><\/div>\n<form action=\"\/Intrastat\/wp-json\/wp\/v2\/pages\/1331#wpcf7-f148-o1\" method=\"post\" class=\"wpcf7-form init\" aria-label=\"Contact form\" novalidate=\"novalidate\" data-status=\"init\">\n<div style=\"display: none;\">\n<input type=\"hidden\" name=\"_wpcf7\" value=\"148\" \/>\n<input type=\"hidden\" name=\"_wpcf7_version\" value=\"5.7.7\" \/>\n<input type=\"hidden\" name=\"_wpcf7_locale\" value=\"sk_SK\" \/>\n<input type=\"hidden\" name=\"_wpcf7_unit_tag\" value=\"wpcf7-f148-o1\" \/>\n<input type=\"hidden\" name=\"_wpcf7_container_post\" value=\"0\" \/>\n<input type=\"hidden\" name=\"_wpcf7_posted_data_hash\" value=\"\" \/>\n<input type=\"hidden\" name=\"_wpcf7_recaptcha_response\" value=\"\" \/>\n<\/div>\n<p><label>I\u010c DPH spolo\u010dnosti:<br \/>\n<span class=\"wpcf7-form-control-wrap\" data-name=\"company-id\"><input size=\"40\" class=\"wpcf7-form-control wpcf7-text wpcf7-validates-as-required\" aria-required=\"true\" aria-invalid=\"false\" value=\"\" type=\"text\" name=\"company-id\" \/><\/span> <\/label>\n<\/p>\n<p><label>N\u00e1zov spolo\u010dnosti:<br \/>\n<span class=\"wpcf7-form-control-wrap\" data-name=\"company-name\"><input size=\"40\" class=\"wpcf7-form-control wpcf7-text wpcf7-validates-as-required\" aria-required=\"true\" aria-invalid=\"false\" value=\"\" type=\"text\" name=\"company-name\" \/><\/span> <\/label>\n<\/p>\n<p><label>Telef\u00f3n:<br \/>\n<span class=\"wpcf7-form-control-wrap\" data-name=\"tel-number\"><input size=\"40\" class=\"wpcf7-form-control wpcf7-text wpcf7-tel wpcf7-validates-as-required wpcf7-validates-as-tel\" aria-required=\"true\" aria-invalid=\"false\" value=\"\" type=\"tel\" name=\"tel-number\" \/><\/span> <\/label>\n<\/p>\n<p><label> E-mail:<br \/>\n<span class=\"wpcf7-form-control-wrap\" data-name=\"email\"><input size=\"40\" class=\"wpcf7-form-control wpcf7-text wpcf7-email wpcf7-validates-as-required wpcf7-validates-as-email\" aria-required=\"true\" aria-invalid=\"false\" value=\"\" type=\"email\" name=\"email\" \/><\/span> <\/label>\n<\/p>\n<p><label>Meno:<br \/>\n<span class=\"wpcf7-form-control-wrap\" data-name=\"firstname\"><input size=\"40\" class=\"wpcf7-form-control wpcf7-text wpcf7-validates-as-required\" aria-required=\"true\" aria-invalid=\"false\" value=\"\" type=\"text\" name=\"firstname\" \/><\/span> <\/label>\n<\/p>\n<p><label>Priezvisko:<br \/>\n<span class=\"wpcf7-form-control-wrap\" data-name=\"surname\"><input size=\"40\" class=\"wpcf7-form-control wpcf7-text wpcf7-validates-as-required\" aria-required=\"true\" aria-invalid=\"false\" value=\"\" type=\"text\" name=\"surname\" \/><\/span> <\/label>\n<\/p>\n<p><label>Ot\u00e1zka:<br \/>\n<span class=\"wpcf7-form-control-wrap\" data-name=\"message\"><textarea cols=\"40\" rows=\"10\" class=\"wpcf7-form-control wpcf7-textarea wpcf7-validates-as-required\" aria-required=\"true\" aria-invalid=\"false\" name=\"message\"><\/textarea><\/span> <\/label>\n<\/p>\n<p><span class=\"wpcf7-form-control-wrap\" data-name=\"acceptance-662\"><span class=\"wpcf7-form-control wpcf7-acceptance\"><span class=\"wpcf7-list-item\"><label><input type=\"checkbox\" name=\"acceptance-662\" value=\"1\" aria-invalid=\"false\" \/><span class=\"wpcf7-list-item-label\">S\u00fahlas\u00edm so spracovan\u00edm osobn\u00fdch \u00fadajov v zmysle z\u00e1sad <a href=\"https:\/\/intrastat.statistics.sk\/Intrastat\/ochrana-osobnych-udajov\/\">ochrany osobn\u00fdch \u00fadajov<\/a>.<\/span><\/label><\/span><\/span><\/span>\n<\/p>\n<p>T\u00e1to str\u00e1nka je chr\u00e1nen\u00e1 protokolom reCAPTCHA a platia <a href=\"https:\/\/policies.google.com\/privacy\" target=\"_blank\">pravidl\u00e1 ochrany osobn\u00fdch \u00fadajov<\/a> a <a href=\"https:\/\/policies.google.com\/terms\" target=\"_blank\">zmluvn\u00e9 podmienky<\/a> spolo\u010dnosti Google.\n<\/p>\n<p><input class=\"wpcf7-form-control has-spinner wpcf7-submit\" type=\"submit\" value=\"Odosla\u0165\" \/>\n<\/p><div class=\"wpcf7-response-output\" aria-hidden=\"true\"><\/div>\n<\/form>\n<\/div>\n<\/div><\/div><\/div><div class=\"w-popup-closer\"><\/div><\/div><\/div><div class=\"wpb_text_column us_custom_347c5f03 sidebar has_text_color\"><div class=\"wpb_wrapper\"><p>Formul\u00e1r nesl\u00fa\u017ei na registr\u00e1ciu spravodajskej jednotky, zru\u0161enie spravodajskej povinnosti a ozn\u00e1menie zmien spravodajskej jednotky.<\/p>\n<\/div><\/div><\/div><\/div><\/div><\/div><\/section>\n<\/div><\/div><\/div><\/div><\/div><\/div><\/div><\/section>\n","protected":false},"excerpt":{"rendered":"Dodatkov\u00e9 mern\u00e9 jednotky Niektor\u00e9 podpolo\u017eky KN maj\u00fa v kombinovanej nomenklat\u00fare priraden\u00e9 aj dodatkov\u00e9 mern\u00e9 jednotky, ktor\u00e9 s\u00fa \u0161pecifikovan\u00e9 vo vykon\u00e1vacom nariaden\u00ed. Ide o\u00a0nasledovn\u00e9 dodatkov\u00e9 mern\u00e9 jednotky: K\u00f3d MJSkratka MJN\u00e1zov dodatkovej mernej jednotky CTMc\/kkar\u00e1ty (1 metrick\u00fd kar\u00e1t = 2 x 10-4 kg) NCLce\/elpo\u010det buniek CCTct\/lprepravn\u00e1 kapacita\/nosnos\u0165 v ton\u00e1ch(1) GRMggram GFIgi F\/Sgram \u0161tiepnych izotopov KNSkg H2O2kilogram peroxidu...","protected":false},"author":6,"featured_media":0,"parent":0,"menu_order":0,"comment_status":"closed","ping_status":"closed","template":"","meta":{"om_disable_all_campaigns":false,"_exactmetrics_skip_tracking":false,"_exactmetrics_sitenote_active":false,"_exactmetrics_sitenote_note":"","_exactmetrics_sitenote_category":0,"_uf_show_specific_survey":0,"_uf_disable_surveys":false,"footnotes":""},"class_list":["post-1331","page","type-page","status-publish","hentry"],"aioseo_notices":[],"_links":{"self":[{"href":"https:\/\/intrastat.statistics.sk\/Intrastat\/wp-json\/wp\/v2\/pages\/1331","targetHints":{"allow":["GET"]}}],"collection":[{"href":"https:\/\/intrastat.statistics.sk\/Intrastat\/wp-json\/wp\/v2\/pages"}],"about":[{"href":"https:\/\/intrastat.statistics.sk\/Intrastat\/wp-json\/wp\/v2\/types\/page"}],"author":[{"embeddable":true,"href":"https:\/\/intrastat.statistics.sk\/Intrastat\/wp-json\/wp\/v2\/users\/6"}],"replies":[{"embeddable":true,"href":"https:\/\/intrastat.statistics.sk\/Intrastat\/wp-json\/wp\/v2\/comments?post=1331"}],"version-history":[{"count":2,"href":"https:\/\/intrastat.statistics.sk\/Intrastat\/wp-json\/wp\/v2\/pages\/1331\/revisions"}],"predecessor-version":[{"id":1412,"href":"https:\/\/intrastat.statistics.sk\/Intrastat\/wp-json\/wp\/v2\/pages\/1331\/revisions\/1412"}],"wp:attachment":[{"href":"https:\/\/intrastat.statistics.sk\/Intrastat\/wp-json\/wp\/v2\/media?parent=1331"}],"curies":[{"name":"wp","href":"https:\/\/api.w.org\/{rel}","templated":true}]}}