{"id":1328,"date":"2021-11-16T15:13:43","date_gmt":"2021-11-16T14:13:43","guid":{"rendered":"https:\/\/intrastat.statistics.sk\/Intrastat\/kod-tovaru-a-krajiny-copy\/"},"modified":"2022-03-30T13:32:14","modified_gmt":"2022-03-30T11:32:14","slug":"kod-krajiny","status":"publish","type":"page","link":"https:\/\/intrastat.statistics.sk\/Intrastat\/kod-krajiny\/","title":{"rendered":"K\u00f3d krajiny"},"content":{"rendered":"<section class=\"l-section wpb_row height_small\" id=\"content\"><div class=\"l-section-h i-cf\"><div class=\"g-cols vc_row via_grid cols_1 laptops-cols_inherit tablets-cols_inherit mobiles-cols_1 valign_top type_default stacking_default\"><div class=\"wpb_column vc_column_container\"><div class=\"vc_column-inner\"><div class=\"wpb_text_column\"><div class=\"wpb_wrapper\"><h2>K\u00f3d krajiny<\/h2>\n<\/div><\/div><\/div><\/div><\/div><\/div><\/section><section class=\"l-section wpb_row height_small\"><div class=\"l-section-h i-cf\"><div class=\"g-cols vc_row via_grid cols_2-1 laptops-cols_inherit tablets-cols_inherit mobiles-cols_1 valign_top type_default stacking_default\"><div class=\"wpb_column vc_column_container\"><div class=\"vc_column-inner\"><div class=\"g-cols wpb_row us_custom_b682140e via_grid cols_1 laptops-cols_inherit tablets-cols_inherit mobiles-cols_1 valign_top type_default stacking_default\"><div class=\"wpb_column vc_column_container\"><div class=\"vc_column-inner\"><div class=\"wpb_text_column\"><div class=\"wpb_wrapper\"><p>K\u00f3d krajiny je abecedn\u00fd k\u00f3d pod\u013ea nomenklat\u00fary kraj\u00edn a \u00fazem\u00ed pre eur\u00f3psku \u0161tatistiku medzin\u00e1rodn\u00e9ho obchodu s tovarom. K\u00f3d krajiny sa v\u00a0syst\u00e9me INTRASTAT-SK pou\u017e\u00edva pre ozna\u010denie Krajiny p\u00f4vodu, \u010clensk\u00e9ho \u0161t\u00e1tu zaslania a\u00a0\u010clensk\u00e9ho \u0161t\u00e1tu ur\u010denia.<\/p>\n<p>Od <span class=\"nobreak\">01. 01. 2020<\/span> plat\u00ed <a title=\"(Do nov\u00e9ho okna)\" href=\"https:\/\/eur-lex.europa.eu\/legal-content\/SK\/TXT\/PDF\/?uri=CELEX:32020R1470&amp;from=SK\" target=\"_blank\" rel=\"noopener\">Vykon\u00e1vacie nariadenie Komisie (E\u00da) 2020\/1470 <i class=\"far fa-angle-double-right\" aria-hidden=\"true\"><\/i><\/a> z 12. okt\u00f3bra 2020 o\u00a0nomenklat\u00fare kraj\u00edn a \u00fazem\u00ed pre eur\u00f3psku \u0161tatistiku medzin\u00e1rodn\u00e9ho obchodu s tovarom a\u00a0o\u00a0geografickom \u010dlenen\u00ed pre in\u00e9 podnikov\u00e9 \u0161tatistiky.<\/p>\n<p><strong>Upozornenie:<\/strong> Vo vykon\u00e1vacom nariaden\u00ed je chybne uveden\u00fd k\u00f3d pre \u010c\u00ednu, ktor\u00fd m\u00e1 by\u0165 CN.<\/p>\n<\/div><\/div><\/div><\/div><\/div><\/div><\/div><div class=\"wpb_column vc_column_container us_custom_243ec60c sidebar-column type_sticky\"><div class=\"vc_column-inner\" style=\"top:10rem\"><div class=\"g-cols wpb_row us_custom_d4073570 via_grid cols_1 laptops-cols_inherit tablets-cols_inherit mobiles-cols_1 valign_top type_default stacking_default\"><div class=\"wpb_column vc_column_container us_custom_b6a72ce1\"><div class=\"vc_column-inner\"><section class=\"l-section wpb_row us_custom_b6a72ce1 height_small\"><div class=\"l-section-h i-cf\"><div class=\"g-cols vc_row via_grid cols_1 laptops-cols_inherit tablets-cols_inherit mobiles-cols_1 valign_top type_default stacking_default\"><div class=\"wpb_column vc_column_container\"><div class=\"vc_column-inner\"><div class=\"wpb_text_column us_custom_e3150f4d sidebar\"><div class=\"wpb_wrapper\"><h3>Ak chcete polo\u017ei\u0165 ot\u00e1zku, vyu\u017eite formul\u00e1r R\u00fdchla ot\u00e1zka.<\/h3>\n<\/div><\/div><div class=\"w-popup us_custom_5f3f91d4 sidebar w-btn-wrapper align_none\"><button class=\"w-popup-trigger type_btn w-btn us-btn-style_2\"><span class=\"w-btn-label\">R\u00fdchla ot\u00e1zka<\/span><\/button><div class=\"w-popup-overlay\" style=\"background:rgba(0,0,0,0.85);\"><\/div><div class=\"w-popup-wrap\" style=\"--title-color:var(--color-content-heading);--title-bg-color:var(--color-content-bg-alt);--content-color:var(--color-content-text);--content-bg-color:var(--color-content-bg)\"><div class=\"w-popup-box animation_fadeIn closerpos_outside with_title\" style=\"width:600px;\"><div class=\"w-popup-box-h\"><div class=\"w-popup-box-title\">R\u00fdchla ot\u00e1zka<\/div><div class=\"w-popup-box-content\" style=\"padding:5%;\"><p>V\u0161etky polia s\u00fa povinn\u00e9.<\/p>\n<div class=\"wpcf7 no-js\" id=\"wpcf7-f148-o1\" lang=\"sk-SK\" dir=\"ltr\">\n<div class=\"screen-reader-response\"><p role=\"status\" aria-live=\"polite\" aria-atomic=\"true\"><\/p> <ul><\/ul><\/div>\n<form action=\"\/Intrastat\/wp-json\/wp\/v2\/pages\/1328#wpcf7-f148-o1\" method=\"post\" class=\"wpcf7-form init\" aria-label=\"Contact form\" novalidate=\"novalidate\" data-status=\"init\">\n<div style=\"display: none;\">\n<input type=\"hidden\" name=\"_wpcf7\" value=\"148\" \/>\n<input type=\"hidden\" name=\"_wpcf7_version\" value=\"5.7.7\" \/>\n<input type=\"hidden\" name=\"_wpcf7_locale\" value=\"sk_SK\" \/>\n<input type=\"hidden\" name=\"_wpcf7_unit_tag\" value=\"wpcf7-f148-o1\" \/>\n<input type=\"hidden\" name=\"_wpcf7_container_post\" value=\"0\" \/>\n<input type=\"hidden\" name=\"_wpcf7_posted_data_hash\" value=\"\" \/>\n<input type=\"hidden\" name=\"_wpcf7_recaptcha_response\" value=\"\" \/>\n<\/div>\n<p><label>I\u010c DPH spolo\u010dnosti:<br \/>\n<span class=\"wpcf7-form-control-wrap\" data-name=\"company-id\"><input size=\"40\" class=\"wpcf7-form-control wpcf7-text wpcf7-validates-as-required\" aria-required=\"true\" aria-invalid=\"false\" value=\"\" type=\"text\" name=\"company-id\" \/><\/span> <\/label>\n<\/p>\n<p><label>N\u00e1zov spolo\u010dnosti:<br \/>\n<span class=\"wpcf7-form-control-wrap\" data-name=\"company-name\"><input size=\"40\" class=\"wpcf7-form-control wpcf7-text wpcf7-validates-as-required\" aria-required=\"true\" aria-invalid=\"false\" value=\"\" type=\"text\" name=\"company-name\" \/><\/span> <\/label>\n<\/p>\n<p><label>Telef\u00f3n:<br \/>\n<span class=\"wpcf7-form-control-wrap\" data-name=\"tel-number\"><input size=\"40\" class=\"wpcf7-form-control wpcf7-text wpcf7-tel wpcf7-validates-as-required wpcf7-validates-as-tel\" aria-required=\"true\" aria-invalid=\"false\" value=\"\" type=\"tel\" name=\"tel-number\" \/><\/span> <\/label>\n<\/p>\n<p><label> E-mail:<br \/>\n<span class=\"wpcf7-form-control-wrap\" data-name=\"email\"><input size=\"40\" class=\"wpcf7-form-control wpcf7-text wpcf7-email wpcf7-validates-as-required wpcf7-validates-as-email\" aria-required=\"true\" aria-invalid=\"false\" value=\"\" type=\"email\" name=\"email\" \/><\/span> <\/label>\n<\/p>\n<p><label>Meno:<br \/>\n<span class=\"wpcf7-form-control-wrap\" data-name=\"firstname\"><input size=\"40\" class=\"wpcf7-form-control wpcf7-text wpcf7-validates-as-required\" aria-required=\"true\" aria-invalid=\"false\" value=\"\" type=\"text\" name=\"firstname\" \/><\/span> <\/label>\n<\/p>\n<p><label>Priezvisko:<br \/>\n<span class=\"wpcf7-form-control-wrap\" data-name=\"surname\"><input size=\"40\" class=\"wpcf7-form-control wpcf7-text wpcf7-validates-as-required\" aria-required=\"true\" aria-invalid=\"false\" value=\"\" type=\"text\" name=\"surname\" \/><\/span> <\/label>\n<\/p>\n<p><label>Ot\u00e1zka:<br \/>\n<span class=\"wpcf7-form-control-wrap\" data-name=\"message\"><textarea cols=\"40\" rows=\"10\" class=\"wpcf7-form-control wpcf7-textarea wpcf7-validates-as-required\" aria-required=\"true\" aria-invalid=\"false\" name=\"message\"><\/textarea><\/span> <\/label>\n<\/p>\n<p><span class=\"wpcf7-form-control-wrap\" data-name=\"acceptance-662\"><span class=\"wpcf7-form-control wpcf7-acceptance\"><span class=\"wpcf7-list-item\"><label><input type=\"checkbox\" name=\"acceptance-662\" value=\"1\" aria-invalid=\"false\" \/><span class=\"wpcf7-list-item-label\">S\u00fahlas\u00edm so spracovan\u00edm osobn\u00fdch \u00fadajov v zmysle z\u00e1sad <a href=\"https:\/\/intrastat.statistics.sk\/Intrastat\/ochrana-osobnych-udajov\/\">ochrany osobn\u00fdch \u00fadajov<\/a>.<\/span><\/label><\/span><\/span><\/span>\n<\/p>\n<p>T\u00e1to str\u00e1nka je chr\u00e1nen\u00e1 protokolom reCAPTCHA a platia <a href=\"https:\/\/policies.google.com\/privacy\" target=\"_blank\">pravidl\u00e1 ochrany osobn\u00fdch \u00fadajov<\/a> a <a href=\"https:\/\/policies.google.com\/terms\" target=\"_blank\">zmluvn\u00e9 podmienky<\/a> spolo\u010dnosti Google.\n<\/p>\n<p><input class=\"wpcf7-form-control has-spinner wpcf7-submit\" type=\"submit\" value=\"Odosla\u0165\" \/>\n<\/p><div class=\"wpcf7-response-output\" aria-hidden=\"true\"><\/div>\n<\/form>\n<\/div>\n<\/div><\/div><\/div><div class=\"w-popup-closer\"><\/div><\/div><\/div><div class=\"wpb_text_column us_custom_347c5f03 sidebar has_text_color\"><div class=\"wpb_wrapper\"><p>Formul\u00e1r nesl\u00fa\u017ei na registr\u00e1ciu spravodajskej jednotky, zru\u0161enie spravodajskej povinnosti a ozn\u00e1menie zmien spravodajskej jednotky.<\/p>\n<\/div><\/div><\/div><\/div><\/div><\/div><\/section>\n<\/div><\/div><\/div><\/div><\/div><\/div><\/div><\/section>\n","protected":false},"excerpt":{"rendered":"K\u00f3d krajiny K\u00f3d krajiny je abecedn\u00fd k\u00f3d pod\u013ea nomenklat\u00fary kraj\u00edn a \u00fazem\u00ed pre eur\u00f3psku \u0161tatistiku medzin\u00e1rodn\u00e9ho obchodu s tovarom. K\u00f3d krajiny sa v\u00a0syst\u00e9me INTRASTAT-SK pou\u017e\u00edva pre ozna\u010denie Krajiny p\u00f4vodu, \u010clensk\u00e9ho \u0161t\u00e1tu zaslania a\u00a0\u010clensk\u00e9ho \u0161t\u00e1tu ur\u010denia. Od 01. 01. 2020 plat\u00ed Vykon\u00e1vacie nariadenie Komisie (E\u00da) 2020\/1470 z 12. okt\u00f3bra 2020 o\u00a0nomenklat\u00fare kraj\u00edn a \u00fazem\u00ed pre eur\u00f3psku...","protected":false},"author":6,"featured_media":0,"parent":0,"menu_order":0,"comment_status":"closed","ping_status":"closed","template":"","meta":{"om_disable_all_campaigns":false,"_exactmetrics_skip_tracking":false,"_exactmetrics_sitenote_active":false,"_exactmetrics_sitenote_note":"","_exactmetrics_sitenote_category":0,"_uf_show_specific_survey":0,"_uf_disable_surveys":false,"footnotes":""},"class_list":["post-1328","page","type-page","status-publish","hentry"],"aioseo_notices":[],"_links":{"self":[{"href":"https:\/\/intrastat.statistics.sk\/Intrastat\/wp-json\/wp\/v2\/pages\/1328","targetHints":{"allow":["GET"]}}],"collection":[{"href":"https:\/\/intrastat.statistics.sk\/Intrastat\/wp-json\/wp\/v2\/pages"}],"about":[{"href":"https:\/\/intrastat.statistics.sk\/Intrastat\/wp-json\/wp\/v2\/types\/page"}],"author":[{"embeddable":true,"href":"https:\/\/intrastat.statistics.sk\/Intrastat\/wp-json\/wp\/v2\/users\/6"}],"replies":[{"embeddable":true,"href":"https:\/\/intrastat.statistics.sk\/Intrastat\/wp-json\/wp\/v2\/comments?post=1328"}],"version-history":[{"count":5,"href":"https:\/\/intrastat.statistics.sk\/Intrastat\/wp-json\/wp\/v2\/pages\/1328\/revisions"}],"predecessor-version":[{"id":1765,"href":"https:\/\/intrastat.statistics.sk\/Intrastat\/wp-json\/wp\/v2\/pages\/1328\/revisions\/1765"}],"wp:attachment":[{"href":"https:\/\/intrastat.statistics.sk\/Intrastat\/wp-json\/wp\/v2\/media?parent=1328"}],"curies":[{"name":"wp","href":"https:\/\/api.w.org\/{rel}","templated":true}]}}