{"id":130,"date":"2021-04-20T09:25:19","date_gmt":"2021-04-20T07:25:19","guid":{"rendered":"https:\/\/intrastat.statistics.sk\/Intrastat\/?page_id=130"},"modified":"2021-06-29T10:59:58","modified_gmt":"2021-06-29T08:59:58","slug":"faq","status":"publish","type":"page","link":"https:\/\/intrastat.statistics.sk\/Intrastat\/faq\/","title":{"rendered":"FAQ"},"content":{"rendered":"<section class=\"l-section wpb_row height_small\" id=\"content\"><div class=\"l-section-h i-cf\"><div class=\"g-cols vc_row via_grid cols_1 laptops-cols_inherit tablets-cols_inherit mobiles-cols_1 valign_top type_default stacking_default\"><div class=\"wpb_column vc_column_container\"><div class=\"vc_column-inner\"><div class=\"wpb_text_column\"><div class=\"wpb_wrapper\"><h2>\u010casto kladen\u00e9 ot\u00e1zky<\/h2>\n<\/div><\/div><\/div><\/div><\/div><\/div><\/section><section class=\"l-section wpb_row height_small\"><div class=\"l-section-h i-cf\"><div class=\"g-cols vc_row via_grid cols_2-1 laptops-cols_inherit tablets-cols_inherit mobiles-cols_1 valign_top type_default stacking_default\"><div class=\"wpb_column vc_column_container us_custom_bc721b42\"><div class=\"vc_column-inner\"><div class=\"g-cols wpb_row us_custom_8affc561 via_grid cols_1 laptops-cols_inherit tablets-cols_inherit mobiles-cols_1 valign_top type_default stacking_default\"><div class=\"wpb_column vc_column_container us_custom_3c49d997\"><div class=\"vc_column-inner\"><section class=\"l-section wpb_row us_custom_9fa2854c faq-section height_small\"><div class=\"l-section-h i-cf\"><div class=\"g-cols vc_row via_grid cols_1 laptops-cols_inherit tablets-cols_inherit mobiles-cols_1 valign_top type_default stacking_default\"><div class=\"wpb_column vc_column_container us_custom_e6b302da\"><div class=\"vc_column-inner\"><div class=\"w-tabs us_custom_5cd26a65 faq style_default switch_click accordion remove_indents\" style=\"--sections-title-size:inherit\"><div class=\"w-tabs-sections titles-align_none icon_chevron cpos_right\"><div class=\"w-tabs-section\" id=\"1623660289141-234c4190-38e7\"><button class=\"w-tabs-section-header\" aria-controls=\"content-1623660289141-234c4190-38e7\" aria-expanded=\"false\"><h3 class=\"w-tabs-section-title\">1. Ako zist\u00edm, \u010di m\u00e1m spravodajsk\u00fa povinnos\u0165 v roku 2026?<\/h3><div class=\"w-tabs-section-control\"><\/div><\/button><div  class=\"w-tabs-section-content us_custom_43e85d9b\" id=\"content-1623660289141-234c4190-38e7\"><div class=\"w-tabs-section-content-h i-cf\"><div class=\"wpb_text_column\"><div class=\"wpb_wrapper\"><p>Spravodajsk\u00e1 povinnos\u0165 sa vz\u0165ahuje na v\u0161etky subjekty, ktor\u00e9 splnia jednu z\u00a0podmienok:<\/p>\n<ul>\n<li>prekro\u010dili prah oslobodenia pre dovoz tovaru v r\u00e1mci E\u00da\u00a0 a v\u00fdvoz tovaru v r\u00e1mci E\u00da, ktor\u00fd je stanoven\u00fd vo v\u00fd\u0161ke 1 000 000 eur. Na ur\u010denie spravodajskej povinnosti pre rok 2026 sa berie do \u00favahy obdobie okt\u00f3ber 2024 a\u017e september 2025.<\/li>\n<li>od <span class=\"nobreak\">01. 01. <\/span>2026 kumulat\u00edvne prekro\u010dili hodnotu 1 000 000 Eur pre dovoz tovaru v r\u00e1mci E\u00da, v\u00fdvoz tovaru v r\u00e1mci E\u00da alebo pre oba toky.<\/li>\n<\/ul>\n<p>Av\u0161ak pre subjekty, ktor\u00e9 p\u00f4sobia\u00a0<strong>v\u00a0odvetviach p\u00f4dohospod\u00e1rstva a\u00a0potravin\u00e1rstva<\/strong>, boli zachovan\u00e9 prahy oslobodenia\u00a0<strong>200\u00a0000 eur<\/strong> pre dovoz tovaru v\u00a0r\u00e1mci E\u00da a\u00a0<strong>400\u00a0000 eur<\/strong> pre v\u00fdvoz tovaru v\u00a0r\u00e1mci E\u00da.<\/p>\n<\/div><\/div><\/div><\/div><\/div><div class=\"w-tabs-section\" id=\"1623660289153-d485dd4c-f73a\"><button class=\"w-tabs-section-header\" aria-controls=\"content-1623660289153-d485dd4c-f73a\" aria-expanded=\"false\"><h3 class=\"w-tabs-section-title\">2. Ako m\u00e1m postupova\u0165, ke\u010f mi vznikla spravodajsk\u00e1 povinnos\u0165?<\/h3><div class=\"w-tabs-section-control\"><\/div><\/button><div  class=\"w-tabs-section-content\" id=\"content-1623660289153-d485dd4c-f73a\"><div class=\"w-tabs-section-content-h i-cf\"><div class=\"wpb_text_column\"><div class=\"wpb_wrapper\"><p>Subjekt m\u00e1 povinnos\u0165 \u00a0\u00a0sledova\u0165 si \u00a0vznik spravodajskej povinnosti. Ak zist\u00ed, \u017ee prekro\u010dil prahy oslobodenia na pr\u00edslu\u0161nom toku, ozn\u00e1mi t\u00fato skuto\u010dnos\u0165 \u0160tatistick\u00e9mu \u00faradu SR najnesk\u00f4r do desiatich dn\u00ed odo d\u0148a jej vzniku vyplnen\u00edm tla\u010diva \u201eREGISTRA\u010cN\u00dd DOTAZN\u00cdK\u201c. Tla\u010divo n\u00e1jde na webovej str\u00e1nke <a href=\"https:\/\/intrastat.statistics.sk\/Intrastat\/spravodajska-povinnost-tlaciva\/\">https:\/\/intrastat.statistics.sk\/Intrastat\/spravodajska-povinnost-tlaciva\/<\/a>. Registra\u010dn\u00fd dotazn\u00edk m\u00f4\u017eete tie\u017e priamo vyplni\u0165 cez \u00dastredn\u00fd port\u00e1l Finan\u010dnej spr\u00e1vy\u00a0 slovensko.sk.<\/p>\n<p>Na z\u00e1klade registra\u010dn\u00e9ho dotazn\u00edka ozn\u00e1mia pracovn\u00edci \u0160tatistick\u00e9ho \u00faradu SR spravodajskej jednotke prihlasovacie \u00fadaje pre zasielanie hl\u00e1sen\u00ed INTRASTAT-SK: <a href=\"https:\/\/intrastat.financnasprava.sk\">https:\/\/intrastat.financnasprava.sk<\/a>, cez ktor\u00fd sa posielaj\u00fa hl\u00e1senia v elektronickej forme.<\/p>\n<\/div><\/div><\/div><\/div><\/div><div class=\"w-tabs-section\" id=\"1623676708171-5ba13caa-e786\"><button class=\"w-tabs-section-header\" aria-controls=\"content-1623676708171-5ba13caa-e786\" aria-expanded=\"false\"><h3 class=\"w-tabs-section-title\">3. Ako ur\u010d\u00edm do ktor\u00e9ho sledovan\u00e9ho obdobia m\u00e1m dovoz tovaru v r\u00e1mci E\u00da aj v\u00fdvoz tovaru v r\u00e1mci E\u00da vyk\u00e1za\u0165?<\/h3><div class=\"w-tabs-section-control\"><\/div><\/button><div  class=\"w-tabs-section-content\" id=\"content-1623676708171-5ba13caa-e786\"><div class=\"w-tabs-section-content-h i-cf\"><div class=\"wpb_text_column\"><div class=\"wpb_wrapper\"><p>Ak s\u00fa dovozy a v\u00fdvozy tovaru v r\u00e1mci E\u00da predmetom obchodnej oper\u00e1cie, ktor\u00e1 je nadobudnut\u00edm tovaru v tuzemsku z in\u00e9ho \u010dlensk\u00e9ho \u0161t\u00e1tu alebo dodan\u00edm tovaru z tuzemska do in\u00e9ho \u010dlensk\u00e9ho \u0161t\u00e1tu pod\u013ea platn\u00e9ho z\u00e1kona o DPH, sledovan\u00fdm obdob\u00edm je kalend\u00e1rny mesiac, v ktorom vznikla da\u0148ov\u00e1 povinnos\u0165 pod\u013ea tohto z\u00e1kona. Ak je \u010dasov\u00fd posun medzi d\u0148om vzniku da\u0148ovej povinnosti a d\u0148om fyzick\u00e9ho dovozu alebo v\u00fdvozu tovaru v r\u00e1mci E\u00da dlh\u0161\u00ed ako 2 kalend\u00e1rne mesiace, sledovan\u00fdm obdob\u00edm je kalend\u00e1rny mesiac, v ktorom bol tovar fyzicky dovezen\u00fd alebo vyvezen\u00fd.<\/p>\n<p>Pre ostatn\u00e9 obchodn\u00e9 oper\u00e1cie (napr. dodanie s in\u0161tal\u00e1ciou a mont\u00e1\u017eou, spracovanie na z\u00e1klade zmluvy, obchod v r\u00e1mci E\u00da s elektrinou a zemn\u00fdm plynom), ktor\u00e9 nie s\u00fa dodan\u00edm do in\u00e9ho \u010dlensk\u00e9ho \u0161t\u00e1tu alebo nadobudnut\u00edm tovaru z in\u00e9ho \u010dlensk\u00e9ho \u0161t\u00e1tu pod\u013ea z\u00e1kona o DPH, je sledovan\u00fdm obdob\u00edm kalend\u00e1rny mesiac, v ktorom bol tovar fyzicky dovezen\u00fd alebo vyvezen\u00fd.<\/p>\n<\/div><\/div><\/div><\/div><\/div><div class=\"w-tabs-section\" id=\"1623676846243-23430b69-f9f5\"><button class=\"w-tabs-section-header\" aria-controls=\"content-1623676846243-23430b69-f9f5\" aria-expanded=\"false\"><h3 class=\"w-tabs-section-title\">4. Mus\u00edm posiela\u0165 hl\u00e1senia za obidva toky?<\/h3><div class=\"w-tabs-section-control\"><\/div><\/button><div  class=\"w-tabs-section-content\" id=\"content-1623676846243-23430b69-f9f5\"><div class=\"w-tabs-section-content-h i-cf\"><div class=\"wpb_text_column\"><div class=\"wpb_wrapper\"><p>Hl\u00e1senie posielajte iba za ten tok, na ktorom ste prekro\u010dili prah oslobodenia.<\/p>\n<\/div><\/div><\/div><\/div><\/div><div class=\"w-tabs-section\" id=\"1623676913320-c7b4450a-f91e\"><button class=\"w-tabs-section-header\" aria-controls=\"content-1623676913320-c7b4450a-f91e\" aria-expanded=\"false\"><h3 class=\"w-tabs-section-title\">5. Ak\u00fdm sp\u00f4sobom vypln\u00edm hl\u00e1senie?<\/h3><div class=\"w-tabs-section-control\"><\/div><\/button><div  class=\"w-tabs-section-content\" id=\"content-1623676913320-c7b4450a-f91e\"><div class=\"w-tabs-section-content-h i-cf\"><div class=\"wpb_text_column\"><div class=\"wpb_wrapper\"><p>Existuj\u00fa 3 sp\u00f4soby vypl\u0148ovania hl\u00e1senia:<\/p>\n<ul>\n<li>Priamo na str\u00e1nke: <a href=\"https:\/\/intrastat.financnasprava.sk\">https:\/\/intrastat.financnasprava.sk\u00a0<i class=\"far fa-angle-double-right\"><\/i><\/a>;<\/li>\n<li>Pomocou bezplatne poskytovanej aplik\u00e1cie Intrastat-CS, ktor\u00fa si m\u00f4\u017eete stiahnu\u0165 zo str\u00e1nky: <a href=\"https:\/\/intrastat.financnasprava.sk\">https:\/\/intrastat.financnasprava.sk\u00a0<i class=\"far fa-angle-double-right\"><\/i><\/a>;<\/li>\n<li>Pomocou komer\u010dn\u00fdch aplik\u00e1ci\u00ed, ktor\u00e9 podporuj\u00fa syst\u00e9m INTRASTAT-SK.<\/li>\n<\/ul>\n<\/div><\/div><\/div><\/div><\/div><div class=\"w-tabs-section\" id=\"1623677145472-640350f0-85e2\"><button class=\"w-tabs-section-header\" aria-controls=\"content-1623677145472-640350f0-85e2\" aria-expanded=\"false\"><h3 class=\"w-tabs-section-title\">6. Do ktor\u00e9ho d\u0148a v mesiaci sa pod\u00e1va hl\u00e1senie?<\/h3><div class=\"w-tabs-section-control\"><\/div><\/button><div  class=\"w-tabs-section-content\" id=\"content-1623677145472-640350f0-85e2\"><div class=\"w-tabs-section-content-h i-cf\"><div class=\"wpb_text_column\"><div class=\"wpb_wrapper\"><p>Do p\u00e4tn\u00e1steho kalend\u00e1rneho d\u0148a po skon\u010den\u00ed sledovan\u00e9ho obdobia. Ak pripadne posledn\u00fd de\u0148 lehoty na predlo\u017eenie INTRASTAT-SK hl\u00e1senia na sobotu, nede\u013eu alebo \u0161t\u00e1tny sviatok, posledn\u00fdm d\u0148om lehoty je najbli\u017e\u0161\u00ed nasleduj\u00faci pracovn\u00fd de\u0148.<\/p>\n<\/div><\/div><\/div><\/div><\/div><div class=\"w-tabs-section\" id=\"1623677197450-192fcc12-e095\"><button class=\"w-tabs-section-header\" aria-controls=\"content-1623677197450-192fcc12-e095\" aria-expanded=\"false\"><h3 class=\"w-tabs-section-title\">7. Ako \u010d\u00edslova\u0165 hl\u00e1senia?<\/h3><div class=\"w-tabs-section-control\"><\/div><\/button><div  class=\"w-tabs-section-content\" id=\"content-1623677197450-192fcc12-e095\"><div class=\"w-tabs-section-content-h i-cf\"><div class=\"wpb_text_column\"><div class=\"wpb_wrapper\"><p>\u010c\u00edslo hl\u00e1senia v\u00a0ka\u017edom mesiaci za\u010d\u00edna \u010d. 1.<\/p>\n<p>Poradov\u00e9 \u010d\u00edsla \u010diastkov\u00fdch hl\u00e1sen\u00ed v sledovanom obdob\u00ed musia nasledova\u0165 za sebou, bez preru\u0161enia.<\/p>\n<p>Hl\u00e1senia sa \u010d\u00edsluj\u00fa zvl\u00e1\u0161\u0165 pre dovoz tovaru v r\u00e1mci EU a zvl\u00e1\u0161\u0165 pre v\u00fdvoz tovaru v r\u00e1mci EU.<\/p>\n<\/div><\/div><\/div><\/div><\/div><div class=\"w-tabs-section\" id=\"1623677275416-12d468fa-0e27\"><button class=\"w-tabs-section-header\" aria-controls=\"content-1623677275416-12d468fa-0e27\" aria-expanded=\"false\"><h3 class=\"w-tabs-section-title\">8. Ako m\u00e1m postupova\u0165, ak som do odoslan\u00e9ho a u\u017e schv\u00e1len\u00e9ho hl\u00e1senia nezahrnul(a) v\u0161etky fakt\u00fary?<\/h3><div class=\"w-tabs-section-control\"><\/div><\/button><div  class=\"w-tabs-section-content\" id=\"content-1623677275416-12d468fa-0e27\"><div class=\"w-tabs-section-content-h i-cf\"><div class=\"wpb_text_column\"><div class=\"wpb_wrapper\"><p>V\u00a0takomto pr\u00edpade je potrebn\u00e9 zasla\u0165 \u010fal\u0161ie riadne hl\u00e1senie s\u00a0vy\u0161\u0161\u00edm poradov\u00fdm \u010d\u00edslom, kde uvediete iba \u00fadaje z\u00a0fakt\u00far, ktor\u00e9 neboli zahrnut\u00e9 v\u00a0predch\u00e1dzaj\u00facom hl\u00e1sen\u00ed.<\/p>\n<\/div><\/div><\/div><\/div><\/div><div class=\"w-tabs-section\" id=\"1623677353473-6602c1cd-f5ec\"><button class=\"w-tabs-section-header\" aria-controls=\"content-1623677353473-6602c1cd-f5ec\" aria-expanded=\"false\"><h3 class=\"w-tabs-section-title\">9. \u010co mus\u00edm urobi\u0165 v pr\u00edpade, \u017ee m\u00e1me spravodajsk\u00fa povinnos\u0165 a v ur\u010ditom mesiaci sme nedoviezli ani nevyviezli \u017eiadny tovar?<\/h3><div class=\"w-tabs-section-control\"><\/div><\/button><div  class=\"w-tabs-section-content\" id=\"content-1623677353473-6602c1cd-f5ec\"><div class=\"w-tabs-section-content-h i-cf\"><div class=\"wpb_text_column\"><div class=\"wpb_wrapper\"><p>V\u00a0takomto pr\u00edpade po\u0161lete nulov\u00e9 hl\u00e1senie.<\/p>\n<\/div><\/div><\/div><\/div><\/div><div class=\"w-tabs-section\" id=\"1623677409034-da5baeff-88d8\"><button class=\"w-tabs-section-header\" aria-controls=\"content-1623677409034-da5baeff-88d8\" aria-expanded=\"false\"><h3 class=\"w-tabs-section-title\">10. Ako m\u00f4\u017eem opravi\u0165 odoslan\u00e9 a schv\u00e1len\u00e9 hl\u00e1senie?<\/h3><div class=\"w-tabs-section-control\"><\/div><\/button><div  class=\"w-tabs-section-content\" id=\"content-1623677409034-da5baeff-88d8\"><div class=\"w-tabs-section-content-h i-cf\"><div class=\"wpb_text_column\"><div class=\"wpb_wrapper\"><p>Opravu schv\u00e1len\u00e9ho hl\u00e1senia m\u00f4\u017eete urobi\u0165 podan\u00edm opravn\u00e9ho hl\u00e1senia OPRAVOU POLO\u017dKY alebo zru\u0161en\u00edm cel\u00e9ho hl\u00e1senia RU\u0160IACIM HL\u00c1SEN\u00cdM a\u00a0zaslan\u00edm nov\u00e9ho hl\u00e1senia s\u00a0nasleduj\u00facim poradov\u00fdm \u010d\u00edslom.<\/p>\n<\/div><\/div><\/div><\/div><\/div><div class=\"w-tabs-section\" id=\"1623677486982-5ae22c99-e8f5\"><button class=\"w-tabs-section-header\" aria-controls=\"content-1623677486982-5ae22c99-e8f5\" aria-expanded=\"false\"><h3 class=\"w-tabs-section-title\">11. Kedy mus\u00edm opravova\u0165 hl\u00e1senie?<\/h3><div class=\"w-tabs-section-control\"><\/div><\/button><div  class=\"w-tabs-section-content\" id=\"content-1623677486982-5ae22c99-e8f5\"><div class=\"w-tabs-section-content-h i-cf\"><div class=\"wpb_text_column\"><div class=\"wpb_wrapper\"><ol>\n<li>Ak sa p\u00f4vodn\u00e1 hodnota tovaru zmenila o <span class=\"nobreak\">5 %<\/span> alebo viac a z\u00e1rove\u0148 minim\u00e1lne o <span class=\"nobreak\">15 000 eur<\/span>;<\/li>\n<li>ak sa p\u00f4vodn\u00e1 \u010dist\u00e1 hmotnos\u0165 zmenila o <span class=\"nobreak\">5 %<\/span> alebo viac a z\u00e1rove\u0148 minim\u00e1lne o <span class=\"nobreak\">500 kg<\/span>;<\/li>\n<li>ak sa p\u00f4vodn\u00e9 mno\u017estvo v dodatkov\u00fdch mern\u00fdch jednotk\u00e1ch zmenilo o <span class=\"nobreak\">5 %<\/span> alebo viac.<\/li>\n<\/ol>\n<\/div><\/div><\/div><\/div><\/div><div class=\"w-tabs-section\" id=\"1623677582769-de579156-4412\"><button class=\"w-tabs-section-header\" aria-controls=\"content-1623677582769-de579156-4412\" aria-expanded=\"false\"><h3 class=\"w-tabs-section-title\">12. Ako postupova\u0165, ke\u010f mi nefunguj\u00fa prihlasovacie \u00fadaje na port\u00e1l finan\u010dnej spr\u00e1vy pre syst\u00e9m INTRASTAT-SK?<\/h3><div class=\"w-tabs-section-control\"><\/div><\/button><div  class=\"w-tabs-section-content\" id=\"content-1623677582769-de579156-4412\"><div class=\"w-tabs-section-content-h i-cf\"><div class=\"wpb_text_column\"><div class=\"wpb_wrapper\"><p>V\u00a0takomto pr\u00edpade kontaktujte Konzulta\u010dn\u00e9 pracovisko finan\u010dnej spr\u00e1vy (<a href=\"mailto:helpdesk.intrastat@financnasprava.sk\">helpdesk.intrastat@financnasprava.sk<\/a>) pre \u0161tatistick\u00e9 zis\u0165ovania INTRASTAT-SK na vygenerovanie nov\u00fdch prihlasovac\u00edch \u00fadajov.<\/p>\n<\/div><\/div><\/div><\/div><\/div><div class=\"w-tabs-section\" id=\"1623677760525-b520be1e-75bb\"><button class=\"w-tabs-section-header\" aria-controls=\"content-1623677760525-b520be1e-75bb\" aria-expanded=\"false\"><h3 class=\"w-tabs-section-title\">13. Ako m\u00e1m opravi\u0165 hl\u00e1senie, ke\u010f som uviedol(a) nespr\u00e1vny mesiac?<\/h3><div class=\"w-tabs-section-control\"><\/div><\/button><div  class=\"w-tabs-section-content\" id=\"content-1623677760525-b520be1e-75bb\"><div class=\"w-tabs-section-content-h i-cf\"><div class=\"wpb_text_column\"><div class=\"wpb_wrapper\"><p>V\u00a0takomto pr\u00edpade zru\u0161\u00edte p\u00f4vodn\u00e9 hl\u00e1senie RU\u0160IACIM HL\u00c1SEN\u00cdM a\u00a0po\u0161lete nov\u00e9 hl\u00e1senie s\u00a0vy\u0161\u0161\u00edm poradov\u00fdm \u010d\u00edslom.<\/p>\n<\/div><\/div><\/div><\/div><\/div><div class=\"w-tabs-section\" id=\"1623677816306-cb24da79-4ee2\"><button class=\"w-tabs-section-header\" aria-controls=\"content-1623677816306-cb24da79-4ee2\" aria-expanded=\"false\"><h3 class=\"w-tabs-section-title\">14. Ako m\u00e1m zahrn\u00fa\u0165 dobropis do hl\u00e1senia?<\/h3><div class=\"w-tabs-section-control\"><\/div><\/button><div  class=\"w-tabs-section-content\" id=\"content-1623677816306-cb24da79-4ee2\"><div class=\"w-tabs-section-content-h i-cf\"><div class=\"wpb_text_column\"><div class=\"wpb_wrapper\"><p>Postup bude z\u00e1visie\u0165 od d\u00f4vodu vydania dobropisu a\u00a0to:<\/p>\n<ul>\n<li>Ak sa dobropisom opravuje p\u00f4vodn\u00e1 fakt\u00fara bez vr\u00e1tenia tovaru, urob\u00edte opravn\u00e9 hl\u00e1senie.<\/li>\n<li>Ak je dobropis spojen\u00fd s\u00a0vr\u00e1ten\u00edm tovaru, odo\u0161lete riadne hl\u00e1senie, ale na opa\u010dnom toku. Fakturovan\u00e1 hodnota mus\u00ed by\u0165 kladn\u00e9 \u010d\u00edslo.<\/li>\n<li>Ak dobropisom pred\u00e1vaj\u00faci dodato\u010dne zn\u00ed\u017eil cenu tovaru z\u00a0d\u00f4vodu z\u013eavy alebo rabatu, ktor\u00e9 sa t\u00fdkaj\u00fa viacer\u00fdch sledovan\u00fdch obdob\u00ed (napr. mno\u017estevn\u00e9 rabaty), toto zn\u00ed\u017eenie fakturovanej sumy na hl\u00e1seniach neuv\u00e1dzate a\u00a0zaslan\u00e9 hl\u00e1senia neopravujete.<\/li>\n<\/ul>\n<\/div><\/div><\/div><\/div><\/div><\/div><\/div><\/div><\/div><\/div><\/div><\/section>\n<\/div><\/div><\/div><\/div><\/div><div class=\"wpb_column vc_column_container us_custom_243ec60c sidebar-column type_sticky\"><div class=\"vc_column-inner\" style=\"top:10rem\"><div class=\"g-cols wpb_row us_custom_d4073570 via_grid cols_1 laptops-cols_inherit tablets-cols_inherit mobiles-cols_1 valign_top type_default stacking_default\"><div class=\"wpb_column vc_column_container us_custom_b6a72ce1\"><div class=\"vc_column-inner\"><section class=\"l-section wpb_row us_custom_b6a72ce1 height_small\"><div class=\"l-section-h i-cf\"><div class=\"g-cols vc_row via_grid cols_1 laptops-cols_inherit tablets-cols_inherit mobiles-cols_1 valign_top type_default stacking_default\"><div class=\"wpb_column vc_column_container\"><div class=\"vc_column-inner\"><div class=\"wpb_text_column us_custom_e3150f4d sidebar\"><div class=\"wpb_wrapper\"><h3>Ak chcete polo\u017ei\u0165 ot\u00e1zku, vyu\u017eite formul\u00e1r R\u00fdchla ot\u00e1zka.<\/h3>\n<\/div><\/div><div class=\"w-popup us_custom_5f3f91d4 sidebar w-btn-wrapper align_none\"><button class=\"w-popup-trigger type_btn w-btn us-btn-style_2\"><span class=\"w-btn-label\">R\u00fdchla ot\u00e1zka<\/span><\/button><div class=\"w-popup-overlay\" style=\"background:rgba(0,0,0,0.85);\"><\/div><div class=\"w-popup-wrap\" style=\"--title-color:var(--color-content-heading);--title-bg-color:var(--color-content-bg-alt);--content-color:var(--color-content-text);--content-bg-color:var(--color-content-bg)\"><div class=\"w-popup-box animation_fadeIn closerpos_outside with_title\" style=\"width:600px;\"><div class=\"w-popup-box-h\"><div class=\"w-popup-box-title\">R\u00fdchla ot\u00e1zka<\/div><div class=\"w-popup-box-content\" style=\"padding:5%;\"><p>V\u0161etky polia s\u00fa povinn\u00e9.<\/p>\n<div class=\"wpcf7 no-js\" id=\"wpcf7-f148-o1\" lang=\"sk-SK\" dir=\"ltr\">\n<div class=\"screen-reader-response\"><p role=\"status\" aria-live=\"polite\" aria-atomic=\"true\"><\/p> <ul><\/ul><\/div>\n<form action=\"\/Intrastat\/wp-json\/wp\/v2\/pages\/130#wpcf7-f148-o1\" method=\"post\" class=\"wpcf7-form init\" aria-label=\"Contact form\" novalidate=\"novalidate\" data-status=\"init\">\n<div style=\"display: none;\">\n<input type=\"hidden\" name=\"_wpcf7\" value=\"148\" \/>\n<input type=\"hidden\" name=\"_wpcf7_version\" value=\"5.7.7\" \/>\n<input type=\"hidden\" name=\"_wpcf7_locale\" value=\"sk_SK\" \/>\n<input type=\"hidden\" name=\"_wpcf7_unit_tag\" value=\"wpcf7-f148-o1\" \/>\n<input type=\"hidden\" name=\"_wpcf7_container_post\" value=\"0\" \/>\n<input type=\"hidden\" name=\"_wpcf7_posted_data_hash\" value=\"\" \/>\n<input type=\"hidden\" name=\"_wpcf7_recaptcha_response\" value=\"\" \/>\n<\/div>\n<p><label>I\u010c DPH spolo\u010dnosti:<br \/>\n<span class=\"wpcf7-form-control-wrap\" data-name=\"company-id\"><input size=\"40\" class=\"wpcf7-form-control wpcf7-text wpcf7-validates-as-required\" aria-required=\"true\" aria-invalid=\"false\" value=\"\" type=\"text\" name=\"company-id\" \/><\/span> <\/label>\n<\/p>\n<p><label>N\u00e1zov spolo\u010dnosti:<br \/>\n<span class=\"wpcf7-form-control-wrap\" data-name=\"company-name\"><input size=\"40\" class=\"wpcf7-form-control wpcf7-text wpcf7-validates-as-required\" aria-required=\"true\" aria-invalid=\"false\" value=\"\" type=\"text\" name=\"company-name\" \/><\/span> <\/label>\n<\/p>\n<p><label>Telef\u00f3n:<br \/>\n<span class=\"wpcf7-form-control-wrap\" data-name=\"tel-number\"><input size=\"40\" class=\"wpcf7-form-control wpcf7-text wpcf7-tel wpcf7-validates-as-required wpcf7-validates-as-tel\" aria-required=\"true\" aria-invalid=\"false\" value=\"\" type=\"tel\" name=\"tel-number\" \/><\/span> <\/label>\n<\/p>\n<p><label> E-mail:<br \/>\n<span class=\"wpcf7-form-control-wrap\" data-name=\"email\"><input size=\"40\" class=\"wpcf7-form-control wpcf7-text wpcf7-email wpcf7-validates-as-required wpcf7-validates-as-email\" aria-required=\"true\" aria-invalid=\"false\" value=\"\" type=\"email\" name=\"email\" \/><\/span> <\/label>\n<\/p>\n<p><label>Meno:<br \/>\n<span class=\"wpcf7-form-control-wrap\" data-name=\"firstname\"><input size=\"40\" class=\"wpcf7-form-control wpcf7-text wpcf7-validates-as-required\" aria-required=\"true\" aria-invalid=\"false\" value=\"\" type=\"text\" name=\"firstname\" \/><\/span> <\/label>\n<\/p>\n<p><label>Priezvisko:<br \/>\n<span class=\"wpcf7-form-control-wrap\" data-name=\"surname\"><input size=\"40\" class=\"wpcf7-form-control wpcf7-text wpcf7-validates-as-required\" aria-required=\"true\" aria-invalid=\"false\" value=\"\" type=\"text\" name=\"surname\" \/><\/span> <\/label>\n<\/p>\n<p><label>Ot\u00e1zka:<br \/>\n<span class=\"wpcf7-form-control-wrap\" data-name=\"message\"><textarea cols=\"40\" rows=\"10\" class=\"wpcf7-form-control wpcf7-textarea wpcf7-validates-as-required\" aria-required=\"true\" aria-invalid=\"false\" name=\"message\"><\/textarea><\/span> <\/label>\n<\/p>\n<p><span class=\"wpcf7-form-control-wrap\" data-name=\"acceptance-662\"><span class=\"wpcf7-form-control wpcf7-acceptance\"><span class=\"wpcf7-list-item\"><label><input type=\"checkbox\" name=\"acceptance-662\" value=\"1\" aria-invalid=\"false\" \/><span class=\"wpcf7-list-item-label\">S\u00fahlas\u00edm so spracovan\u00edm osobn\u00fdch \u00fadajov v zmysle z\u00e1sad <a href=\"https:\/\/intrastat.statistics.sk\/Intrastat\/ochrana-osobnych-udajov\/\">ochrany osobn\u00fdch \u00fadajov<\/a>.<\/span><\/label><\/span><\/span><\/span>\n<\/p>\n<p>T\u00e1to str\u00e1nka je chr\u00e1nen\u00e1 protokolom reCAPTCHA a platia <a href=\"https:\/\/policies.google.com\/privacy\" target=\"_blank\">pravidl\u00e1 ochrany osobn\u00fdch \u00fadajov<\/a> a <a href=\"https:\/\/policies.google.com\/terms\" target=\"_blank\">zmluvn\u00e9 podmienky<\/a> spolo\u010dnosti Google.\n<\/p>\n<p><input class=\"wpcf7-form-control has-spinner wpcf7-submit\" type=\"submit\" value=\"Odosla\u0165\" \/>\n<\/p><div class=\"wpcf7-response-output\" aria-hidden=\"true\"><\/div>\n<\/form>\n<\/div>\n<\/div><\/div><\/div><div class=\"w-popup-closer\"><\/div><\/div><\/div><div class=\"wpb_text_column us_custom_347c5f03 sidebar has_text_color\"><div class=\"wpb_wrapper\"><p>Formul\u00e1r nesl\u00fa\u017ei na registr\u00e1ciu spravodajskej jednotky, zru\u0161enie spravodajskej povinnosti a ozn\u00e1menie zmien spravodajskej jednotky.<\/p>\n<\/div><\/div><\/div><\/div><\/div><\/div><\/section>\n<\/div><\/div><\/div><\/div><\/div><\/div><\/div><\/section>\n","protected":false},"excerpt":{"rendered":"\u010casto kladen\u00e9 ot\u00e1zky 1. Ako zist\u00edm, \u010di m\u00e1m spravodajsk\u00fa povinnos\u0165 v roku 2026?Spravodajsk\u00e1 povinnos\u0165 sa vz\u0165ahuje na v\u0161etky subjekty, ktor\u00e9 splnia jednu z\u00a0podmienok: prekro\u010dili prah oslobodenia pre dovoz tovaru v r\u00e1mci E\u00da\u00a0 a v\u00fdvoz tovaru v r\u00e1mci E\u00da, ktor\u00fd je stanoven\u00fd vo v\u00fd\u0161ke 1 000 000 eur. Na ur\u010denie spravodajskej povinnosti pre rok 2026 sa...","protected":false},"author":6,"featured_media":0,"parent":0,"menu_order":0,"comment_status":"closed","ping_status":"closed","template":"","meta":{"om_disable_all_campaigns":false,"_exactmetrics_skip_tracking":false,"_exactmetrics_sitenote_active":false,"_exactmetrics_sitenote_note":"","_exactmetrics_sitenote_category":0,"_uf_show_specific_survey":0,"_uf_disable_surveys":false,"footnotes":""},"class_list":["post-130","page","type-page","status-publish","hentry"],"aioseo_notices":[],"_links":{"self":[{"href":"https:\/\/intrastat.statistics.sk\/Intrastat\/wp-json\/wp\/v2\/pages\/130","targetHints":{"allow":["GET"]}}],"collection":[{"href":"https:\/\/intrastat.statistics.sk\/Intrastat\/wp-json\/wp\/v2\/pages"}],"about":[{"href":"https:\/\/intrastat.statistics.sk\/Intrastat\/wp-json\/wp\/v2\/types\/page"}],"author":[{"embeddable":true,"href":"https:\/\/intrastat.statistics.sk\/Intrastat\/wp-json\/wp\/v2\/users\/6"}],"replies":[{"embeddable":true,"href":"https:\/\/intrastat.statistics.sk\/Intrastat\/wp-json\/wp\/v2\/comments?post=130"}],"version-history":[{"count":32,"href":"https:\/\/intrastat.statistics.sk\/Intrastat\/wp-json\/wp\/v2\/pages\/130\/revisions"}],"predecessor-version":[{"id":1095,"href":"https:\/\/intrastat.statistics.sk\/Intrastat\/wp-json\/wp\/v2\/pages\/130\/revisions\/1095"}],"wp:attachment":[{"href":"https:\/\/intrastat.statistics.sk\/Intrastat\/wp-json\/wp\/v2\/media?parent=130"}],"curies":[{"name":"wp","href":"https:\/\/api.w.org\/{rel}","templated":true}]}}