{"id":1232,"date":"2021-10-06T13:23:51","date_gmt":"2021-10-06T11:23:51","guid":{"rendered":"https:\/\/intrastat.statistics.sk\/Intrastat\/?page_id=1232"},"modified":"2025-02-06T10:15:12","modified_gmt":"2025-02-06T09:15:12","slug":"vzory-formularov-a-metodicke-vysvetlivky","status":"publish","type":"page","link":"https:\/\/intrastat.statistics.sk\/Intrastat\/vzory-formularov-a-metodicke-vysvetlivky\/","title":{"rendered":"Vzory formul\u00e1rov a metodick\u00e9 vysvetlivky"},"content":{"rendered":"<section class=\"l-section wpb_row height_small\" id=\"content\"><div class=\"l-section-h i-cf\"><div class=\"g-cols vc_row via_grid cols_1 laptops-cols_inherit tablets-cols_inherit mobiles-cols_1 valign_top type_default stacking_default\"><div class=\"wpb_column vc_column_container\"><div class=\"vc_column-inner\"><div class=\"wpb_text_column\"><div class=\"wpb_wrapper\"><h2>Vzory formul\u00e1rov a metodick\u00e9 vysvetlivky<\/h2>\n<\/div><\/div><\/div><\/div><\/div><\/div><\/section><section class=\"l-section wpb_row height_small\"><div class=\"l-section-h i-cf\"><div class=\"g-cols vc_row via_grid cols_2-1 laptops-cols_inherit tablets-cols_inherit mobiles-cols_1 valign_top type_default reversed stacking_default\"><div class=\"wpb_column vc_column_container\"><div class=\"vc_column-inner\"><div class=\"g-cols wpb_row us_custom_1680fb62 via_grid cols_1 laptops-cols_inherit tablets-cols_inherit mobiles-cols_1 valign_top type_default stacking_default\"><div class=\"wpb_column vc_column_container\"><div class=\"vc_column-inner\"><div class=\"wpb_text_column\"><div class=\"wpb_wrapper\"><p>\u0160tatistika obchodovania s tovarom medzi SR a \u010dlensk\u00fdmi \u0161t\u00e1tmi E\u00da sa sleduje osobitne pre tovar vyvezen\u00fd zo SR a osobitne pre tovar dovezen\u00fd do SR, preto pre oba toky tovarov existuj\u00fa osobitn\u00e9 formul\u00e1re.<\/p>\n<\/div><\/div><div class=\"wpb_text_column\"><div class=\"wpb_wrapper\"><h3><strong>Dovoz tovaru v r\u00e1mci E\u00da 2025<\/strong><\/h3>\n<p>Formul\u00e1r ZO 1-12\/Hl\u00e1senie o dovoze tovaru v r\u00e1mci E\u00da pou\u017e\u00edvaj\u00fa spravodajsk\u00e9 jednotky na predkladanie inform\u00e1ci\u00ed o tovare vstupuj\u00facom na \u00fazemie Slovenskej republiky z in\u00fdch \u010dlensk\u00fdch \u0161t\u00e1tov E\u00da alebo z \u00fazemia Severn\u00e9ho \u00cdrska, okrem tovaru v tranzite. Obsah t\u00fdchto hl\u00e1sen\u00ed sa pou\u017e\u00edva v\u00fdhradne na \u0161tatistick\u00e9 \u00fa\u010dely.<\/p>\n<p><span class=\"download\"><span id=\"arrival\">Formul\u00e1r ZO 1-12<\/span>: <a title=\"Formul\u00e1r ZO 1-12, XLSX, 41 kB\" href=\"https:\/\/intrastat.statistics.sk\/Intrastat\/wp-content\/uploads\/2024\/12\/25form_112.xlsx\" target=\"_blank\" rel=\"noopener\">XLSX, 41 kB \u00a0<\/a><a title=\"Formul\u00e1r ZO 1-12, PDF, 247 kB\" href=\"https:\/\/intrastat.statistics.sk\/Intrastat\/wp-content\/uploads\/2024\/12\/25form_112.pdf\" target=\"_blank\" rel=\"noopener\">PDF, 247 kB <\/a><\/span><\/p>\n<p><span class=\"download\">Metodick\u00e9 vysvetlivky k formul\u00e1ru ZO 1-12: <a title=\"Metodick\u00e9 vysvetlivky k formul\u00e1ru ZO 1-12, PDF, 509 kB\" href=\"https:\/\/intrastat.statistics.sk\/Intrastat\/wp-content\/uploads\/2024\/12\/25metvys_112.pdf\" target=\"_blank\" rel=\"noopener\">PDF, 509 kB <i class=\"far fa-arrow-to-bottom\"><\/i><\/a><\/span><\/p>\n<\/div><\/div><div class=\"wpb_text_column\"><div class=\"wpb_wrapper\"><h3><strong>V\u00fdvoz tovaru v r\u00e1mci E\u00da 2025<\/strong><\/h3>\n<p>Formul\u00e1r ZO 2-12\/Hl\u00e1senie o v\u00fdvoze tovaru v r\u00e1mci E\u00da pou\u017e\u00edvaj\u00fa spravodajsk\u00e9 jednotky na predkladanie inform\u00e1ci\u00ed o tovare op\u00fa\u0161\u0165aj\u00facom \u00fazemie Slovenskej republiky s miestom ur\u010denia v inom \u010dlenskom \u0161t\u00e1te E\u00da alebo na \u00fazem\u00ed Severn\u00e9ho \u00cdrska, okrem tovaru v tranzite. Obsah t\u00fdchto hl\u00e1sen\u00ed sa pou\u017e\u00edva v\u00fdhradne na \u0161tatistick\u00e9 \u00fa\u010dely.<\/p>\n<p><span class=\"download\"><span id=\"dispatch\">Formul\u00e1r ZO 2-12<\/span>: <a title=\"Formul\u00e1r ZO 2-12, XLSX, 41 kB\" href=\"https:\/\/intrastat.statistics.sk\/Intrastat\/wp-content\/uploads\/2024\/12\/25form_212.xlsx\" target=\"_blank\" rel=\"noopener\">XLSX, 41 kB <i class=\"far fa-arrow-to-bottom\"><\/i><\/a><a title=\"Formul\u00e1r ZO 2-12, PDF, 250 kB\" href=\"https:\/\/intrastat.statistics.sk\/Intrastat\/wp-content\/uploads\/2024\/12\/25form_212.pdf\" target=\"_blank\" rel=\"noopener\">PDF, 250 kB <i class=\"far fa-arrow-to-bottom\"><\/i><\/a><\/span><\/p>\n<p><span class=\"download\">Metodick\u00e9 vysvetlivky k formul\u00e1ru ZO 2-12: <a title=\"Metodick\u00e9 vysvetlivky k formul\u00e1ru ZO 2-12, PDF, 395 kB\" href=\"https:\/\/intrastat.statistics.sk\/Intrastat\/wp-content\/uploads\/2024\/12\/25metvys_212.pdf\" target=\"_blank\" rel=\"noopener\">PDF, 395 kB <i class=\"far fa-arrow-to-bottom\"><\/i><\/a><\/span><\/p>\n<\/div><\/div><\/div><\/div><\/div><\/div><\/div><div class=\"wpb_column vc_column_container us_custom_243ec60c type_sticky\"><div class=\"vc_column-inner\" style=\"top:10rem\"><div class=\"g-cols wpb_row us_custom_d4073570 via_grid cols_1 laptops-cols_inherit tablets-cols_inherit mobiles-cols_1 valign_top type_default stacking_default\"><div class=\"wpb_column vc_column_container\"><div class=\"vc_column-inner\"><section class=\"l-section wpb_row us_custom_b6a72ce1 height_small\"><div class=\"l-section-h i-cf\"><div class=\"g-cols vc_row via_grid cols_1 laptops-cols_inherit tablets-cols_inherit mobiles-cols_1 valign_top type_default stacking_default\"><div class=\"wpb_column vc_column_container\"><div class=\"vc_column-inner\"><div class=\"wpb_text_column us_custom_e3150f4d sidebar\"><div class=\"wpb_wrapper\"><h3>Ak chcete polo\u017ei\u0165 ot\u00e1zku, vyu\u017eite formul\u00e1r R\u00fdchla ot\u00e1zka.<\/h3>\n<\/div><\/div><div class=\"w-popup us_custom_5f3f91d4 sidebar w-btn-wrapper align_none\"><button class=\"w-popup-trigger type_btn w-btn us-btn-style_2\"><span class=\"w-btn-label\">R\u00fdchla ot\u00e1zka<\/span><\/button><div class=\"w-popup-overlay\" style=\"background:rgba(0,0,0,0.85);\"><\/div><div class=\"w-popup-wrap\" style=\"--title-color:var(--color-content-heading);--title-bg-color:var(--color-content-bg-alt);--content-color:var(--color-content-text);--content-bg-color:var(--color-content-bg)\"><div class=\"w-popup-box animation_fadeIn closerpos_outside with_title\" style=\"width:600px;\"><div class=\"w-popup-box-h\"><div class=\"w-popup-box-title\">R\u00fdchla ot\u00e1zka<\/div><div class=\"w-popup-box-content\" style=\"padding:5%;\"><p>V\u0161etky polia s\u00fa povinn\u00e9.<\/p>\n<div class=\"wpcf7 no-js\" id=\"wpcf7-f148-o1\" lang=\"sk-SK\" dir=\"ltr\">\n<div class=\"screen-reader-response\"><p role=\"status\" aria-live=\"polite\" aria-atomic=\"true\"><\/p> <ul><\/ul><\/div>\n<form action=\"\/Intrastat\/wp-json\/wp\/v2\/pages\/1232#wpcf7-f148-o1\" method=\"post\" class=\"wpcf7-form init\" aria-label=\"Contact form\" novalidate=\"novalidate\" data-status=\"init\">\n<div style=\"display: none;\">\n<input type=\"hidden\" name=\"_wpcf7\" value=\"148\" \/>\n<input type=\"hidden\" name=\"_wpcf7_version\" value=\"5.7.7\" \/>\n<input type=\"hidden\" name=\"_wpcf7_locale\" value=\"sk_SK\" \/>\n<input type=\"hidden\" name=\"_wpcf7_unit_tag\" value=\"wpcf7-f148-o1\" \/>\n<input type=\"hidden\" name=\"_wpcf7_container_post\" value=\"0\" \/>\n<input type=\"hidden\" name=\"_wpcf7_posted_data_hash\" value=\"\" \/>\n<input type=\"hidden\" name=\"_wpcf7_recaptcha_response\" value=\"\" \/>\n<\/div>\n<p><label>I\u010c DPH spolo\u010dnosti:<br \/>\n<span class=\"wpcf7-form-control-wrap\" data-name=\"company-id\"><input size=\"40\" class=\"wpcf7-form-control wpcf7-text wpcf7-validates-as-required\" aria-required=\"true\" aria-invalid=\"false\" value=\"\" type=\"text\" name=\"company-id\" \/><\/span> <\/label>\n<\/p>\n<p><label>N\u00e1zov spolo\u010dnosti:<br \/>\n<span class=\"wpcf7-form-control-wrap\" data-name=\"company-name\"><input size=\"40\" class=\"wpcf7-form-control wpcf7-text wpcf7-validates-as-required\" aria-required=\"true\" aria-invalid=\"false\" value=\"\" type=\"text\" name=\"company-name\" \/><\/span> <\/label>\n<\/p>\n<p><label>Telef\u00f3n:<br \/>\n<span class=\"wpcf7-form-control-wrap\" data-name=\"tel-number\"><input size=\"40\" class=\"wpcf7-form-control wpcf7-text wpcf7-tel wpcf7-validates-as-required wpcf7-validates-as-tel\" aria-required=\"true\" aria-invalid=\"false\" value=\"\" type=\"tel\" name=\"tel-number\" \/><\/span> <\/label>\n<\/p>\n<p><label> E-mail:<br \/>\n<span class=\"wpcf7-form-control-wrap\" data-name=\"email\"><input size=\"40\" class=\"wpcf7-form-control wpcf7-text wpcf7-email wpcf7-validates-as-required wpcf7-validates-as-email\" aria-required=\"true\" aria-invalid=\"false\" value=\"\" type=\"email\" name=\"email\" \/><\/span> <\/label>\n<\/p>\n<p><label>Meno:<br \/>\n<span class=\"wpcf7-form-control-wrap\" data-name=\"firstname\"><input size=\"40\" class=\"wpcf7-form-control wpcf7-text wpcf7-validates-as-required\" aria-required=\"true\" aria-invalid=\"false\" value=\"\" type=\"text\" name=\"firstname\" \/><\/span> <\/label>\n<\/p>\n<p><label>Priezvisko:<br \/>\n<span class=\"wpcf7-form-control-wrap\" data-name=\"surname\"><input size=\"40\" class=\"wpcf7-form-control wpcf7-text wpcf7-validates-as-required\" aria-required=\"true\" aria-invalid=\"false\" value=\"\" type=\"text\" name=\"surname\" \/><\/span> <\/label>\n<\/p>\n<p><label>Ot\u00e1zka:<br \/>\n<span class=\"wpcf7-form-control-wrap\" data-name=\"message\"><textarea cols=\"40\" rows=\"10\" class=\"wpcf7-form-control wpcf7-textarea wpcf7-validates-as-required\" aria-required=\"true\" aria-invalid=\"false\" name=\"message\"><\/textarea><\/span> <\/label>\n<\/p>\n<p><span class=\"wpcf7-form-control-wrap\" data-name=\"acceptance-662\"><span class=\"wpcf7-form-control wpcf7-acceptance\"><span class=\"wpcf7-list-item\"><label><input type=\"checkbox\" name=\"acceptance-662\" value=\"1\" aria-invalid=\"false\" \/><span class=\"wpcf7-list-item-label\">S\u00fahlas\u00edm so spracovan\u00edm osobn\u00fdch \u00fadajov v zmysle z\u00e1sad <a href=\"https:\/\/intrastat.statistics.sk\/Intrastat\/ochrana-osobnych-udajov\/\">ochrany osobn\u00fdch \u00fadajov<\/a>.<\/span><\/label><\/span><\/span><\/span>\n<\/p>\n<p>T\u00e1to str\u00e1nka je chr\u00e1nen\u00e1 protokolom reCAPTCHA a platia <a href=\"https:\/\/policies.google.com\/privacy\" target=\"_blank\">pravidl\u00e1 ochrany osobn\u00fdch \u00fadajov<\/a> a <a href=\"https:\/\/policies.google.com\/terms\" target=\"_blank\">zmluvn\u00e9 podmienky<\/a> spolo\u010dnosti Google.\n<\/p>\n<p><input class=\"wpcf7-form-control has-spinner wpcf7-submit\" type=\"submit\" value=\"Odosla\u0165\" \/>\n<\/p><div class=\"wpcf7-response-output\" aria-hidden=\"true\"><\/div>\n<\/form>\n<\/div>\n<\/div><\/div><\/div><div class=\"w-popup-closer\"><\/div><\/div><\/div><div class=\"wpb_text_column us_custom_347c5f03 sidebar has_text_color\"><div class=\"wpb_wrapper\"><p>Formul\u00e1r nesl\u00fa\u017ei na registr\u00e1ciu spravodajskej jednotky, zru\u0161enie spravodajskej povinnosti a ozn\u00e1menie zmien spravodajskej jednotky.<\/p>\n<\/div><\/div><\/div><\/div><\/div><\/div><\/section>\n<\/div><\/div><\/div><\/div><\/div><\/div><\/div><\/section>\n","protected":false},"excerpt":{"rendered":"Vzory formul\u00e1rov a metodick\u00e9 vysvetlivky \u0160tatistika obchodovania s tovarom medzi SR a \u010dlensk\u00fdmi \u0161t\u00e1tmi E\u00da sa sleduje osobitne pre tovar vyvezen\u00fd zo SR a osobitne pre tovar dovezen\u00fd do SR, preto pre oba toky tovarov existuj\u00fa osobitn\u00e9 formul\u00e1re. Dovoz tovaru v r\u00e1mci E\u00da 2025 Formul\u00e1r ZO 1-12\/Hl\u00e1senie o dovoze tovaru v r\u00e1mci E\u00da pou\u017e\u00edvaj\u00fa spravodajsk\u00e9...","protected":false},"author":6,"featured_media":0,"parent":0,"menu_order":0,"comment_status":"closed","ping_status":"closed","template":"","meta":{"om_disable_all_campaigns":false,"_exactmetrics_skip_tracking":false,"_exactmetrics_sitenote_active":false,"_exactmetrics_sitenote_note":"","_exactmetrics_sitenote_category":0,"_uf_show_specific_survey":0,"_uf_disable_surveys":false,"footnotes":""},"class_list":["post-1232","page","type-page","status-publish","hentry"],"aioseo_notices":[],"_links":{"self":[{"href":"https:\/\/intrastat.statistics.sk\/Intrastat\/wp-json\/wp\/v2\/pages\/1232","targetHints":{"allow":["GET"]}}],"collection":[{"href":"https:\/\/intrastat.statistics.sk\/Intrastat\/wp-json\/wp\/v2\/pages"}],"about":[{"href":"https:\/\/intrastat.statistics.sk\/Intrastat\/wp-json\/wp\/v2\/types\/page"}],"author":[{"embeddable":true,"href":"https:\/\/intrastat.statistics.sk\/Intrastat\/wp-json\/wp\/v2\/users\/6"}],"replies":[{"embeddable":true,"href":"https:\/\/intrastat.statistics.sk\/Intrastat\/wp-json\/wp\/v2\/comments?post=1232"}],"version-history":[{"count":19,"href":"https:\/\/intrastat.statistics.sk\/Intrastat\/wp-json\/wp\/v2\/pages\/1232\/revisions"}],"predecessor-version":[{"id":2382,"href":"https:\/\/intrastat.statistics.sk\/Intrastat\/wp-json\/wp\/v2\/pages\/1232\/revisions\/2382"}],"wp:attachment":[{"href":"https:\/\/intrastat.statistics.sk\/Intrastat\/wp-json\/wp\/v2\/media?parent=1232"}],"curies":[{"name":"wp","href":"https:\/\/api.w.org\/{rel}","templated":true}]}}