{"id":121,"date":"2021-04-19T12:52:39","date_gmt":"2021-04-19T10:52:39","guid":{"rendered":"https:\/\/intrastat.statistics.sk\/Intrastat?page_id=121"},"modified":"2021-06-29T10:17:35","modified_gmt":"2021-06-29T08:17:35","slug":"vyhlasenie-o-cookies","status":"publish","type":"page","link":"https:\/\/intrastat.statistics.sk\/Intrastat\/vyhlasenie-o-cookies\/","title":{"rendered":"Vyhl\u00e1senie o cookies"},"content":{"rendered":"<section class=\"l-section wpb_row height_small\" id=\"content\"><div class=\"l-section-h i-cf\"><div class=\"g-cols vc_row via_grid cols_1 laptops-cols_inherit tablets-cols_inherit mobiles-cols_1 valign_top type_default stacking_default\"><div class=\"wpb_column vc_column_container\"><div class=\"vc_column-inner\"><div class=\"wpb_text_column\"><div class=\"wpb_wrapper\"><h2 id=\"section1\">Vyhl\u00e1senie o cookies<\/h2>\n<\/div><\/div><\/div><\/div><\/div><\/div><\/section><section class=\"l-section wpb_row height_small\"><div class=\"l-section-h i-cf\"><div class=\"g-cols vc_row via_grid cols_2-1 laptops-cols_inherit tablets-cols_inherit mobiles-cols_1 valign_top type_default stacking_default\"><div class=\"wpb_column vc_column_container\"><div class=\"vc_column-inner\"><div class=\"g-cols wpb_row us_custom_b682140e via_grid cols_1 laptops-cols_inherit tablets-cols_inherit mobiles-cols_1 valign_top type_default stacking_default\"><div class=\"wpb_column vc_column_container\"><div class=\"vc_column-inner\"><div class=\"wpb_text_column first-h\"><div class=\"wpb_wrapper\"><h3 id=\"section2\">\u010co s\u00fa cookies?<\/h3>\n<p>Cookies s\u00fa mal\u00e9 textov\u00e9 s\u00fabory zasielan\u00e9 a ulo\u017een\u00e9 v\u00a0zariaden\u00ed (po\u010d\u00edta\u010d, tablet, smartf\u00f3n), z ktor\u00e9ho sa u\u017e\u00edvate\u013e prip\u00e1ja na internet a vstupuje na webov\u00e9 str\u00e1nky port\u00e1lu \u0160tatistick\u00e9ho \u00faradu SR (\u0160\u00da SR). Tieto s\u00fabory s\u00fa ve\u013emi u\u017eito\u010dn\u00e9, preto\u017ee umo\u017e\u0148uj\u00fa str\u00e1nku rozpozna\u0165 pod\u013ea preferenci\u00ed u\u017e\u00edvate\u013ea. Ke\u010f nav\u0161t\u00edvite webov\u00fa str\u00e1nku na tom istom zariaden\u00ed, s\u00fabor cookie nazna\u010duje napr\u00edklad, \u017ee ste opakovan\u00fdm n\u00e1v\u0161tevn\u00edkom. Pou\u017e\u00edvan\u00edm port\u00e1lu \u0160U SR s\u00fahlas\u00edte s ukladan\u00edm a pou\u017e\u00edvan\u00edm cookies.<\/p>\n<\/div><\/div><div class=\"wpb_text_column\"><div class=\"wpb_wrapper\"><h3 id=\"section3\">Ako \u0160\u00da SR vyu\u017e\u00edva cookies?<\/h3>\n<p>\u0160\u00da SR pou\u017e\u00edv\u00e1 s\u00fabory cookies pre identifik\u00e1ciu po\u010d\u00edta\u010da a\u00a0sledovanie sp\u00f4sobu ak\u00fdm u\u017e\u00edvatelia prezeraj\u00fa port\u00e1l \u0160\u00da SR. To umo\u017e\u0148uje zdokona\u013eova\u0165 na\u0161e webov\u00e9 str\u00e1nky a\u00a0lep\u0161ie ich prisp\u00f4sobi\u0165 potreb\u00e1m u\u017e\u00edvate\u013eov port\u00e1lu. \u0160\u00da SR nepou\u017e\u00edv\u00e1 s\u00fabory cookies pre reklamn\u00e9 kampane. S\u00fabory cookies nezah\u0155\u0148aj\u00fa \u017eiadne osobn\u00e9 \u00fadaje a\u00a0nie je mo\u017en\u00e9 V\u00e1s prostredn\u00edctvom nich identifikova\u0165 na webov\u00fdch str\u00e1nkach tret\u00edch str\u00e1n.<\/p>\n<p>\u0160\u00da SR pou\u017e\u00edva na svojich webov\u00fdch str\u00e1nkach nasledovn\u00e9 typy s\u00faborov cookies:<\/p>\n<ul>\n<li><strong>nevyhnutn\u00e9 t.j. z\u00e1kladn\u00e9 a funk\u010dn\u00e9 s\u00fabory cookies:<\/strong> Tieto s\u00fabory cookies s\u00fa nevyhnutn\u00e9 pre z\u00e1kladn\u00fa prev\u00e1dzku webovej str\u00e1nky. Bez t\u00fdchto cookies nie je mo\u017en\u00e9 zabezpe\u010dova\u0165 riadnu prev\u00e1dzku str\u00e1nky. Funk\u010dn\u00e9 s\u00fabory cookies si pam\u00e4taj\u00fa vo\u013ebu pou\u017e\u00edvate\u013ea vykonan\u00fa na webov\u00fdch str\u00e1nkach a sl\u00fa\u017eia na zlep\u0161enie u\u017e\u00edvate\u013esk\u00e9ho komfortu. Ide napr\u00edklad o zapam\u00e4tanie nastaven\u00ed zvolen\u00fdch pri predch\u00e1dzaj\u00facej n\u00e1v\u0161teve webovej str\u00e1nky, napr. v\u00fdber jazyka,<\/li>\n<li><strong>cookies tret\u00edch str\u00e1n:<\/strong> Tieto s\u00fabory cookies s\u00fa vytvoren\u00e9 tret\u00edmi stranami, m\u00f4\u017eu by\u0165 ukladan\u00e9 na serveroch tret\u00edch str\u00e1n a nepodliehaj\u00fa na\u0161ej kontrole. Patria sem analytick\u00e9 cookies Google Analytics, ktor\u00e9 predstavuj\u00fa analytick\u00fd n\u00e1stroj, ktor\u00fd ukladan\u00edm inform\u00e1ci\u00ed do s\u00faborov cookie umo\u017e\u0148uje generova\u0165 \u0161tatistick\u00e9 v\u00fdstupy o n\u00e1v\u0161tevnosti na\u0161ich webstr\u00e1nok. T\u00e1to funkcionalita nie je nevyhnut\u00e1 pre prehliadanie a sl\u00fa\u017ei na monitoring prev\u00e1dzky webovej lokality a jej zlep\u0161ovanie. Viac inform\u00e1ci\u00ed o s\u00faboroch cookie slu\u017eby Google Analytics n\u00e1jdete na odkaze <a href=\"https:\/\/policies.google.com\/technologies\/cookies?hl=en-US\">https:\/\/policies.google.com\/technologies\/cookies?hl=en-US\u00a0<i class=\"far fa-angle-double-right\"><\/i><\/a>.<\/li>\n<\/ul>\n<p>Ak port\u00e1l \u0160U SR nav\u0161t\u00edvite opakovane, v\u010faka cookies sa pripoj\u00edte r\u00fdchlej\u0161ie. Okrem toho v\u00e1s str\u00e1nka &#8222;spozn\u00e1&#8220; a pon\u00fakne v\u00e1m inform\u00e1cie, ktor\u00e9 preferujete alebo v\u00e1m umo\u017en\u00ed vstup resp. pon\u00fakne doplnenie \u00fadajov vyplnen\u00fdch pri predch\u00e1dzaj\u00facich n\u00e1v\u0161tev\u00e1ch web port\u00e1lu \u0160U SR.<\/p>\n<\/div><\/div><div class=\"wpb_text_column\"><div class=\"wpb_wrapper\"><h3 id=\"section4\">Ako kontrolova\u0165 s\u00fabory cookies?<\/h3>\n<p>S\u00fabory cookies m\u00f4\u017eete\u00a0<strong>zmeni\u0165 alebo zmaza\u0165<\/strong>\u00a0pod\u013ea uv\u00e1\u017eenia \u2013 podrobnosti si pozrite na str\u00e1nke\u00a0<a href=\"http:\/\/www.aboutcookies.org\/\">www.aboutcookies.org\u00a0<i class=\"far fa-angle-double-right\"><\/i><\/a>.\u00a0M\u00f4\u017eete vymaza\u0165 v\u0161etky s\u00fabory cookies ulo\u017een\u00e9 vo va\u0161om zariaden\u00ed a v\u00e4\u010d\u0161inu prehliada\u010dov m\u00f4\u017eete nastavi\u0165 tak, aby ste im znemo\u017enili ich ukladanie. V takomto pr\u00edpade v\u0161ak pravdepodobne budete musie\u0165 pri ka\u017edej n\u00e1v\u0161teve webovej lokality manu\u00e1lne upravova\u0165 niektor\u00e9 nastavenia a niektor\u00e9 slu\u017eby a funkcie nebud\u00fa fungova\u0165.<\/p>\n<\/div><\/div><\/div><\/div><\/div><\/div><\/div><div class=\"wpb_column vc_column_container us_custom_243ec60c sidebar-column type_sticky\"><div class=\"vc_column-inner\" style=\"top:10rem\"><div class=\"g-cols wpb_row us_custom_d4073570 via_grid cols_1 laptops-cols_inherit tablets-cols_inherit mobiles-cols_1 valign_top type_default stacking_default\"><div class=\"wpb_column vc_column_container us_custom_b6a72ce1\"><div class=\"vc_column-inner\"><section class=\"l-section wpb_row us_custom_b6a72ce1 height_small\"><div class=\"l-section-h i-cf\"><div class=\"g-cols vc_row via_grid cols_1 laptops-cols_inherit tablets-cols_inherit mobiles-cols_1 valign_top type_default stacking_default\"><div class=\"wpb_column vc_column_container\"><div class=\"vc_column-inner\"><div class=\"wpb_text_column us_custom_e3150f4d sidebar\"><div class=\"wpb_wrapper\"><h3>Ak chcete polo\u017ei\u0165 ot\u00e1zku, vyu\u017eite formul\u00e1r R\u00fdchla ot\u00e1zka.<\/h3>\n<\/div><\/div><div class=\"w-popup us_custom_5f3f91d4 sidebar w-btn-wrapper align_none\"><button class=\"w-popup-trigger type_btn w-btn us-btn-style_2\"><span class=\"w-btn-label\">R\u00fdchla ot\u00e1zka<\/span><\/button><div class=\"w-popup-overlay\" style=\"background:rgba(0,0,0,0.85);\"><\/div><div class=\"w-popup-wrap\" style=\"--title-color:var(--color-content-heading);--title-bg-color:var(--color-content-bg-alt);--content-color:var(--color-content-text);--content-bg-color:var(--color-content-bg)\"><div class=\"w-popup-box animation_fadeIn closerpos_outside with_title\" style=\"width:600px;\"><div class=\"w-popup-box-h\"><div class=\"w-popup-box-title\">R\u00fdchla ot\u00e1zka<\/div><div class=\"w-popup-box-content\" style=\"padding:5%;\"><p>V\u0161etky polia s\u00fa povinn\u00e9.<\/p>\n<div class=\"wpcf7 no-js\" id=\"wpcf7-f148-o1\" lang=\"sk-SK\" dir=\"ltr\">\n<div class=\"screen-reader-response\"><p role=\"status\" aria-live=\"polite\" aria-atomic=\"true\"><\/p> <ul><\/ul><\/div>\n<form action=\"\/Intrastat\/wp-json\/wp\/v2\/pages\/121#wpcf7-f148-o1\" method=\"post\" class=\"wpcf7-form init\" aria-label=\"Contact form\" novalidate=\"novalidate\" data-status=\"init\">\n<div style=\"display: none;\">\n<input type=\"hidden\" name=\"_wpcf7\" value=\"148\" \/>\n<input type=\"hidden\" name=\"_wpcf7_version\" value=\"5.7.7\" \/>\n<input type=\"hidden\" name=\"_wpcf7_locale\" value=\"sk_SK\" \/>\n<input type=\"hidden\" name=\"_wpcf7_unit_tag\" value=\"wpcf7-f148-o1\" \/>\n<input type=\"hidden\" name=\"_wpcf7_container_post\" value=\"0\" \/>\n<input type=\"hidden\" name=\"_wpcf7_posted_data_hash\" value=\"\" \/>\n<input type=\"hidden\" name=\"_wpcf7_recaptcha_response\" value=\"\" \/>\n<\/div>\n<p><label>I\u010c DPH spolo\u010dnosti:<br \/>\n<span class=\"wpcf7-form-control-wrap\" data-name=\"company-id\"><input size=\"40\" class=\"wpcf7-form-control wpcf7-text wpcf7-validates-as-required\" aria-required=\"true\" aria-invalid=\"false\" value=\"\" type=\"text\" name=\"company-id\" \/><\/span> <\/label>\n<\/p>\n<p><label>N\u00e1zov spolo\u010dnosti:<br \/>\n<span class=\"wpcf7-form-control-wrap\" data-name=\"company-name\"><input size=\"40\" class=\"wpcf7-form-control wpcf7-text wpcf7-validates-as-required\" aria-required=\"true\" aria-invalid=\"false\" value=\"\" type=\"text\" name=\"company-name\" \/><\/span> <\/label>\n<\/p>\n<p><label>Telef\u00f3n:<br \/>\n<span class=\"wpcf7-form-control-wrap\" data-name=\"tel-number\"><input size=\"40\" class=\"wpcf7-form-control wpcf7-text wpcf7-tel wpcf7-validates-as-required wpcf7-validates-as-tel\" aria-required=\"true\" aria-invalid=\"false\" value=\"\" type=\"tel\" name=\"tel-number\" \/><\/span> <\/label>\n<\/p>\n<p><label> E-mail:<br \/>\n<span class=\"wpcf7-form-control-wrap\" data-name=\"email\"><input size=\"40\" class=\"wpcf7-form-control wpcf7-text wpcf7-email wpcf7-validates-as-required wpcf7-validates-as-email\" aria-required=\"true\" aria-invalid=\"false\" value=\"\" type=\"email\" name=\"email\" \/><\/span> <\/label>\n<\/p>\n<p><label>Meno:<br \/>\n<span class=\"wpcf7-form-control-wrap\" data-name=\"firstname\"><input size=\"40\" class=\"wpcf7-form-control wpcf7-text wpcf7-validates-as-required\" aria-required=\"true\" aria-invalid=\"false\" value=\"\" type=\"text\" name=\"firstname\" \/><\/span> <\/label>\n<\/p>\n<p><label>Priezvisko:<br \/>\n<span class=\"wpcf7-form-control-wrap\" data-name=\"surname\"><input size=\"40\" class=\"wpcf7-form-control wpcf7-text wpcf7-validates-as-required\" aria-required=\"true\" aria-invalid=\"false\" value=\"\" type=\"text\" name=\"surname\" \/><\/span> <\/label>\n<\/p>\n<p><label>Ot\u00e1zka:<br \/>\n<span class=\"wpcf7-form-control-wrap\" data-name=\"message\"><textarea cols=\"40\" rows=\"10\" class=\"wpcf7-form-control wpcf7-textarea wpcf7-validates-as-required\" aria-required=\"true\" aria-invalid=\"false\" name=\"message\"><\/textarea><\/span> <\/label>\n<\/p>\n<p><span class=\"wpcf7-form-control-wrap\" data-name=\"acceptance-662\"><span class=\"wpcf7-form-control wpcf7-acceptance\"><span class=\"wpcf7-list-item\"><label><input type=\"checkbox\" name=\"acceptance-662\" value=\"1\" aria-invalid=\"false\" \/><span class=\"wpcf7-list-item-label\">S\u00fahlas\u00edm so spracovan\u00edm osobn\u00fdch \u00fadajov v zmysle z\u00e1sad <a href=\"https:\/\/intrastat.statistics.sk\/Intrastat\/ochrana-osobnych-udajov\/\">ochrany osobn\u00fdch \u00fadajov<\/a>.<\/span><\/label><\/span><\/span><\/span>\n<\/p>\n<p>T\u00e1to str\u00e1nka je chr\u00e1nen\u00e1 protokolom reCAPTCHA a platia <a href=\"https:\/\/policies.google.com\/privacy\" target=\"_blank\">pravidl\u00e1 ochrany osobn\u00fdch \u00fadajov<\/a> a <a href=\"https:\/\/policies.google.com\/terms\" target=\"_blank\">zmluvn\u00e9 podmienky<\/a> spolo\u010dnosti Google.\n<\/p>\n<p><input class=\"wpcf7-form-control has-spinner wpcf7-submit\" type=\"submit\" value=\"Odosla\u0165\" \/>\n<\/p><div class=\"wpcf7-response-output\" aria-hidden=\"true\"><\/div>\n<\/form>\n<\/div>\n<\/div><\/div><\/div><div class=\"w-popup-closer\"><\/div><\/div><\/div><div class=\"wpb_text_column us_custom_347c5f03 sidebar has_text_color\"><div class=\"wpb_wrapper\"><p>Formul\u00e1r nesl\u00fa\u017ei na registr\u00e1ciu spravodajskej jednotky, zru\u0161enie spravodajskej povinnosti a ozn\u00e1menie zmien spravodajskej jednotky.<\/p>\n<\/div><\/div><\/div><\/div><\/div><\/div><\/section>\n<\/div><\/div><\/div><\/div><\/div><\/div><\/div><\/section>\n","protected":false},"excerpt":{"rendered":"Vyhl\u00e1senie o cookies \u010co s\u00fa cookies? Cookies s\u00fa mal\u00e9 textov\u00e9 s\u00fabory zasielan\u00e9 a ulo\u017een\u00e9 v\u00a0zariaden\u00ed (po\u010d\u00edta\u010d, tablet, smartf\u00f3n), z ktor\u00e9ho sa u\u017e\u00edvate\u013e prip\u00e1ja na internet a vstupuje na webov\u00e9 str\u00e1nky port\u00e1lu \u0160tatistick\u00e9ho \u00faradu SR (\u0160\u00da SR). Tieto s\u00fabory s\u00fa ve\u013emi u\u017eito\u010dn\u00e9, preto\u017ee umo\u017e\u0148uj\u00fa str\u00e1nku rozpozna\u0165 pod\u013ea preferenci\u00ed u\u017e\u00edvate\u013ea. Ke\u010f nav\u0161t\u00edvite webov\u00fa str\u00e1nku na tom istom...","protected":false},"author":6,"featured_media":0,"parent":0,"menu_order":0,"comment_status":"closed","ping_status":"closed","template":"","meta":{"om_disable_all_campaigns":false,"_exactmetrics_skip_tracking":false,"_exactmetrics_sitenote_active":false,"_exactmetrics_sitenote_note":"","_exactmetrics_sitenote_category":0,"_uf_show_specific_survey":0,"_uf_disable_surveys":false,"footnotes":""},"class_list":["post-121","page","type-page","status-publish","hentry"],"aioseo_notices":[],"_links":{"self":[{"href":"https:\/\/intrastat.statistics.sk\/Intrastat\/wp-json\/wp\/v2\/pages\/121","targetHints":{"allow":["GET"]}}],"collection":[{"href":"https:\/\/intrastat.statistics.sk\/Intrastat\/wp-json\/wp\/v2\/pages"}],"about":[{"href":"https:\/\/intrastat.statistics.sk\/Intrastat\/wp-json\/wp\/v2\/types\/page"}],"author":[{"embeddable":true,"href":"https:\/\/intrastat.statistics.sk\/Intrastat\/wp-json\/wp\/v2\/users\/6"}],"replies":[{"embeddable":true,"href":"https:\/\/intrastat.statistics.sk\/Intrastat\/wp-json\/wp\/v2\/comments?post=121"}],"version-history":[{"count":20,"href":"https:\/\/intrastat.statistics.sk\/Intrastat\/wp-json\/wp\/v2\/pages\/121\/revisions"}],"predecessor-version":[{"id":1077,"href":"https:\/\/intrastat.statistics.sk\/Intrastat\/wp-json\/wp\/v2\/pages\/121\/revisions\/1077"}],"wp:attachment":[{"href":"https:\/\/intrastat.statistics.sk\/Intrastat\/wp-json\/wp\/v2\/media?parent=121"}],"curies":[{"name":"wp","href":"https:\/\/api.w.org\/{rel}","templated":true}]}}