{"id":107,"date":"2021-04-19T10:08:51","date_gmt":"2021-04-19T08:08:51","guid":{"rendered":"https:\/\/intrastat.statistics.sk\/Intrastat?page_id=107"},"modified":"2021-07-14T10:04:38","modified_gmt":"2021-07-14T08:04:38","slug":"vyhlasenie-o-pristupnosti","status":"publish","type":"page","link":"https:\/\/intrastat.statistics.sk\/Intrastat\/vyhlasenie-o-pristupnosti\/","title":{"rendered":"Vyhl\u00e1senie o pr\u00edstupnosti"},"content":{"rendered":"<section class=\"l-section wpb_row height_small\" id=\"content\"><div class=\"l-section-h i-cf\"><div class=\"g-cols vc_row via_grid cols_1 laptops-cols_inherit tablets-cols_inherit mobiles-cols_1 valign_top type_default stacking_default\"><div class=\"wpb_column vc_column_container\"><div class=\"vc_column-inner\"><div class=\"wpb_text_column\"><div class=\"wpb_wrapper\"><h2>Vyhl\u00e1senie o pr\u00edstupnosti<\/h2>\n<\/div><\/div><\/div><\/div><\/div><\/div><\/section><section class=\"l-section wpb_row height_small\"><div class=\"l-section-h i-cf\"><div class=\"g-cols vc_row via_grid cols_2-1 laptops-cols_inherit tablets-cols_inherit mobiles-cols_1 valign_top type_default stacking_default\"><div class=\"wpb_column vc_column_container\"><div class=\"vc_column-inner\"><div class=\"g-cols wpb_row us_custom_b682140e via_grid cols_1 laptops-cols_inherit tablets-cols_inherit mobiles-cols_1 valign_top type_default stacking_default\"><div class=\"wpb_column vc_column_container\"><div class=\"vc_column-inner\"><div class=\"wpb_text_column\"><div class=\"wpb_wrapper\"><p>\u0160tatistick\u00fd \u00farad Slovenskej republiky m\u00e1 z\u00e1ujem zabezpe\u010di\u0165 pr\u00edstupnos\u0165 svojho webov\u00e9ho s\u00eddla v s\u00falade so z\u00e1konom \u010d. 95\/2019 Z. z. o informa\u010dn\u00fdch technol\u00f3gi\u00e1ch vo verejnej spr\u00e1ve a pr\u00edslu\u0161n\u00fdmi vykon\u00e1vac\u00edmi predpismi v rozsahu podmienok pod\u013ea smernice (E\u00da) 2016\/2012.<\/p>\n<p>Toto vyhl\u00e1senie o pr\u00edstupnosti sa vz\u0165ahuje na webov\u00e9 s\u00eddlo <a href=\"https:\/\/intrastat.statistics.sk\">https:\/\/intrastat.statistics.sk<\/a>.<\/p>\n<\/div><\/div><div class=\"wpb_text_column\"><div class=\"wpb_wrapper\"><h3 id=\"section1\">Stav s\u00faladu<\/h3>\n<p>Toto webov\u00e9 s\u00eddlo je v \u010diasto\u010dnom s\u00falade so z\u00e1konom \u010d. 95\/2019 Z. z. o informa\u010dn\u00fdch technol\u00f3gi\u00e1ch vo verejnej spr\u00e1ve a pr\u00edslu\u0161n\u00fdmi vykon\u00e1vac\u00edmi predpismi v rozsahu podmienok pod\u013ea smernice (E\u00da) 2016\/2012 vzh\u013eadom na prvky nes\u00faladu uveden\u00e9 ni\u017e\u0161ie.<\/p>\n<\/div><\/div><div class=\"wpb_text_column\"><div class=\"wpb_wrapper\"><h3 id=\"section2\">Nepr\u00edstupn\u00fd obsah<\/h3>\n<p>Obsah uveden\u00fd ni\u017e\u0161ie nie je pr\u00edstupn\u00fd z t\u00fdchto d\u00f4vodov:<\/p>\n<ol>\n<li>Nes\u00falad so smernicou (E\u00da) 2016\/2012 o pr\u00edstupnosti webov\u00fdch s\u00eddel a mobiln\u00fdch aplik\u00e1ci\u00ed subjektov verejn\u00e9ho sektora:\n<ul class=\"base\">\n<li>Mapa nem\u00e1 textov\u00fa alternat\u00edvu. [Krit\u00e9rium \u00faspe\u0161nosti 1.1.1 Netextov\u00fd obsah]<\/li>\n<li>Niektor\u00e9 odkazy nemaj\u00fa jednozna\u010dn\u00fd \u00fa\u010del. [Krit\u00e9rium \u00faspe\u0161nosti 2.4.4 \u00da\u010del odkazu]<\/li>\n<li>Vstupn\u00e9 pole pre vyh\u013ead\u00e1vanie nem\u00e1 label. [Krit\u00e9rium \u00faspe\u0161nosti 3.3.2 Menovky alebo pokyny]<\/li>\n<li>Formul\u00e1r s vyh\u013ead\u00e1van\u00edm neobsahuje tla\u010didlo na odoslanie. [Krit\u00e9rium \u00faspe\u0161nosti 3.3.2 Menovky alebo pokyny]<\/li>\n<\/ul>\n<\/li>\n<li>Nes\u00falad so slovensk\u00fdmi v\u0161eobecne z\u00e1v\u00e4zn\u00fdmi pr\u00e1vnymi predpismi, upravuj\u00facimi \u0161tandardy t\u00fdkaj\u00face sa pr\u00edstupnosti webov\u00fdch s\u00eddel a mobiln\u00fdch aplik\u00e1cii:\n<ul>\n<li>Na str\u00e1nkach, ktor\u00e9 zverej\u0148uj\u00fa povinne zverej\u0148ovan\u00e9 inform\u00e1cie pod\u013ea osobitn\u00fdch predpisov, nie je uveden\u00fd d\u00e1tum vytvorenia str\u00e1nky a d\u00e1tum poslednej aktualiz\u00e1cie. [\u00a715 p\u00eds. k) vyhl\u00e1\u0161ky UPVII \u010d. 78\/2020 o \u0161tandardoch pre informa\u010dn\u00e9 technol\u00f3gie verejnej spr\u00e1vy]<\/li>\n<\/ul>\n<\/li>\n<\/ol>\n<\/div><\/div><div class=\"wpb_text_column\"><div class=\"wpb_wrapper\"><h3 id=\"section3\">Vypracovanie tohto vyhl\u00e1senia o pr\u00edstupnosti<\/h3>\n<p>Toto vyhl\u00e1senie bolo vypracovan\u00e9 14. 7. 2021.<\/p>\n<p>Vyhodnotenie s\u00faladu webov\u00e9ho s\u00eddla s po\u017eiadavkami z\u00e1kona \u010d. 95\/2019 Z. z. o informa\u010dn\u00fdch technol\u00f3gi\u00e1ch vo verejnej spr\u00e1ve a pr\u00edslu\u0161n\u00fdmi vykon\u00e1vac\u00edmi predpismi v rozsahu podmienok pod\u013ea smernice (E\u00da) 2016\/2012 bolo vykonan\u00e9 samohodnoten\u00edm.<\/p>\n<p>Vyhl\u00e1senie bolo naposledy skontrolovan\u00e9 14. 7. 2021.<\/p>\n<\/div><\/div><div class=\"wpb_text_column\"><div class=\"wpb_wrapper\"><h3 id=\"section4\">Sp\u00e4tn\u00e1 v\u00e4zba a kontaktn\u00e9 inform\u00e1cie<\/h3>\n<p>V pr\u00edpade ak\u00fdchko\u013evek probl\u00e9mov s pr\u00edstupnos\u0165ou webov\u00e9ho s\u00eddla n\u00e1s, pros\u00edm, kontaktujte na e-mailovej adrese: <a href=\"mailto:portal@statistics.sk\">portal@statistics.sk<\/a>. Spr\u00e1vcom a prev\u00e1dzkovate\u013eom webov\u00e9ho s\u00eddla je \u0160tatistick\u00fd \u00farad Slovenskej republiky.<\/p>\n<\/div><\/div><div class=\"wpb_text_column\"><div class=\"wpb_wrapper\"><h3 id=\"section5\">Vynucovacie konanie<\/h3>\n<p>V pr\u00edpade neuspokojiv\u00fdch odpoved\u00ed na podnety alebo \u017eiadosti zaslan\u00e9 v r\u00e1mci sp\u00e4tnej v\u00e4zby subjektu verejn\u00e9ho sektora v s\u00falade s \u010dl. 7 ods. 1 p\u00edsm. b) smernice Eur\u00f3pskeho parlamentu sa m\u00f4\u017eete obr\u00e1ti\u0165 v r\u00e1mci vynucovacieho konania na subjekt poveren\u00fd presadzovan\u00edm Smernice, ktor\u00fdm je Ministerstvo invest\u00edci\u00ed, region\u00e1lneho rozvoja a informatiz\u00e1cie Slovenskej republiky na e-mailovej adrese: <a href=\"mailto:standard@vicepremier.gov.sk\">standard@vicepremier.gov.sk<\/a>.<\/p>\n<\/div><\/div><\/div><\/div><\/div><\/div><\/div><div class=\"wpb_column vc_column_container us_custom_243ec60c sidebar-column type_sticky\"><div class=\"vc_column-inner\"><div class=\"g-cols wpb_row us_custom_d4073570 via_grid cols_1 laptops-cols_inherit tablets-cols_inherit mobiles-cols_1 valign_top type_default stacking_default\"><div class=\"wpb_column vc_column_container us_custom_b6a72ce1\"><div class=\"vc_column-inner\"><section class=\"l-section wpb_row us_custom_b6a72ce1 height_small\"><div class=\"l-section-h i-cf\"><div class=\"g-cols vc_row via_grid cols_1 laptops-cols_inherit tablets-cols_inherit mobiles-cols_1 valign_top type_default stacking_default\"><div class=\"wpb_column vc_column_container\"><div class=\"vc_column-inner\"><div class=\"wpb_text_column us_custom_e3150f4d sidebar\"><div class=\"wpb_wrapper\"><h3>Ak chcete polo\u017ei\u0165 ot\u00e1zku, vyu\u017eite formul\u00e1r R\u00fdchla ot\u00e1zka.<\/h3>\n<\/div><\/div><div class=\"w-popup us_custom_5f3f91d4 sidebar w-btn-wrapper align_none\"><button class=\"w-popup-trigger type_btn w-btn us-btn-style_2\"><span class=\"w-btn-label\">R\u00fdchla ot\u00e1zka<\/span><\/button><div class=\"w-popup-overlay\" style=\"background:rgba(0,0,0,0.85);\"><\/div><div class=\"w-popup-wrap\" style=\"--title-color:var(--color-content-heading);--title-bg-color:var(--color-content-bg-alt);--content-color:var(--color-content-text);--content-bg-color:var(--color-content-bg)\"><div class=\"w-popup-box animation_fadeIn closerpos_outside with_title\" style=\"width:600px;\"><div class=\"w-popup-box-h\"><div class=\"w-popup-box-title\">R\u00fdchla ot\u00e1zka<\/div><div class=\"w-popup-box-content\" style=\"padding:5%;\"><p>V\u0161etky polia s\u00fa povinn\u00e9.<\/p>\n<div class=\"wpcf7 no-js\" id=\"wpcf7-f148-o1\" lang=\"sk-SK\" dir=\"ltr\">\n<div class=\"screen-reader-response\"><p role=\"status\" aria-live=\"polite\" aria-atomic=\"true\"><\/p> <ul><\/ul><\/div>\n<form action=\"\/Intrastat\/wp-json\/wp\/v2\/pages\/107#wpcf7-f148-o1\" method=\"post\" class=\"wpcf7-form init\" aria-label=\"Contact form\" novalidate=\"novalidate\" data-status=\"init\">\n<div style=\"display: none;\">\n<input type=\"hidden\" name=\"_wpcf7\" value=\"148\" \/>\n<input type=\"hidden\" name=\"_wpcf7_version\" value=\"5.7.7\" \/>\n<input type=\"hidden\" name=\"_wpcf7_locale\" value=\"sk_SK\" \/>\n<input type=\"hidden\" name=\"_wpcf7_unit_tag\" value=\"wpcf7-f148-o1\" \/>\n<input type=\"hidden\" name=\"_wpcf7_container_post\" value=\"0\" \/>\n<input type=\"hidden\" name=\"_wpcf7_posted_data_hash\" value=\"\" \/>\n<input type=\"hidden\" name=\"_wpcf7_recaptcha_response\" value=\"\" \/>\n<\/div>\n<p><label>I\u010c DPH spolo\u010dnosti:<br \/>\n<span class=\"wpcf7-form-control-wrap\" data-name=\"company-id\"><input size=\"40\" class=\"wpcf7-form-control wpcf7-text wpcf7-validates-as-required\" aria-required=\"true\" aria-invalid=\"false\" value=\"\" type=\"text\" name=\"company-id\" \/><\/span> <\/label>\n<\/p>\n<p><label>N\u00e1zov spolo\u010dnosti:<br \/>\n<span class=\"wpcf7-form-control-wrap\" data-name=\"company-name\"><input size=\"40\" class=\"wpcf7-form-control wpcf7-text wpcf7-validates-as-required\" aria-required=\"true\" aria-invalid=\"false\" value=\"\" type=\"text\" name=\"company-name\" \/><\/span> <\/label>\n<\/p>\n<p><label>Telef\u00f3n:<br \/>\n<span class=\"wpcf7-form-control-wrap\" data-name=\"tel-number\"><input size=\"40\" class=\"wpcf7-form-control wpcf7-text wpcf7-tel wpcf7-validates-as-required wpcf7-validates-as-tel\" aria-required=\"true\" aria-invalid=\"false\" value=\"\" type=\"tel\" name=\"tel-number\" \/><\/span> <\/label>\n<\/p>\n<p><label> E-mail:<br \/>\n<span class=\"wpcf7-form-control-wrap\" data-name=\"email\"><input size=\"40\" class=\"wpcf7-form-control wpcf7-text wpcf7-email wpcf7-validates-as-required wpcf7-validates-as-email\" aria-required=\"true\" aria-invalid=\"false\" value=\"\" type=\"email\" name=\"email\" \/><\/span> <\/label>\n<\/p>\n<p><label>Meno:<br \/>\n<span class=\"wpcf7-form-control-wrap\" data-name=\"firstname\"><input size=\"40\" class=\"wpcf7-form-control wpcf7-text wpcf7-validates-as-required\" aria-required=\"true\" aria-invalid=\"false\" value=\"\" type=\"text\" name=\"firstname\" \/><\/span> <\/label>\n<\/p>\n<p><label>Priezvisko:<br \/>\n<span class=\"wpcf7-form-control-wrap\" data-name=\"surname\"><input size=\"40\" class=\"wpcf7-form-control wpcf7-text wpcf7-validates-as-required\" aria-required=\"true\" aria-invalid=\"false\" value=\"\" type=\"text\" name=\"surname\" \/><\/span> <\/label>\n<\/p>\n<p><label>Ot\u00e1zka:<br \/>\n<span class=\"wpcf7-form-control-wrap\" data-name=\"message\"><textarea cols=\"40\" rows=\"10\" class=\"wpcf7-form-control wpcf7-textarea wpcf7-validates-as-required\" aria-required=\"true\" aria-invalid=\"false\" name=\"message\"><\/textarea><\/span> <\/label>\n<\/p>\n<p><span class=\"wpcf7-form-control-wrap\" data-name=\"acceptance-662\"><span class=\"wpcf7-form-control wpcf7-acceptance\"><span class=\"wpcf7-list-item\"><label><input type=\"checkbox\" name=\"acceptance-662\" value=\"1\" aria-invalid=\"false\" \/><span class=\"wpcf7-list-item-label\">S\u00fahlas\u00edm so spracovan\u00edm osobn\u00fdch \u00fadajov v zmysle z\u00e1sad <a href=\"https:\/\/intrastat.statistics.sk\/Intrastat\/ochrana-osobnych-udajov\/\">ochrany osobn\u00fdch \u00fadajov<\/a>.<\/span><\/label><\/span><\/span><\/span>\n<\/p>\n<p>T\u00e1to str\u00e1nka je chr\u00e1nen\u00e1 protokolom reCAPTCHA a platia <a href=\"https:\/\/policies.google.com\/privacy\" target=\"_blank\">pravidl\u00e1 ochrany osobn\u00fdch \u00fadajov<\/a> a <a href=\"https:\/\/policies.google.com\/terms\" target=\"_blank\">zmluvn\u00e9 podmienky<\/a> spolo\u010dnosti Google.\n<\/p>\n<p><input class=\"wpcf7-form-control has-spinner wpcf7-submit\" type=\"submit\" value=\"Odosla\u0165\" \/>\n<\/p><div class=\"wpcf7-response-output\" aria-hidden=\"true\"><\/div>\n<\/form>\n<\/div>\n<\/div><\/div><\/div><div class=\"w-popup-closer\"><\/div><\/div><\/div><div class=\"wpb_text_column us_custom_347c5f03 sidebar has_text_color\"><div class=\"wpb_wrapper\"><p>Formul\u00e1r nesl\u00fa\u017ei na registr\u00e1ciu spravodajskej jednotky, zru\u0161enie spravodajskej povinnosti a ozn\u00e1menie zmien spravodajskej jednotky.<\/p>\n<\/div><\/div><\/div><\/div><\/div><\/div><\/section>\n<\/div><\/div><\/div><\/div><\/div><\/div><\/div><\/section>\n","protected":false},"excerpt":{"rendered":"Vyhl\u00e1senie o pr\u00edstupnosti \u0160tatistick\u00fd \u00farad Slovenskej republiky m\u00e1 z\u00e1ujem zabezpe\u010di\u0165 pr\u00edstupnos\u0165 svojho webov\u00e9ho s\u00eddla v s\u00falade so z\u00e1konom \u010d. 95\/2019 Z. z. o informa\u010dn\u00fdch technol\u00f3gi\u00e1ch vo verejnej spr\u00e1ve a pr\u00edslu\u0161n\u00fdmi vykon\u00e1vac\u00edmi predpismi v rozsahu podmienok pod\u013ea smernice (E\u00da) 2016\/2012. Toto vyhl\u00e1senie o pr\u00edstupnosti sa vz\u0165ahuje na webov\u00e9 s\u00eddlo https:\/\/intrastat.statistics.sk. Stav s\u00faladu Toto webov\u00e9 s\u00eddlo je...","protected":false},"author":6,"featured_media":0,"parent":0,"menu_order":0,"comment_status":"closed","ping_status":"closed","template":"","meta":{"om_disable_all_campaigns":false,"_exactmetrics_skip_tracking":false,"_exactmetrics_sitenote_active":false,"_exactmetrics_sitenote_note":"","_exactmetrics_sitenote_category":0,"_uf_show_specific_survey":0,"_uf_disable_surveys":false,"footnotes":""},"class_list":["post-107","page","type-page","status-publish","hentry"],"aioseo_notices":[],"_links":{"self":[{"href":"https:\/\/intrastat.statistics.sk\/Intrastat\/wp-json\/wp\/v2\/pages\/107","targetHints":{"allow":["GET"]}}],"collection":[{"href":"https:\/\/intrastat.statistics.sk\/Intrastat\/wp-json\/wp\/v2\/pages"}],"about":[{"href":"https:\/\/intrastat.statistics.sk\/Intrastat\/wp-json\/wp\/v2\/types\/page"}],"author":[{"embeddable":true,"href":"https:\/\/intrastat.statistics.sk\/Intrastat\/wp-json\/wp\/v2\/users\/6"}],"replies":[{"embeddable":true,"href":"https:\/\/intrastat.statistics.sk\/Intrastat\/wp-json\/wp\/v2\/comments?post=107"}],"version-history":[{"count":14,"href":"https:\/\/intrastat.statistics.sk\/Intrastat\/wp-json\/wp\/v2\/pages\/107\/revisions"}],"predecessor-version":[{"id":1171,"href":"https:\/\/intrastat.statistics.sk\/Intrastat\/wp-json\/wp\/v2\/pages\/107\/revisions\/1171"}],"wp:attachment":[{"href":"https:\/\/intrastat.statistics.sk\/Intrastat\/wp-json\/wp\/v2\/media?parent=107"}],"curies":[{"name":"wp","href":"https:\/\/api.w.org\/{rel}","templated":true}]}}